{"id":124,"date":"2024-04-04T18:10:59","date_gmt":"2024-04-04T16:10:59","guid":{"rendered":"https:\/\/oleonagre.fr\/ferme\/?page_id=124"},"modified":"2024-04-04T18:11:30","modified_gmt":"2024-04-04T16:11:30","slug":"lhuile-donagre-en-therapie","status":"publish","type":"page","link":"https:\/\/oleonagre.fr\/ferme\/lhuile-donagre-en-therapie\/","title":{"rendered":"L&rsquo;huile d&rsquo;onagre en th\u00e9rapie"},"content":{"rendered":"\t\t<div data-elementor-type=\"wp-page\" data-elementor-id=\"124\" class=\"elementor elementor-124\">\n\t\t\t\t<div class=\"elementor-element elementor-element-3c27d042 e-flex e-con-boxed e-con e-parent\" data-id=\"3c27d042\" data-element_type=\"container\" data-e-type=\"container\">\n\t\t\t\t\t<div class=\"e-con-inner\">\n\t\t\t\t<div class=\"elementor-element elementor-element-285c714a elementor-widget elementor-widget-text-editor\" data-id=\"285c714a\" data-element_type=\"widget\" data-e-type=\"widget\" data-widget_type=\"text-editor.default\">\n\t\t\t\t<div class=\"elementor-widget-container\">\n\t\t\t\t\t\t\t\t\t<u>Th\u00e9rapie et apports de l&rsquo;huile d&rsquo;onagre<\/u> :<p><\/p>\n<p>\n\t\t\t\t&nbsp;\n\t\t\t<\/p>\n<div class=\"entry-content\">\n<p>\n\t\t\t\t\tLes propri\u00e9t\u00e9s th\u00e9rapeutiques de l&rsquo;huile d&rsquo;onagre sont dues \u00e0 sa grande richesse en acides gras essentiels, et surtout l&rsquo;acide gamma-linol\u00e9nique.\n\t\t\t\t<\/p>\n<p>\n\t\t\t\t\tCes acides gras dits essentiels (A.G.E.) sont absolument indispensables \u00e0 l&rsquo;organisme, qui est incapable de les synth\u00e9tiser, et qu&rsquo;il faut n\u00e9cessairement trouver \u00e0 la mani\u00e8re des vitamines, dans l&rsquo;alimentation.\n\t\t\t\t<\/p>\n<p>\n\t\t\t\t\tLes A.G.E. \u00e9tant indispensables \u00e0 la vie m\u00eame de la cellule, et \u00e0 un tr\u00e8s grand nombre de r\u00e9actions biochimiques, leur carence peut entra\u00eener des troubles vari\u00e9s. Toutes les recherches entreprises aboutissent aux m\u00eame conclusions : l&rsquo;acide gamma contenu en grande quantit\u00e9 dans l&rsquo;huile d&rsquo;onagre, favorise la synth\u00e8se des prostaglandines E1 (PGE1), dont l&rsquo;importance a \u00e9t\u00e9 de plus en plus v\u00e9rifi\u00e9e des derni\u00e8res ann\u00e9es. On les trouve dans tous les organes et tissus o\u00f9 elles exercent une fonction de r\u00e9gulation en contr\u00f4lant l&rsquo;action de plusieurs enzymes fondamentaux.\n\t\t\t\t<\/p>\n<p>\n\t\t\t\t\tOn peut associer de la vitamine E \u00e0 l&rsquo;huile d&rsquo;onagre pour \u00e9viter la formation de radicaux libres(bl\u00e9 germ\u00e9, germe de bl\u00e9 en paillettes.)\n\t\t\t\t<\/p>\t\t\t\t\t\t\t\t<\/div>\n\t\t\t\t<\/div>\n\t\t\t\t\t<\/div>\n\t\t\t\t<\/div>\n\t\t\t\t<\/div>\n\t\t","protected":false},"excerpt":{"rendered":"<p>Th\u00e9rapie et apports de l&rsquo;huile d&rsquo;onagre : &nbsp; Les propri\u00e9t\u00e9s th\u00e9rapeutiques de l&rsquo;huile d&rsquo;onagre sont dues \u00e0 sa grande richesse [&hellip;]<\/p>\n","protected":false},"author":1,"featured_media":0,"parent":0,"menu_order":0,"comment_status":"closed","ping_status":"open","template":"","meta":{"site-sidebar-layout":"default","site-content-layout":"","ast-site-content-layout":"default","site-content-style":"default","site-sidebar-style":"default","ast-global-header-display":"","ast-banner-title-visibility":"","ast-main-header-display":"","ast-hfb-above-header-display":"","ast-hfb-below-header-display":"","ast-hfb-mobile-header-display":"","site-post-title":"","ast-breadcrumbs-content":"","ast-featured-img":"","footer-sml-layout":"","ast-disable-related-posts":"","theme-transparent-header-meta":"","adv-header-id-meta":"","stick-header-meta":"","header-above-stick-meta":"","header-main-stick-meta":"","header-below-stick-meta":"","astra-migrate-meta-layouts":"default","ast-page-background-enabled":"default","ast-page-background-meta":{"desktop":{"background-color":"var(--ast-global-color-4)","background-image":"","background-repeat":"repeat","background-position":"center center","background-size":"auto","background-attachment":"scroll","background-type":"","background-media":"","overlay-type":"","overlay-color":"","overlay-opacity":"","overlay-gradient":""},"tablet":{"background-color":"","background-image":"","background-repeat":"repeat","background-position":"center center","background-size":"auto","background-attachment":"scroll","background-type":"","background-media":"","overlay-type":"","overlay-color":"","overlay-opacity":"","overlay-gradient":""},"mobile":{"background-color":"","background-image":"","background-repeat":"repeat","background-position":"center center","background-size":"auto","background-attachment":"scroll","background-type":"","background-media":"","overlay-type":"","overlay-color":"","overlay-opacity":"","overlay-gradient":""}},"ast-content-background-meta":{"desktop":{"background-color":"var(--ast-global-color-5)","background-image":"","background-repeat":"repeat","background-position":"center center","background-size":"auto","background-attachment":"scroll","background-type":"","background-media":"","overlay-type":"","overlay-color":"","overlay-opacity":"","overlay-gradient":""},"tablet":{"background-color":"var(--ast-global-color-5)","background-image":"","background-repeat":"repeat","background-position":"center center","background-size":"auto","background-attachment":"scroll","background-type":"","background-media":"","overlay-type":"","overlay-color":"","overlay-opacity":"","overlay-gradient":""},"mobile":{"background-color":"var(--ast-global-color-5)","background-image":"","background-repeat":"repeat","background-position":"center center","background-size":"auto","background-attachment":"scroll","background-type":"","background-media":"","overlay-type":"","overlay-color":"","overlay-opacity":"","overlay-gradient":""}},"footnotes":""},"class_list":["post-124","page","type-page","status-publish","hentry"],"yoast_head":"<!-- This site is optimized with the Yoast SEO plugin v27.3 - https:\/\/yoast.com\/product\/yoast-seo-wordpress\/ -->\n<title>L&#039;huile d&#039;onagre en th\u00e9rapie - Huile d&#039;onagre biologique - Huile de bourrache biologique -Ol\u00e9onagre<\/title>\n<meta name=\"robots\" content=\"index, follow, max-snippet:-1, max-image-preview:large, max-video-preview:-1\" \/>\n<link rel=\"canonical\" href=\"https:\/\/oleonagre.fr\/ferme\/lhuile-donagre-en-therapie\/\" \/>\n<meta property=\"og:locale\" content=\"fr_FR\" \/>\n<meta property=\"og:type\" content=\"article\" \/>\n<meta property=\"og:title\" content=\"L&#039;huile d&#039;onagre en th\u00e9rapie - Huile d&#039;onagre biologique - Huile de bourrache biologique -Ol\u00e9onagre\" \/>\n<meta property=\"og:description\" content=\"Th\u00e9rapie et apports de l&rsquo;huile d&rsquo;onagre : &nbsp; Les propri\u00e9t\u00e9s th\u00e9rapeutiques de l&rsquo;huile d&rsquo;onagre sont dues \u00e0 sa grande richesse [&hellip;]\" \/>\n<meta property=\"og:url\" content=\"https:\/\/oleonagre.fr\/ferme\/lhuile-donagre-en-therapie\/\" \/>\n<meta property=\"og:site_name\" content=\"Huile d&#039;onagre biologique - Huile de bourrache biologique -Ol\u00e9onagre\" \/>\n<meta property=\"article:modified_time\" content=\"2024-04-04T16:11:30+00:00\" \/>\n<meta name=\"twitter:card\" content=\"summary_large_image\" \/>\n<meta name=\"twitter:label1\" content=\"Dur\u00e9e de lecture estim\u00e9e\" \/>\n\t<meta name=\"twitter:data1\" content=\"1 minute\" \/>\n<script type=\"application\/ld+json\" class=\"yoast-schema-graph\">{\"@context\":\"https:\\\/\\\/schema.org\",\"@graph\":[{\"@type\":\"WebPage\",\"@id\":\"https:\\\/\\\/oleonagre.fr\\\/ferme\\\/lhuile-donagre-en-therapie\\\/\",\"url\":\"https:\\\/\\\/oleonagre.fr\\\/ferme\\\/lhuile-donagre-en-therapie\\\/\",\"name\":\"L'huile d'onagre en th\u00e9rapie - Huile d&#039;onagre biologique - Huile de bourrache biologique -Ol\u00e9onagre\",\"isPartOf\":{\"@id\":\"https:\\\/\\\/oleonagre.fr\\\/ferme\\\/#website\"},\"datePublished\":\"2024-04-04T16:10:59+00:00\",\"dateModified\":\"2024-04-04T16:11:30+00:00\",\"breadcrumb\":{\"@id\":\"https:\\\/\\\/oleonagre.fr\\\/ferme\\\/lhuile-donagre-en-therapie\\\/#breadcrumb\"},\"inLanguage\":\"fr-FR\",\"potentialAction\":[{\"@type\":\"ReadAction\",\"target\":[\"https:\\\/\\\/oleonagre.fr\\\/ferme\\\/lhuile-donagre-en-therapie\\\/\"]}]},{\"@type\":\"BreadcrumbList\",\"@id\":\"https:\\\/\\\/oleonagre.fr\\\/ferme\\\/lhuile-donagre-en-therapie\\\/#breadcrumb\",\"itemListElement\":[{\"@type\":\"ListItem\",\"position\":1,\"name\":\"Home\",\"item\":\"https:\\\/\\\/oleonagre.fr\\\/ferme\\\/\"},{\"@type\":\"ListItem\",\"position\":2,\"name\":\"L&rsquo;huile d&rsquo;onagre en th\u00e9rapie\"}]},{\"@type\":\"WebSite\",\"@id\":\"https:\\\/\\\/oleonagre.fr\\\/ferme\\\/#website\",\"url\":\"https:\\\/\\\/oleonagre.fr\\\/ferme\\\/\",\"name\":\"Ol\u00e9onagre - Huile d'onagre biologique\",\"description\":\"Huile d&#039;onagre biologique, Huile de bourrache biologique\",\"potentialAction\":[{\"@type\":\"SearchAction\",\"target\":{\"@type\":\"EntryPoint\",\"urlTemplate\":\"https:\\\/\\\/oleonagre.fr\\\/ferme\\\/?s={search_term_string}\"},\"query-input\":{\"@type\":\"PropertyValueSpecification\",\"valueRequired\":true,\"valueName\":\"search_term_string\"}}],\"inLanguage\":\"fr-FR\"}]}<\/script>\n<!-- \/ Yoast SEO plugin. -->","yoast_head_json":{"title":"L'huile d'onagre en th\u00e9rapie - Huile d&#039;onagre biologique - Huile de bourrache biologique -Ol\u00e9onagre","robots":{"index":"index","follow":"follow","max-snippet":"max-snippet:-1","max-image-preview":"max-image-preview:large","max-video-preview":"max-video-preview:-1"},"canonical":"https:\/\/oleonagre.fr\/ferme\/lhuile-donagre-en-therapie\/","og_locale":"fr_FR","og_type":"article","og_title":"L'huile d'onagre en th\u00e9rapie - Huile d&#039;onagre biologique - Huile de bourrache biologique -Ol\u00e9onagre","og_description":"Th\u00e9rapie et apports de l&rsquo;huile d&rsquo;onagre : &nbsp; Les propri\u00e9t\u00e9s th\u00e9rapeutiques de l&rsquo;huile d&rsquo;onagre sont dues \u00e0 sa grande richesse [&hellip;]","og_url":"https:\/\/oleonagre.fr\/ferme\/lhuile-donagre-en-therapie\/","og_site_name":"Huile d&#039;onagre biologique - Huile de bourrache biologique -Ol\u00e9onagre","article_modified_time":"2024-04-04T16:11:30+00:00","twitter_card":"summary_large_image","twitter_misc":{"Dur\u00e9e de lecture estim\u00e9e":"1 minute"},"schema":{"@context":"https:\/\/schema.org","@graph":[{"@type":"WebPage","@id":"https:\/\/oleonagre.fr\/ferme\/lhuile-donagre-en-therapie\/","url":"https:\/\/oleonagre.fr\/ferme\/lhuile-donagre-en-therapie\/","name":"L'huile d'onagre en th\u00e9rapie - Huile d&#039;onagre biologique - Huile de bourrache biologique -Ol\u00e9onagre","isPartOf":{"@id":"https:\/\/oleonagre.fr\/ferme\/#website"},"datePublished":"2024-04-04T16:10:59+00:00","dateModified":"2024-04-04T16:11:30+00:00","breadcrumb":{"@id":"https:\/\/oleonagre.fr\/ferme\/lhuile-donagre-en-therapie\/#breadcrumb"},"inLanguage":"fr-FR","potentialAction":[{"@type":"ReadAction","target":["https:\/\/oleonagre.fr\/ferme\/lhuile-donagre-en-therapie\/"]}]},{"@type":"BreadcrumbList","@id":"https:\/\/oleonagre.fr\/ferme\/lhuile-donagre-en-therapie\/#breadcrumb","itemListElement":[{"@type":"ListItem","position":1,"name":"Home","item":"https:\/\/oleonagre.fr\/ferme\/"},{"@type":"ListItem","position":2,"name":"L&rsquo;huile d&rsquo;onagre en th\u00e9rapie"}]},{"@type":"WebSite","@id":"https:\/\/oleonagre.fr\/ferme\/#website","url":"https:\/\/oleonagre.fr\/ferme\/","name":"Ol\u00e9onagre - Huile d'onagre biologique","description":"Huile d&#039;onagre biologique, Huile de bourrache biologique","potentialAction":[{"@type":"SearchAction","target":{"@type":"EntryPoint","urlTemplate":"https:\/\/oleonagre.fr\/ferme\/?s={search_term_string}"},"query-input":{"@type":"PropertyValueSpecification","valueRequired":true,"valueName":"search_term_string"}}],"inLanguage":"fr-FR"}]}},"_links":{"self":[{"href":"https:\/\/oleonagre.fr\/ferme\/wp-json\/wp\/v2\/pages\/124","targetHints":{"allow":["GET"]}}],"collection":[{"href":"https:\/\/oleonagre.fr\/ferme\/wp-json\/wp\/v2\/pages"}],"about":[{"href":"https:\/\/oleonagre.fr\/ferme\/wp-json\/wp\/v2\/types\/page"}],"author":[{"embeddable":true,"href":"https:\/\/oleonagre.fr\/ferme\/wp-json\/wp\/v2\/users\/1"}],"replies":[{"embeddable":true,"href":"https:\/\/oleonagre.fr\/ferme\/wp-json\/wp\/v2\/comments?post=124"}],"version-history":[{"count":3,"href":"https:\/\/oleonagre.fr\/ferme\/wp-json\/wp\/v2\/pages\/124\/revisions"}],"predecessor-version":[{"id":127,"href":"https:\/\/oleonagre.fr\/ferme\/wp-json\/wp\/v2\/pages\/124\/revisions\/127"}],"wp:attachment":[{"href":"https:\/\/oleonagre.fr\/ferme\/wp-json\/wp\/v2\/media?parent=124"}],"curies":[{"name":"wp","href":"https:\/\/api.w.org\/{rel}","templated":true}]}}