{"id":136,"date":"2024-04-04T18:26:39","date_gmt":"2024-04-04T16:26:39","guid":{"rendered":"https:\/\/oleonagre.fr\/ferme\/?page_id=136"},"modified":"2024-12-20T17:04:40","modified_gmt":"2024-12-20T16:04:40","slug":"la-culture","status":"publish","type":"page","link":"https:\/\/oleonagre.fr\/ferme\/la-culture\/","title":{"rendered":"La culture"},"content":{"rendered":"\t\t<div data-elementor-type=\"wp-page\" data-elementor-id=\"136\" class=\"elementor elementor-136\">\n\t\t\t\t<div class=\"elementor-element elementor-element-3c27d042 e-flex e-con-boxed e-con e-parent\" data-id=\"3c27d042\" data-element_type=\"container\" data-e-type=\"container\">\n\t\t\t\t\t<div class=\"e-con-inner\">\n\t\t\t\t<div class=\"elementor-element elementor-element-285c714a elementor-widget elementor-widget-text-editor\" data-id=\"285c714a\" data-element_type=\"widget\" data-e-type=\"widget\" data-widget_type=\"text-editor.default\">\n\t\t\t\t<div class=\"elementor-widget-container\">\n\t\t\t\t\t\t\t\t\t<p><img fetchpriority=\"high\" decoding=\"async\" class=\"alignleft size-medium wp-image-152\" src=\"https:\/\/oleonagre.fr\/ferme\/wp-content\/uploads\/2024\/04\/plantation_onagre-300x225.jpg\" alt=\"\" width=\"300\" height=\"225\" \/><img decoding=\"async\" class=\"alignleft size-medium wp-image-153\" src=\"https:\/\/oleonagre.fr\/ferme\/wp-content\/uploads\/2024\/04\/plantation_onagre2-225x300.jpg\" alt=\"\" width=\"225\" height=\"300\" \/><\/p><p>\u00a0<\/p><p>\u00a0<\/p><p>Depuis 1987, l&rsquo;onagre est cultiv\u00e9e dans la ferme de Crozefond sur des sols riches en humus et copieusement fertilis\u00e9s avec du compost pr\u00e9par\u00e9 \u00e0 la ferme et issu de notre troupeau. Ainsi, elle retrouve quasiment son milieu naturel.<\/p><p><span style=\"font-family: Verdana, Arial, Helvetica, sans-serif;\">Il existe de nombreuses vari\u00e9t\u00e9s d&rsquo;onagre. Nous cultivons principalement l&rsquo;une d&rsquo;elles, peu commune, produisant moins de graines, qui donne cependant une huile plus riche et d&rsquo;excellente qualit\u00e9\u00a0<\/span><\/p><p><span style=\"font-family: Verdana, Arial, Helvetica, sans-serif;\">\u00a0\u00a0\u00a0 <img decoding=\"async\" class=\"alignleft size-medium wp-image-154\" src=\"https:\/\/oleonagre.fr\/ferme\/wp-content\/uploads\/2024\/04\/champs-onagre-01-300x204.jpg\" alt=\"\" width=\"300\" height=\"204\" \/><\/span><\/p><p>\u00a0<\/p><p>\u00a0<\/p><p>\u00a0<\/p><p><b><span style=\"font-family: Verdana, Arial, Helvetica, sans-serif;\">La culture est tr\u00e8s <\/span><\/b><span style=\"font-family: Verdana, Arial, Helvetica, sans-serif;\">exigeante en soins durant les quelques mois suivant le semis, car cette plante na\u00eet minuscule et cro\u00eet lentement.<\/span><\/p><p>\u00a0<\/p><p><img loading=\"lazy\" decoding=\"async\" class=\"alignleft size-medium wp-image-155\" src=\"https:\/\/oleonagre.fr\/ferme\/wp-content\/uploads\/2024\/04\/onagre-photo-plants03-247x300.gif\" alt=\"\" width=\"247\" height=\"300\" \/><\/p><p>\u00a0<\/p><p><span style=\"color: #333333; font-family: Verdana, Arial, Helvetica, sans-serif;\">Le binage manuel \u00e9vite l&rsquo;envahissement des plantes adventices.<\/span><\/p>\t\t\t\t\t\t\t\t<\/div>\n\t\t\t\t<\/div>\n\t\t\t\t\t<\/div>\n\t\t\t\t<\/div>\n\t\t\t\t<\/div>\n\t\t","protected":false},"excerpt":{"rendered":"<p>\u00a0 \u00a0 Depuis 1987, l&rsquo;onagre est cultiv\u00e9e dans la ferme de Crozefond sur des sols riches en humus et copieusement [&hellip;]<\/p>\n","protected":false},"author":1,"featured_media":0,"parent":0,"menu_order":0,"comment_status":"closed","ping_status":"closed","template":"","meta":{"site-sidebar-layout":"default","site-content-layout":"","ast-site-content-layout":"default","site-content-style":"default","site-sidebar-style":"default","ast-global-header-display":"","ast-banner-title-visibility":"","ast-main-header-display":"","ast-hfb-above-header-display":"","ast-hfb-below-header-display":"","ast-hfb-mobile-header-display":"","site-post-title":"","ast-breadcrumbs-content":"","ast-featured-img":"","footer-sml-layout":"","ast-disable-related-posts":"","theme-transparent-header-meta":"","adv-header-id-meta":"","stick-header-meta":"","header-above-stick-meta":"","header-main-stick-meta":"","header-below-stick-meta":"","astra-migrate-meta-layouts":"default","ast-page-background-enabled":"default","ast-page-background-meta":{"desktop":{"background-color":"var(--ast-global-color-4)","background-image":"","background-repeat":"repeat","background-position":"center center","background-size":"auto","background-attachment":"scroll","background-type":"","background-media":"","overlay-type":"","overlay-color":"","overlay-opacity":"","overlay-gradient":""},"tablet":{"background-color":"","background-image":"","background-repeat":"repeat","background-position":"center center","background-size":"auto","background-attachment":"scroll","background-type":"","background-media":"","overlay-type":"","overlay-color":"","overlay-opacity":"","overlay-gradient":""},"mobile":{"background-color":"","background-image":"","background-repeat":"repeat","background-position":"center center","background-size":"auto","background-attachment":"scroll","background-type":"","background-media":"","overlay-type":"","overlay-color":"","overlay-opacity":"","overlay-gradient":""}},"ast-content-background-meta":{"desktop":{"background-color":"var(--ast-global-color-5)","background-image":"","background-repeat":"repeat","background-position":"center center","background-size":"auto","background-attachment":"scroll","background-type":"","background-media":"","overlay-type":"","overlay-color":"","overlay-opacity":"","overlay-gradient":""},"tablet":{"background-color":"var(--ast-global-color-5)","background-image":"","background-repeat":"repeat","background-position":"center center","background-size":"auto","background-attachment":"scroll","background-type":"","background-media":"","overlay-type":"","overlay-color":"","overlay-opacity":"","overlay-gradient":""},"mobile":{"background-color":"var(--ast-global-color-5)","background-image":"","background-repeat":"repeat","background-position":"center center","background-size":"auto","background-attachment":"scroll","background-type":"","background-media":"","overlay-type":"","overlay-color":"","overlay-opacity":"","overlay-gradient":""}},"footnotes":""},"class_list":["post-136","page","type-page","status-publish","hentry"],"yoast_head":"<!-- This site is optimized with the Yoast SEO plugin v27.3 - https:\/\/yoast.com\/product\/yoast-seo-wordpress\/ -->\n<title>La culture - Huile d&#039;onagre biologique - Huile de bourrache biologique -Ol\u00e9onagre<\/title>\n<meta name=\"robots\" content=\"index, follow, max-snippet:-1, max-image-preview:large, max-video-preview:-1\" \/>\n<link rel=\"canonical\" href=\"https:\/\/oleonagre.fr\/ferme\/la-culture\/\" \/>\n<meta property=\"og:locale\" content=\"fr_FR\" \/>\n<meta property=\"og:type\" content=\"article\" \/>\n<meta property=\"og:title\" content=\"La culture - Huile d&#039;onagre biologique - Huile de bourrache biologique -Ol\u00e9onagre\" \/>\n<meta property=\"og:description\" content=\"\u00a0 \u00a0 Depuis 1987, l&rsquo;onagre est cultiv\u00e9e dans la ferme de Crozefond sur des sols riches en humus et copieusement [&hellip;]\" \/>\n<meta property=\"og:url\" content=\"https:\/\/oleonagre.fr\/ferme\/la-culture\/\" \/>\n<meta property=\"og:site_name\" content=\"Huile d&#039;onagre biologique - Huile de bourrache biologique -Ol\u00e9onagre\" \/>\n<meta property=\"article:modified_time\" content=\"2024-12-20T16:04:40+00:00\" \/>\n<meta property=\"og:image\" content=\"https:\/\/oleonagre.fr\/ferme\/wp-content\/uploads\/2024\/04\/plantation_onagre-300x225.webp\" \/>\n<meta name=\"twitter:card\" content=\"summary_large_image\" \/>\n<meta name=\"twitter:label1\" content=\"Dur\u00e9e de lecture estim\u00e9e\" \/>\n\t<meta name=\"twitter:data1\" content=\"2 minutes\" \/>\n<script type=\"application\/ld+json\" class=\"yoast-schema-graph\">{\"@context\":\"https:\\\/\\\/schema.org\",\"@graph\":[{\"@type\":\"WebPage\",\"@id\":\"https:\\\/\\\/oleonagre.fr\\\/ferme\\\/la-culture\\\/\",\"url\":\"https:\\\/\\\/oleonagre.fr\\\/ferme\\\/la-culture\\\/\",\"name\":\"La culture - Huile d&#039;onagre biologique - Huile de bourrache biologique -Ol\u00e9onagre\",\"isPartOf\":{\"@id\":\"https:\\\/\\\/oleonagre.fr\\\/ferme\\\/#website\"},\"primaryImageOfPage\":{\"@id\":\"https:\\\/\\\/oleonagre.fr\\\/ferme\\\/la-culture\\\/#primaryimage\"},\"image\":{\"@id\":\"https:\\\/\\\/oleonagre.fr\\\/ferme\\\/la-culture\\\/#primaryimage\"},\"thumbnailUrl\":\"https:\\\/\\\/oleonagre.fr\\\/ferme\\\/wp-content\\\/uploads\\\/2024\\\/04\\\/plantation_onagre-300x225.webp\",\"datePublished\":\"2024-04-04T16:26:39+00:00\",\"dateModified\":\"2024-12-20T16:04:40+00:00\",\"breadcrumb\":{\"@id\":\"https:\\\/\\\/oleonagre.fr\\\/ferme\\\/la-culture\\\/#breadcrumb\"},\"inLanguage\":\"fr-FR\",\"potentialAction\":[{\"@type\":\"ReadAction\",\"target\":[\"https:\\\/\\\/oleonagre.fr\\\/ferme\\\/la-culture\\\/\"]}]},{\"@type\":\"ImageObject\",\"inLanguage\":\"fr-FR\",\"@id\":\"https:\\\/\\\/oleonagre.fr\\\/ferme\\\/la-culture\\\/#primaryimage\",\"url\":\"https:\\\/\\\/oleonagre.fr\\\/ferme\\\/wp-content\\\/uploads\\\/2024\\\/04\\\/plantation_onagre-300x225.webp\",\"contentUrl\":\"https:\\\/\\\/oleonagre.fr\\\/ferme\\\/wp-content\\\/uploads\\\/2024\\\/04\\\/plantation_onagre-300x225.webp\"},{\"@type\":\"BreadcrumbList\",\"@id\":\"https:\\\/\\\/oleonagre.fr\\\/ferme\\\/la-culture\\\/#breadcrumb\",\"itemListElement\":[{\"@type\":\"ListItem\",\"position\":1,\"name\":\"Home\",\"item\":\"https:\\\/\\\/oleonagre.fr\\\/ferme\\\/\"},{\"@type\":\"ListItem\",\"position\":2,\"name\":\"La culture\"}]},{\"@type\":\"WebSite\",\"@id\":\"https:\\\/\\\/oleonagre.fr\\\/ferme\\\/#website\",\"url\":\"https:\\\/\\\/oleonagre.fr\\\/ferme\\\/\",\"name\":\"Ol\u00e9onagre - Huile d'onagre biologique\",\"description\":\"Huile d&#039;onagre biologique, Huile de bourrache biologique\",\"potentialAction\":[{\"@type\":\"SearchAction\",\"target\":{\"@type\":\"EntryPoint\",\"urlTemplate\":\"https:\\\/\\\/oleonagre.fr\\\/ferme\\\/?s={search_term_string}\"},\"query-input\":{\"@type\":\"PropertyValueSpecification\",\"valueRequired\":true,\"valueName\":\"search_term_string\"}}],\"inLanguage\":\"fr-FR\"}]}<\/script>\n<!-- \/ Yoast SEO plugin. -->","yoast_head_json":{"title":"La culture - Huile d&#039;onagre biologique - Huile de bourrache biologique -Ol\u00e9onagre","robots":{"index":"index","follow":"follow","max-snippet":"max-snippet:-1","max-image-preview":"max-image-preview:large","max-video-preview":"max-video-preview:-1"},"canonical":"https:\/\/oleonagre.fr\/ferme\/la-culture\/","og_locale":"fr_FR","og_type":"article","og_title":"La culture - Huile d&#039;onagre biologique - Huile de bourrache biologique -Ol\u00e9onagre","og_description":"\u00a0 \u00a0 Depuis 1987, l&rsquo;onagre est cultiv\u00e9e dans la ferme de Crozefond sur des sols riches en humus et copieusement [&hellip;]","og_url":"https:\/\/oleonagre.fr\/ferme\/la-culture\/","og_site_name":"Huile d&#039;onagre biologique - Huile de bourrache biologique -Ol\u00e9onagre","article_modified_time":"2024-12-20T16:04:40+00:00","og_image":[{"url":"https:\/\/oleonagre.fr\/ferme\/wp-content\/uploads\/2024\/04\/plantation_onagre-300x225.webp","type":"","width":"","height":""}],"twitter_card":"summary_large_image","twitter_misc":{"Dur\u00e9e de lecture estim\u00e9e":"2 minutes"},"schema":{"@context":"https:\/\/schema.org","@graph":[{"@type":"WebPage","@id":"https:\/\/oleonagre.fr\/ferme\/la-culture\/","url":"https:\/\/oleonagre.fr\/ferme\/la-culture\/","name":"La culture - Huile d&#039;onagre biologique - Huile de bourrache biologique -Ol\u00e9onagre","isPartOf":{"@id":"https:\/\/oleonagre.fr\/ferme\/#website"},"primaryImageOfPage":{"@id":"https:\/\/oleonagre.fr\/ferme\/la-culture\/#primaryimage"},"image":{"@id":"https:\/\/oleonagre.fr\/ferme\/la-culture\/#primaryimage"},"thumbnailUrl":"https:\/\/oleonagre.fr\/ferme\/wp-content\/uploads\/2024\/04\/plantation_onagre-300x225.webp","datePublished":"2024-04-04T16:26:39+00:00","dateModified":"2024-12-20T16:04:40+00:00","breadcrumb":{"@id":"https:\/\/oleonagre.fr\/ferme\/la-culture\/#breadcrumb"},"inLanguage":"fr-FR","potentialAction":[{"@type":"ReadAction","target":["https:\/\/oleonagre.fr\/ferme\/la-culture\/"]}]},{"@type":"ImageObject","inLanguage":"fr-FR","@id":"https:\/\/oleonagre.fr\/ferme\/la-culture\/#primaryimage","url":"https:\/\/oleonagre.fr\/ferme\/wp-content\/uploads\/2024\/04\/plantation_onagre-300x225.webp","contentUrl":"https:\/\/oleonagre.fr\/ferme\/wp-content\/uploads\/2024\/04\/plantation_onagre-300x225.webp"},{"@type":"BreadcrumbList","@id":"https:\/\/oleonagre.fr\/ferme\/la-culture\/#breadcrumb","itemListElement":[{"@type":"ListItem","position":1,"name":"Home","item":"https:\/\/oleonagre.fr\/ferme\/"},{"@type":"ListItem","position":2,"name":"La culture"}]},{"@type":"WebSite","@id":"https:\/\/oleonagre.fr\/ferme\/#website","url":"https:\/\/oleonagre.fr\/ferme\/","name":"Ol\u00e9onagre - Huile d'onagre biologique","description":"Huile d&#039;onagre biologique, Huile de bourrache biologique","potentialAction":[{"@type":"SearchAction","target":{"@type":"EntryPoint","urlTemplate":"https:\/\/oleonagre.fr\/ferme\/?s={search_term_string}"},"query-input":{"@type":"PropertyValueSpecification","valueRequired":true,"valueName":"search_term_string"}}],"inLanguage":"fr-FR"}]}},"_links":{"self":[{"href":"https:\/\/oleonagre.fr\/ferme\/wp-json\/wp\/v2\/pages\/136","targetHints":{"allow":["GET"]}}],"collection":[{"href":"https:\/\/oleonagre.fr\/ferme\/wp-json\/wp\/v2\/pages"}],"about":[{"href":"https:\/\/oleonagre.fr\/ferme\/wp-json\/wp\/v2\/types\/page"}],"author":[{"embeddable":true,"href":"https:\/\/oleonagre.fr\/ferme\/wp-json\/wp\/v2\/users\/1"}],"replies":[{"embeddable":true,"href":"https:\/\/oleonagre.fr\/ferme\/wp-json\/wp\/v2\/comments?post=136"}],"version-history":[{"count":11,"href":"https:\/\/oleonagre.fr\/ferme\/wp-json\/wp\/v2\/pages\/136\/revisions"}],"predecessor-version":[{"id":810,"href":"https:\/\/oleonagre.fr\/ferme\/wp-json\/wp\/v2\/pages\/136\/revisions\/810"}],"wp:attachment":[{"href":"https:\/\/oleonagre.fr\/ferme\/wp-json\/wp\/v2\/media?parent=136"}],"curies":[{"name":"wp","href":"https:\/\/api.w.org\/{rel}","templated":true}]}}