{"id":151,"date":"2024-04-04T18:32:34","date_gmt":"2024-04-04T16:32:34","guid":{"rendered":"https:\/\/oleonagre.fr\/ferme\/?page_id=151"},"modified":"2024-12-20T17:05:01","modified_gmt":"2024-12-20T16:05:01","slug":"la-ferme","status":"publish","type":"page","link":"https:\/\/oleonagre.fr\/ferme\/la-ferme\/","title":{"rendered":"La ferme"},"content":{"rendered":"\t\t<div data-elementor-type=\"wp-page\" data-elementor-id=\"151\" class=\"elementor elementor-151\">\n\t\t\t\t<div class=\"elementor-element elementor-element-3c27d042 e-flex e-con-boxed e-con e-parent\" data-id=\"3c27d042\" data-element_type=\"container\" data-e-type=\"container\">\n\t\t\t\t\t<div class=\"e-con-inner\">\n\t\t\t\t<div class=\"elementor-element elementor-element-285c714a elementor-widget elementor-widget-text-editor\" data-id=\"285c714a\" data-element_type=\"widget\" data-e-type=\"widget\" data-widget_type=\"text-editor.default\">\n\t\t\t\t<div class=\"elementor-widget-container\">\n\t\t\t\t\t\t\t\t\t<p><img fetchpriority=\"high\" decoding=\"async\" class=\"alignleft size-medium wp-image-138\" src=\"https:\/\/oleonagre.fr\/ferme\/wp-content\/uploads\/2024\/04\/logo-definitif-fonce-sf-300x298.png\" alt=\"\" width=\"300\" height=\"298\" srcset=\"https:\/\/oleonagre.fr\/ferme\/wp-content\/uploads\/2024\/04\/logo-definitif-fonce-sf-300x298.png 300w, https:\/\/oleonagre.fr\/ferme\/wp-content\/uploads\/2024\/04\/logo-definitif-fonce-sf-100x100.png 100w, https:\/\/oleonagre.fr\/ferme\/wp-content\/uploads\/2024\/04\/logo-definitif-fonce-sf-600x597.png 600w, https:\/\/oleonagre.fr\/ferme\/wp-content\/uploads\/2024\/04\/logo-definitif-fonce-sf-150x150.png 150w, https:\/\/oleonagre.fr\/ferme\/wp-content\/uploads\/2024\/04\/logo-definitif-fonce-sf.png 693w\" sizes=\"(max-width: 300px) 100vw, 300px\" \/><\/p><p><img decoding=\"async\" class=\"alignleft size-full wp-image-139\" src=\"https:\/\/oleonagre.fr\/ferme\/wp-content\/uploads\/2024\/04\/champs-1-300x225-1.jpg\" alt=\"\" width=\"300\" height=\"225\" \/><\/p><p><img decoding=\"async\" class=\"alignleft size-medium wp-image-140\" src=\"https:\/\/oleonagre.fr\/ferme\/wp-content\/uploads\/2024\/04\/Ferme-troupeau-300x200.jpg\" alt=\"\" width=\"300\" height=\"200\" srcset=\"https:\/\/oleonagre.fr\/ferme\/wp-content\/uploads\/2024\/04\/Ferme-troupeau-300x200.jpg 300w, https:\/\/oleonagre.fr\/ferme\/wp-content\/uploads\/2024\/04\/Ferme-troupeau-600x400.jpg 600w, https:\/\/oleonagre.fr\/ferme\/wp-content\/uploads\/2024\/04\/Ferme-troupeau-1024x683.jpg 1024w, https:\/\/oleonagre.fr\/ferme\/wp-content\/uploads\/2024\/04\/Ferme-troupeau-768x512.jpg 768w, https:\/\/oleonagre.fr\/ferme\/wp-content\/uploads\/2024\/04\/Ferme-troupeau.jpg 1439w\" sizes=\"(max-width: 300px) 100vw, 300px\" \/>La ferme de Crozefond est en biologie depuis 1961. Cultures et transformations sont exempts de produits ou d\u2019additifs chimiques.<\/p><p>\u00a0<\/p><p>Nous nous sommes conform\u00e9s au cahier des charges de Nature et Progr\u00e8s jusqu\u2019en 1998, date \u00e0 laquelle nous avons cess\u00e9 d\u2019adh\u00e9rer \u00e0 cet organisme non certificateur.<\/p><p>\u00a0<\/p><p>La certification Ecocert et le logo AB sont des r\u00e9f\u00e9rences s\u00fbres en mati\u00e8res de garantie pour les produits biologiques en France.<\/p><p>\u00a0<\/p><p>La famille Pozzer s\u2019efforce depuis 3 g\u00e9n\u00e9rations \u00e0 une saine gestion de l\u2019environnement qui permettra une r\u00e9g\u00e9n\u00e9ration des \u00e9quilibres des \u00e9cosyst\u00e8mes.<\/p><p>\u00a0<\/p><p>Entreprise familiale par excellence, la Ferme de Crozefond est le fruit d\u2019une r\u00e9flexion o\u00f9 rien n\u2019a \u00e9t\u00e9 laiss\u00e9 au hasard. De la production jusqu\u2019\u00e0 la commercialisation, La famille Pozzer pr\u00e9sente un syst\u00e8me o\u00f9 tout en \u00e9tant polyvalent, chacun trouve sa place gr\u00e2ce \u00e0 une offre de produits diversifi\u00e9s et travaill\u00e9s de A \u00e0 Z.<\/p><p>\u00a0<\/p><p>L\u2019Agriculture biologique est le credo de la Ferme de Crozefond depuis maintenant 60 ans. Prenant la suite de leurs parents, Vincent, Luc et Nicolas POZZER p\u00e9rennisent ce choix tant en ce qui concerne le GAEC que leur SARL de transformation, accompagn\u00e9s en cela par leurs \u00e9pouses respectives.<\/p><p>\u00a0<\/p><p>Avec 68 ha en polyculture \u00e9levage, la ferme propose une large gamme de produits. Avec 40 laiti\u00e8res pour la production de lait nous fabriquons de la tome au lait cru, ainsi que du beurre. Parmi nos sp\u00e9cialit\u00e9s, nous proposons entre autres \u201d le Basil\u00e9\u201d, fromage auquel nous ajoutons du basilic et de l\u2019ail\u201d. 70 % du volume est commercialis\u00e9 par l\u2019interm\u00e9diaire de grossistes fromagers affineurs et un client allemand. Le reste fait l\u2019objet de ventes directes sur la ferme et sur les march\u00e9s biologiques, notamment \u00e0 Villeneuve sur Lot tous les mercredis matin, Place d\u2019Aquitaine et \u00e0 Bordeaux, Quai des Chartrons, tous les jeudis matins.<\/p><p>\u00a0<\/p><p>L\u2019\u00e9levage de porc est destin\u00e9 \u00e0 la fabrication de charcuteries traditionnelles commercialis\u00e9es en direct (boudins, jambons, saucisses, coppa, ventr\u00eache, r\u00f4tis, c\u00f4tes\u2026).<\/p><p>\u00a0<\/p><p>\u201cNotre objectif est de conserver l\u2019authenticit\u00e9 du go\u00fbt\u201d.<\/p><p>De fait, les cochons sont nourris avec les productions de la ferme (orge, bl\u00e9, triticale, pois, f\u00e8ves, tourteaux de soja biologique)\u201d.<\/p><p>\u00a0<\/p><p>Toujours dans le cadre de la valorisation des productions de la ferme, la famille Pozzer d\u00e9veloppe \u00e9galement une activit\u00e9 de p\u00e2tisserie et boulangerie. Ainsi, les g\u00e2teaux, tartes, cakes, cannel\u00e9s, sabl\u00e9s, quiches et m\u00eame p\u00e2tes fra\u00eeches aux tomates et aux orties sont confectionn\u00e9s \u00e0 base de beurre, lait, cr\u00e8me, farine produits sur place. Les produits compl\u00e9mentaires : \u0153ufs, semoule, sucre, fruits et fruits secs sont achet\u00e9s et issus de l\u2019agriculture biologique. \u201cPour les sp\u00e9cialit\u00e9s sal\u00e9es, nous cuisinons nos propres ratatouilles, piperades, sauces tomates avec les l\u00e9gumes du potager\u201d. Un four a \u00e9galement \u00e9t\u00e9 construit pour confectionner le pain au levain naturel. \u201cPour nous, le pain est un v\u00e9ritable produit noble, tant par sa qualit\u00e9 gustative que par sa tenue\u201d.<\/p><p>\u00a0<\/p><p><u><strong>SENSIBLES A LA BIO :<\/strong><\/u><\/p><p>D\u00e9sireux de ma\u00eetriser la qualit\u00e9 de leurs produits depuis la production jusqu\u2019au panier du consommateur, les Pozzer privil\u00e9gient les petites quantit\u00e9s.<\/p><p>\u00a0<\/p><p>Leur concept de transformation est d\u2019ailleurs largement appr\u00e9ci\u00e9 par leur client\u00e8le. \u201cCe sont en g\u00e9n\u00e9ral des gens motiv\u00e9s par une alimentation diff\u00e9rente, mais aussi curieux de conna\u00eetre le comment et le pourquoi\u201d.<\/p><p>\u00a0<\/p><p>A ce titre, une journ\u00e9e porte ouverte est organis\u00e9e chaque ann\u00e9e en septembre avec des visites et un repas sur le site. La cr\u00e9ation d\u2019un g\u00eete (voir photos ci-dessous), lou\u00e9 durant la p\u00e9riode estivale, proc\u00e8de de cette m\u00eame d\u00e9marche de faire partager une sensibilit\u00e9 et un certain climat. En bref, les touristes qui passent leurs vacances sur la Ferme de Crozefond s\u2019int\u00e9ressent de pr\u00e8s \u00e0 l\u2019agrobiologie. Quant \u00e0 l\u2019avenir, les Pozzer l\u2019imaginent dans ce contexte familial.<\/p><p>\u00a0<\/p><p>Au final l\u2019\u00e9quilibre est venu de la volont\u00e9 d\u2019une famille d\u2019\u0153uvrer ensemble et de la capacit\u00e9 \u00e0 se diversifier pour d\u00e9velopper une activit\u00e9 pour chacun.<\/p><p>\u00a0<\/p><p>\u00a0<\/p><p><span style=\"font-size: 18px;\"><strong>Ferme Bio\u00a0de Crozefond, 47150 SAINT AUBIN<\/strong><\/span><\/p><p><span style=\"font-size: 18px;\">T\u00e9l: 05.53.41.42.41 <\/span><\/p><p><span style=\"font-size: 18px;\">Courriel : <\/span><span style=\"font-size: 14px;\"><a href=\"https:\/\/web.archive.org\/web\/20230605225913\/mailto:fermebiodecrozefond@yahoo.fr\">fermebiodecrozefond@yahoo.fr<\/a><\/span><br \/>La boutique est ouverte tous les mardis et mercredis apr\u00e8s-midi.<\/p><p><img loading=\"lazy\" decoding=\"async\" class=\"alignleft size-medium wp-image-143\" src=\"https:\/\/oleonagre.fr\/ferme\/wp-content\/uploads\/2024\/04\/Image21-300x170.png\" alt=\"\" width=\"300\" height=\"170\" \/><\/p><p><img loading=\"lazy\" decoding=\"async\" class=\"alignleft size-medium wp-image-141\" src=\"https:\/\/oleonagre.fr\/ferme\/wp-content\/uploads\/2024\/04\/produits-ferme-226x300.jpg\" alt=\"\" width=\"226\" height=\"300\" srcset=\"https:\/\/oleonagre.fr\/ferme\/wp-content\/uploads\/2024\/04\/produits-ferme-226x300.jpg 226w, https:\/\/oleonagre.fr\/ferme\/wp-content\/uploads\/2024\/04\/produits-ferme-600x797.jpg 600w, https:\/\/oleonagre.fr\/ferme\/wp-content\/uploads\/2024\/04\/produits-ferme-771x1024.jpg 771w, https:\/\/oleonagre.fr\/ferme\/wp-content\/uploads\/2024\/04\/produits-ferme-768x1020.jpg 768w, https:\/\/oleonagre.fr\/ferme\/wp-content\/uploads\/2024\/04\/produits-ferme-1157x1536.jpg 1157w, https:\/\/oleonagre.fr\/ferme\/wp-content\/uploads\/2024\/04\/produits-ferme-1542x2048.jpg 1542w, https:\/\/oleonagre.fr\/ferme\/wp-content\/uploads\/2024\/04\/produits-ferme.jpg 1704w\" sizes=\"(max-width: 226px) 100vw, 226px\" \/><\/p><p><img loading=\"lazy\" decoding=\"async\" class=\"alignleft size-medium wp-image-142\" src=\"https:\/\/oleonagre.fr\/ferme\/wp-content\/uploads\/2024\/04\/Image14-300x185.png\" alt=\"\" width=\"300\" height=\"185\" \/><\/p><p>\u00a0<\/p><p>\u00a0<\/p><p>\u00a0<\/p><p>Ferme gite de Crozefond<\/p><div>\u00a0<\/div><div>\u00a0<\/div><div>\u00a0<\/div>\t\t\t\t\t\t\t\t<\/div>\n\t\t\t\t<\/div>\n\t\t\t\t\t<\/div>\n\t\t\t\t<\/div>\n\t\t<div class=\"elementor-element elementor-element-c34c588 e-flex e-con-boxed e-con e-parent\" data-id=\"c34c588\" data-element_type=\"container\" data-e-type=\"container\">\n\t\t\t\t\t<div class=\"e-con-inner\">\n\t\t\t\t<div class=\"elementor-element elementor-element-88c3d49 elementor-widget elementor-widget-text-editor\" data-id=\"88c3d49\" data-element_type=\"widget\" data-e-type=\"widget\" data-widget_type=\"text-editor.default\">\n\t\t\t\t<div class=\"elementor-widget-container\">\n\t\t\t\t\t\t\t\t\t<p>Ferme gite de Crozefond<\/p><p><img loading=\"lazy\" decoding=\"async\" class=\"alignleft size-medium wp-image-144\" src=\"https:\/\/oleonagre.fr\/ferme\/wp-content\/uploads\/2024\/04\/gite-300x225.jpg\" alt=\"\" width=\"300\" height=\"225\" \/><\/p>\t\t\t\t\t\t\t\t<\/div>\n\t\t\t\t<\/div>\n\t\t\t\t\t<\/div>\n\t\t\t\t<\/div>\n\t\t<div class=\"elementor-element elementor-element-dcda291 e-flex e-con-boxed e-con e-parent\" data-id=\"dcda291\" data-element_type=\"container\" data-e-type=\"container\">\n\t\t\t\t\t<div class=\"e-con-inner\">\n\t\t\t\t<div class=\"elementor-element elementor-element-b89c9bf elementor-widget elementor-widget-text-editor\" data-id=\"b89c9bf\" data-element_type=\"widget\" data-e-type=\"widget\" data-widget_type=\"text-editor.default\">\n\t\t\t\t<div class=\"elementor-widget-container\">\n\t\t\t\t\t\t\t\t\t<p>Produits frais de la ferme<img loading=\"lazy\" decoding=\"async\" class=\"alignleft size-medium wp-image-146\" src=\"https:\/\/oleonagre.fr\/ferme\/wp-content\/uploads\/2024\/04\/Image15-300x188.png\" alt=\"\" width=\"300\" height=\"188\" \/><img loading=\"lazy\" decoding=\"async\" class=\"alignleft size-medium wp-image-147\" src=\"https:\/\/oleonagre.fr\/ferme\/wp-content\/uploads\/2024\/04\/Image1-300x285.jpg\" alt=\"\" width=\"300\" height=\"285\" \/><\/p><p><img loading=\"lazy\" decoding=\"async\" class=\"alignleft size-medium wp-image-145\" src=\"https:\/\/oleonagre.fr\/ferme\/wp-content\/uploads\/2024\/04\/Image11-300x153.png\" alt=\"\" width=\"300\" height=\"153\" \/><\/p>\t\t\t\t\t\t\t\t<\/div>\n\t\t\t\t<\/div>\n\t\t\t\t\t<\/div>\n\t\t\t\t<\/div>\n\t\t\t\t<\/div>\n\t\t","protected":false},"excerpt":{"rendered":"<p>La ferme de Crozefond est en biologie depuis 1961. Cultures et transformations sont exempts de produits ou d\u2019additifs chimiques. \u00a0 [&hellip;]<\/p>\n","protected":false},"author":1,"featured_media":0,"parent":0,"menu_order":0,"comment_status":"closed","ping_status":"closed","template":"","meta":{"site-sidebar-layout":"default","site-content-layout":"","ast-site-content-layout":"default","site-content-style":"default","site-sidebar-style":"default","ast-global-header-display":"","ast-banner-title-visibility":"","ast-main-header-display":"","ast-hfb-above-header-display":"","ast-hfb-below-header-display":"","ast-hfb-mobile-header-display":"","site-post-title":"","ast-breadcrumbs-content":"","ast-featured-img":"","footer-sml-layout":"","ast-disable-related-posts":"","theme-transparent-header-meta":"","adv-header-id-meta":"","stick-header-meta":"","header-above-stick-meta":"","header-main-stick-meta":"","header-below-stick-meta":"","astra-migrate-meta-layouts":"default","ast-page-background-enabled":"default","ast-page-background-meta":{"desktop":{"background-color":"var(--ast-global-color-4)","background-image":"","background-repeat":"repeat","background-position":"center center","background-size":"auto","background-attachment":"scroll","background-type":"","background-media":"","overlay-type":"","overlay-color":"","overlay-opacity":"","overlay-gradient":""},"tablet":{"background-color":"","background-image":"","background-repeat":"repeat","background-position":"center center","background-size":"auto","background-attachment":"scroll","background-type":"","background-media":"","overlay-type":"","overlay-color":"","overlay-opacity":"","overlay-gradient":""},"mobile":{"background-color":"","background-image":"","background-repeat":"repeat","background-position":"center center","background-size":"auto","background-attachment":"scroll","background-type":"","background-media":"","overlay-type":"","overlay-color":"","overlay-opacity":"","overlay-gradient":""}},"ast-content-background-meta":{"desktop":{"background-color":"var(--ast-global-color-5)","background-image":"","background-repeat":"repeat","background-position":"center center","background-size":"auto","background-attachment":"scroll","background-type":"","background-media":"","overlay-type":"","overlay-color":"","overlay-opacity":"","overlay-gradient":""},"tablet":{"background-color":"var(--ast-global-color-5)","background-image":"","background-repeat":"repeat","background-position":"center center","background-size":"auto","background-attachment":"scroll","background-type":"","background-media":"","overlay-type":"","overlay-color":"","overlay-opacity":"","overlay-gradient":""},"mobile":{"background-color":"var(--ast-global-color-5)","background-image":"","background-repeat":"repeat","background-position":"center center","background-size":"auto","background-attachment":"scroll","background-type":"","background-media":"","overlay-type":"","overlay-color":"","overlay-opacity":"","overlay-gradient":""}},"footnotes":""},"class_list":["post-151","page","type-page","status-publish","hentry"],"yoast_head":"<!-- This site is optimized with the Yoast SEO plugin v27.3 - https:\/\/yoast.com\/product\/yoast-seo-wordpress\/ -->\n<title>La ferme - Huile d&#039;onagre biologique - Huile de bourrache biologique -Ol\u00e9onagre<\/title>\n<meta name=\"robots\" content=\"index, follow, max-snippet:-1, max-image-preview:large, max-video-preview:-1\" \/>\n<link rel=\"canonical\" href=\"https:\/\/oleonagre.fr\/ferme\/la-ferme\/\" \/>\n<meta property=\"og:locale\" content=\"fr_FR\" \/>\n<meta property=\"og:type\" content=\"article\" \/>\n<meta property=\"og:title\" content=\"La ferme - Huile d&#039;onagre biologique - Huile de bourrache biologique -Ol\u00e9onagre\" \/>\n<meta property=\"og:description\" content=\"La ferme de Crozefond est en biologie depuis 1961. Cultures et transformations sont exempts de produits ou d\u2019additifs chimiques. \u00a0 [&hellip;]\" \/>\n<meta property=\"og:url\" content=\"https:\/\/oleonagre.fr\/ferme\/la-ferme\/\" \/>\n<meta property=\"og:site_name\" content=\"Huile d&#039;onagre biologique - Huile de bourrache biologique -Ol\u00e9onagre\" \/>\n<meta property=\"article:modified_time\" content=\"2024-12-20T16:05:01+00:00\" \/>\n<meta property=\"og:image\" content=\"https:\/\/oleonagre.fr\/ferme\/wp-content\/uploads\/2024\/04\/logo-definitif-fonce-sf.png\" \/>\n\t<meta property=\"og:image:width\" content=\"693\" \/>\n\t<meta property=\"og:image:height\" content=\"689\" \/>\n\t<meta property=\"og:image:type\" content=\"image\/png\" \/>\n<meta name=\"twitter:card\" content=\"summary_large_image\" \/>\n<meta name=\"twitter:label1\" content=\"Dur\u00e9e de lecture estim\u00e9e\" \/>\n\t<meta name=\"twitter:data1\" content=\"6 minutes\" \/>\n<script type=\"application\/ld+json\" class=\"yoast-schema-graph\">{\"@context\":\"https:\\\/\\\/schema.org\",\"@graph\":[{\"@type\":\"WebPage\",\"@id\":\"https:\\\/\\\/oleonagre.fr\\\/ferme\\\/la-ferme\\\/\",\"url\":\"https:\\\/\\\/oleonagre.fr\\\/ferme\\\/la-ferme\\\/\",\"name\":\"La ferme - Huile d&#039;onagre biologique - Huile de bourrache biologique -Ol\u00e9onagre\",\"isPartOf\":{\"@id\":\"https:\\\/\\\/oleonagre.fr\\\/ferme\\\/#website\"},\"primaryImageOfPage\":{\"@id\":\"https:\\\/\\\/oleonagre.fr\\\/ferme\\\/la-ferme\\\/#primaryimage\"},\"image\":{\"@id\":\"https:\\\/\\\/oleonagre.fr\\\/ferme\\\/la-ferme\\\/#primaryimage\"},\"thumbnailUrl\":\"https:\\\/\\\/oleonagre.fr\\\/ferme\\\/wp-content\\\/uploads\\\/2024\\\/04\\\/logo-definitif-fonce-sf-300x298.png\",\"datePublished\":\"2024-04-04T16:32:34+00:00\",\"dateModified\":\"2024-12-20T16:05:01+00:00\",\"breadcrumb\":{\"@id\":\"https:\\\/\\\/oleonagre.fr\\\/ferme\\\/la-ferme\\\/#breadcrumb\"},\"inLanguage\":\"fr-FR\",\"potentialAction\":[{\"@type\":\"ReadAction\",\"target\":[\"https:\\\/\\\/oleonagre.fr\\\/ferme\\\/la-ferme\\\/\"]}]},{\"@type\":\"ImageObject\",\"inLanguage\":\"fr-FR\",\"@id\":\"https:\\\/\\\/oleonagre.fr\\\/ferme\\\/la-ferme\\\/#primaryimage\",\"url\":\"https:\\\/\\\/oleonagre.fr\\\/ferme\\\/wp-content\\\/uploads\\\/2024\\\/04\\\/logo-definitif-fonce-sf.png\",\"contentUrl\":\"https:\\\/\\\/oleonagre.fr\\\/ferme\\\/wp-content\\\/uploads\\\/2024\\\/04\\\/logo-definitif-fonce-sf.png\",\"width\":693,\"height\":689},{\"@type\":\"BreadcrumbList\",\"@id\":\"https:\\\/\\\/oleonagre.fr\\\/ferme\\\/la-ferme\\\/#breadcrumb\",\"itemListElement\":[{\"@type\":\"ListItem\",\"position\":1,\"name\":\"Home\",\"item\":\"https:\\\/\\\/oleonagre.fr\\\/ferme\\\/\"},{\"@type\":\"ListItem\",\"position\":2,\"name\":\"La ferme\"}]},{\"@type\":\"WebSite\",\"@id\":\"https:\\\/\\\/oleonagre.fr\\\/ferme\\\/#website\",\"url\":\"https:\\\/\\\/oleonagre.fr\\\/ferme\\\/\",\"name\":\"Ol\u00e9onagre - Huile d'onagre biologique\",\"description\":\"Huile d&#039;onagre biologique, Huile de bourrache biologique\",\"potentialAction\":[{\"@type\":\"SearchAction\",\"target\":{\"@type\":\"EntryPoint\",\"urlTemplate\":\"https:\\\/\\\/oleonagre.fr\\\/ferme\\\/?s={search_term_string}\"},\"query-input\":{\"@type\":\"PropertyValueSpecification\",\"valueRequired\":true,\"valueName\":\"search_term_string\"}}],\"inLanguage\":\"fr-FR\"}]}<\/script>\n<!-- \/ Yoast SEO plugin. -->","yoast_head_json":{"title":"La ferme - Huile d&#039;onagre biologique - Huile de bourrache biologique -Ol\u00e9onagre","robots":{"index":"index","follow":"follow","max-snippet":"max-snippet:-1","max-image-preview":"max-image-preview:large","max-video-preview":"max-video-preview:-1"},"canonical":"https:\/\/oleonagre.fr\/ferme\/la-ferme\/","og_locale":"fr_FR","og_type":"article","og_title":"La ferme - Huile d&#039;onagre biologique - Huile de bourrache biologique -Ol\u00e9onagre","og_description":"La ferme de Crozefond est en biologie depuis 1961. Cultures et transformations sont exempts de produits ou d\u2019additifs chimiques. \u00a0 [&hellip;]","og_url":"https:\/\/oleonagre.fr\/ferme\/la-ferme\/","og_site_name":"Huile d&#039;onagre biologique - Huile de bourrache biologique -Ol\u00e9onagre","article_modified_time":"2024-12-20T16:05:01+00:00","og_image":[{"width":693,"height":689,"url":"https:\/\/oleonagre.fr\/ferme\/wp-content\/uploads\/2024\/04\/logo-definitif-fonce-sf.png","type":"image\/png"}],"twitter_card":"summary_large_image","twitter_misc":{"Dur\u00e9e de lecture estim\u00e9e":"6 minutes"},"schema":{"@context":"https:\/\/schema.org","@graph":[{"@type":"WebPage","@id":"https:\/\/oleonagre.fr\/ferme\/la-ferme\/","url":"https:\/\/oleonagre.fr\/ferme\/la-ferme\/","name":"La ferme - Huile d&#039;onagre biologique - Huile de bourrache biologique -Ol\u00e9onagre","isPartOf":{"@id":"https:\/\/oleonagre.fr\/ferme\/#website"},"primaryImageOfPage":{"@id":"https:\/\/oleonagre.fr\/ferme\/la-ferme\/#primaryimage"},"image":{"@id":"https:\/\/oleonagre.fr\/ferme\/la-ferme\/#primaryimage"},"thumbnailUrl":"https:\/\/oleonagre.fr\/ferme\/wp-content\/uploads\/2024\/04\/logo-definitif-fonce-sf-300x298.png","datePublished":"2024-04-04T16:32:34+00:00","dateModified":"2024-12-20T16:05:01+00:00","breadcrumb":{"@id":"https:\/\/oleonagre.fr\/ferme\/la-ferme\/#breadcrumb"},"inLanguage":"fr-FR","potentialAction":[{"@type":"ReadAction","target":["https:\/\/oleonagre.fr\/ferme\/la-ferme\/"]}]},{"@type":"ImageObject","inLanguage":"fr-FR","@id":"https:\/\/oleonagre.fr\/ferme\/la-ferme\/#primaryimage","url":"https:\/\/oleonagre.fr\/ferme\/wp-content\/uploads\/2024\/04\/logo-definitif-fonce-sf.png","contentUrl":"https:\/\/oleonagre.fr\/ferme\/wp-content\/uploads\/2024\/04\/logo-definitif-fonce-sf.png","width":693,"height":689},{"@type":"BreadcrumbList","@id":"https:\/\/oleonagre.fr\/ferme\/la-ferme\/#breadcrumb","itemListElement":[{"@type":"ListItem","position":1,"name":"Home","item":"https:\/\/oleonagre.fr\/ferme\/"},{"@type":"ListItem","position":2,"name":"La ferme"}]},{"@type":"WebSite","@id":"https:\/\/oleonagre.fr\/ferme\/#website","url":"https:\/\/oleonagre.fr\/ferme\/","name":"Ol\u00e9onagre - Huile d'onagre biologique","description":"Huile d&#039;onagre biologique, Huile de bourrache biologique","potentialAction":[{"@type":"SearchAction","target":{"@type":"EntryPoint","urlTemplate":"https:\/\/oleonagre.fr\/ferme\/?s={search_term_string}"},"query-input":{"@type":"PropertyValueSpecification","valueRequired":true,"valueName":"search_term_string"}}],"inLanguage":"fr-FR"}]}},"_links":{"self":[{"href":"https:\/\/oleonagre.fr\/ferme\/wp-json\/wp\/v2\/pages\/151","targetHints":{"allow":["GET"]}}],"collection":[{"href":"https:\/\/oleonagre.fr\/ferme\/wp-json\/wp\/v2\/pages"}],"about":[{"href":"https:\/\/oleonagre.fr\/ferme\/wp-json\/wp\/v2\/types\/page"}],"author":[{"embeddable":true,"href":"https:\/\/oleonagre.fr\/ferme\/wp-json\/wp\/v2\/users\/1"}],"replies":[{"embeddable":true,"href":"https:\/\/oleonagre.fr\/ferme\/wp-json\/wp\/v2\/comments?post=151"}],"version-history":[{"count":9,"href":"https:\/\/oleonagre.fr\/ferme\/wp-json\/wp\/v2\/pages\/151\/revisions"}],"predecessor-version":[{"id":816,"href":"https:\/\/oleonagre.fr\/ferme\/wp-json\/wp\/v2\/pages\/151\/revisions\/816"}],"wp:attachment":[{"href":"https:\/\/oleonagre.fr\/ferme\/wp-json\/wp\/v2\/media?parent=151"}],"curies":[{"name":"wp","href":"https:\/\/api.w.org\/{rel}","templated":true}]}}