{"id":164,"date":"2024-04-04T18:40:18","date_gmt":"2024-04-04T16:40:18","guid":{"rendered":"https:\/\/oleonagre.fr\/ferme\/?page_id=164"},"modified":"2024-11-28T14:47:42","modified_gmt":"2024-11-28T13:47:42","slug":"la-recolte","status":"publish","type":"page","link":"https:\/\/oleonagre.fr\/ferme\/la-recolte\/","title":{"rendered":"La r\u00e9colte"},"content":{"rendered":"\t\t<div data-elementor-type=\"wp-page\" data-elementor-id=\"164\" class=\"elementor elementor-164\">\n\t\t\t\t<div class=\"elementor-element elementor-element-3c27d042 e-flex e-con-boxed e-con e-parent\" data-id=\"3c27d042\" data-element_type=\"container\" data-e-type=\"container\">\n\t\t\t\t\t<div class=\"e-con-inner\">\n\t\t\t\t<div class=\"elementor-element elementor-element-285c714a elementor-widget elementor-widget-text-editor\" data-id=\"285c714a\" data-element_type=\"widget\" data-e-type=\"widget\" data-widget_type=\"text-editor.default\">\n\t\t\t\t<div class=\"elementor-widget-container\">\n\t\t\t\t\t\t\t\t\t<p>L&rsquo;onagre produit des fruits en forme de gousses contenant de minuscules graines, tout le long de son pied.<\/p><p>\u00a0<\/p><p><img decoding=\"async\" class=\"alignleft size-full wp-image-165\" src=\"https:\/\/oleonagre.fr\/ferme\/wp-content\/uploads\/2024\/04\/gousse_onagre.jpg\" alt=\"\" width=\"142\" height=\"240\" \/><\/p><p>\u00a0<\/p><p>\u00a0<\/p><p>\u00a0<\/p><p><img fetchpriority=\"high\" decoding=\"async\" class=\"alignleft size-medium wp-image-166\" src=\"https:\/\/oleonagre.fr\/ferme\/wp-content\/uploads\/2024\/04\/P1000743-300x225.jpg\" alt=\"\" width=\"300\" height=\"225\" \/><\/p><p>\u00a0<\/p><p>\u00a0<\/p><p>\u00a0<\/p><p>\u00a0<\/p><p>\u00a0<\/p><p>\u00a0<\/p><p>\u00a0<\/p><p><img decoding=\"async\" class=\"alignleft size-medium wp-image-167\" src=\"https:\/\/oleonagre.fr\/ferme\/wp-content\/uploads\/2024\/04\/P1000777-300x225.jpg\" alt=\"\" width=\"300\" height=\"225\" \/><\/p><p>\u00a0<\/p><p>\u00a0<\/p><p>\u00a0<\/p><p>\u00a0<\/p><p>\u00a0<\/p><p>Afin d&rsquo;obtenir le maximum de qualit\u00e9, elle est effectu\u00e9e manuellement et s\u00e9ch\u00e9e \u00e0 l&rsquo;air ambiant.<\/p><p>Le battage de ses graines est effectu\u00e9 \u00ab\u00a0\u00e0 l&rsquo;ancienne\u00a0\u00bb, c&rsquo;est \u00e0 dire avec une vieille batteuse dont le rythme est plus lent ce qui n&rsquo;ab\u00eeme pas les graines.<\/p>\t\t\t\t\t\t\t\t<\/div>\n\t\t\t\t<\/div>\n\t\t\t\t\t<\/div>\n\t\t\t\t<\/div>\n\t\t\t\t<\/div>\n\t\t","protected":false},"excerpt":{"rendered":"<p>L&rsquo;onagre produit des fruits en forme de gousses contenant de minuscules graines, tout le long de son pied. \u00a0 \u00a0 [&hellip;]<\/p>\n","protected":false},"author":1,"featured_media":0,"parent":0,"menu_order":0,"comment_status":"closed","ping_status":"open","template":"","meta":{"site-sidebar-layout":"default","site-content-layout":"","ast-site-content-layout":"default","site-content-style":"default","site-sidebar-style":"default","ast-global-header-display":"","ast-banner-title-visibility":"","ast-main-header-display":"","ast-hfb-above-header-display":"","ast-hfb-below-header-display":"","ast-hfb-mobile-header-display":"","site-post-title":"","ast-breadcrumbs-content":"","ast-featured-img":"","footer-sml-layout":"","ast-disable-related-posts":"","theme-transparent-header-meta":"","adv-header-id-meta":"","stick-header-meta":"","header-above-stick-meta":"","header-main-stick-meta":"","header-below-stick-meta":"","astra-migrate-meta-layouts":"default","ast-page-background-enabled":"default","ast-page-background-meta":{"desktop":{"background-color":"var(--ast-global-color-4)","background-image":"","background-repeat":"repeat","background-position":"center center","background-size":"auto","background-attachment":"scroll","background-type":"","background-media":"","overlay-type":"","overlay-color":"","overlay-opacity":"","overlay-gradient":""},"tablet":{"background-color":"","background-image":"","background-repeat":"repeat","background-position":"center center","background-size":"auto","background-attachment":"scroll","background-type":"","background-media":"","overlay-type":"","overlay-color":"","overlay-opacity":"","overlay-gradient":""},"mobile":{"background-color":"","background-image":"","background-repeat":"repeat","background-position":"center center","background-size":"auto","background-attachment":"scroll","background-type":"","background-media":"","overlay-type":"","overlay-color":"","overlay-opacity":"","overlay-gradient":""}},"ast-content-background-meta":{"desktop":{"background-color":"var(--ast-global-color-5)","background-image":"","background-repeat":"repeat","background-position":"center center","background-size":"auto","background-attachment":"scroll","background-type":"","background-media":"","overlay-type":"","overlay-color":"","overlay-opacity":"","overlay-gradient":""},"tablet":{"background-color":"var(--ast-global-color-5)","background-image":"","background-repeat":"repeat","background-position":"center center","background-size":"auto","background-attachment":"scroll","background-type":"","background-media":"","overlay-type":"","overlay-color":"","overlay-opacity":"","overlay-gradient":""},"mobile":{"background-color":"var(--ast-global-color-5)","background-image":"","background-repeat":"repeat","background-position":"center center","background-size":"auto","background-attachment":"scroll","background-type":"","background-media":"","overlay-type":"","overlay-color":"","overlay-opacity":"","overlay-gradient":""}},"footnotes":""},"class_list":["post-164","page","type-page","status-publish","hentry"],"yoast_head":"<!-- This site is optimized with the Yoast SEO plugin v27.3 - https:\/\/yoast.com\/product\/yoast-seo-wordpress\/ -->\n<title>La r\u00e9colte - Huile d&#039;onagre biologique - Huile de bourrache biologique -Ol\u00e9onagre<\/title>\n<meta name=\"robots\" content=\"index, follow, max-snippet:-1, max-image-preview:large, max-video-preview:-1\" \/>\n<link rel=\"canonical\" href=\"https:\/\/oleonagre.fr\/ferme\/la-recolte\/\" \/>\n<meta property=\"og:locale\" content=\"fr_FR\" \/>\n<meta property=\"og:type\" content=\"article\" \/>\n<meta property=\"og:title\" content=\"La r\u00e9colte - Huile d&#039;onagre biologique - Huile de bourrache biologique -Ol\u00e9onagre\" \/>\n<meta property=\"og:description\" content=\"L&rsquo;onagre produit des fruits en forme de gousses contenant de minuscules graines, tout le long de son pied. \u00a0 \u00a0 [&hellip;]\" \/>\n<meta property=\"og:url\" content=\"https:\/\/oleonagre.fr\/ferme\/la-recolte\/\" \/>\n<meta property=\"og:site_name\" content=\"Huile d&#039;onagre biologique - Huile de bourrache biologique -Ol\u00e9onagre\" \/>\n<meta property=\"article:modified_time\" content=\"2024-11-28T13:47:42+00:00\" \/>\n<meta property=\"og:image\" content=\"https:\/\/oleonagre.fr\/ferme\/wp-content\/uploads\/2024\/04\/gousse_onagre.webp\" \/>\n<meta name=\"twitter:card\" content=\"summary_large_image\" \/>\n<meta name=\"twitter:label1\" content=\"Dur\u00e9e de lecture estim\u00e9e\" \/>\n\t<meta name=\"twitter:data1\" content=\"1 minute\" \/>\n<script type=\"application\/ld+json\" class=\"yoast-schema-graph\">{\"@context\":\"https:\\\/\\\/schema.org\",\"@graph\":[{\"@type\":\"WebPage\",\"@id\":\"https:\\\/\\\/oleonagre.fr\\\/ferme\\\/la-recolte\\\/\",\"url\":\"https:\\\/\\\/oleonagre.fr\\\/ferme\\\/la-recolte\\\/\",\"name\":\"La r\u00e9colte - Huile d&#039;onagre biologique - Huile de bourrache biologique -Ol\u00e9onagre\",\"isPartOf\":{\"@id\":\"https:\\\/\\\/oleonagre.fr\\\/ferme\\\/#website\"},\"primaryImageOfPage\":{\"@id\":\"https:\\\/\\\/oleonagre.fr\\\/ferme\\\/la-recolte\\\/#primaryimage\"},\"image\":{\"@id\":\"https:\\\/\\\/oleonagre.fr\\\/ferme\\\/la-recolte\\\/#primaryimage\"},\"thumbnailUrl\":\"https:\\\/\\\/oleonagre.fr\\\/ferme\\\/wp-content\\\/uploads\\\/2024\\\/04\\\/gousse_onagre.webp\",\"datePublished\":\"2024-04-04T16:40:18+00:00\",\"dateModified\":\"2024-11-28T13:47:42+00:00\",\"breadcrumb\":{\"@id\":\"https:\\\/\\\/oleonagre.fr\\\/ferme\\\/la-recolte\\\/#breadcrumb\"},\"inLanguage\":\"fr-FR\",\"potentialAction\":[{\"@type\":\"ReadAction\",\"target\":[\"https:\\\/\\\/oleonagre.fr\\\/ferme\\\/la-recolte\\\/\"]}]},{\"@type\":\"ImageObject\",\"inLanguage\":\"fr-FR\",\"@id\":\"https:\\\/\\\/oleonagre.fr\\\/ferme\\\/la-recolte\\\/#primaryimage\",\"url\":\"https:\\\/\\\/oleonagre.fr\\\/ferme\\\/wp-content\\\/uploads\\\/2024\\\/04\\\/gousse_onagre.webp\",\"contentUrl\":\"https:\\\/\\\/oleonagre.fr\\\/ferme\\\/wp-content\\\/uploads\\\/2024\\\/04\\\/gousse_onagre.webp\",\"width\":142,\"height\":240},{\"@type\":\"BreadcrumbList\",\"@id\":\"https:\\\/\\\/oleonagre.fr\\\/ferme\\\/la-recolte\\\/#breadcrumb\",\"itemListElement\":[{\"@type\":\"ListItem\",\"position\":1,\"name\":\"Home\",\"item\":\"https:\\\/\\\/oleonagre.fr\\\/ferme\\\/\"},{\"@type\":\"ListItem\",\"position\":2,\"name\":\"La r\u00e9colte\"}]},{\"@type\":\"WebSite\",\"@id\":\"https:\\\/\\\/oleonagre.fr\\\/ferme\\\/#website\",\"url\":\"https:\\\/\\\/oleonagre.fr\\\/ferme\\\/\",\"name\":\"Ol\u00e9onagre - Huile d'onagre biologique\",\"description\":\"Huile d&#039;onagre biologique, Huile de bourrache biologique\",\"potentialAction\":[{\"@type\":\"SearchAction\",\"target\":{\"@type\":\"EntryPoint\",\"urlTemplate\":\"https:\\\/\\\/oleonagre.fr\\\/ferme\\\/?s={search_term_string}\"},\"query-input\":{\"@type\":\"PropertyValueSpecification\",\"valueRequired\":true,\"valueName\":\"search_term_string\"}}],\"inLanguage\":\"fr-FR\"}]}<\/script>\n<!-- \/ Yoast SEO plugin. -->","yoast_head_json":{"title":"La r\u00e9colte - Huile d&#039;onagre biologique - Huile de bourrache biologique -Ol\u00e9onagre","robots":{"index":"index","follow":"follow","max-snippet":"max-snippet:-1","max-image-preview":"max-image-preview:large","max-video-preview":"max-video-preview:-1"},"canonical":"https:\/\/oleonagre.fr\/ferme\/la-recolte\/","og_locale":"fr_FR","og_type":"article","og_title":"La r\u00e9colte - Huile d&#039;onagre biologique - Huile de bourrache biologique -Ol\u00e9onagre","og_description":"L&rsquo;onagre produit des fruits en forme de gousses contenant de minuscules graines, tout le long de son pied. \u00a0 \u00a0 [&hellip;]","og_url":"https:\/\/oleonagre.fr\/ferme\/la-recolte\/","og_site_name":"Huile d&#039;onagre biologique - Huile de bourrache biologique -Ol\u00e9onagre","article_modified_time":"2024-11-28T13:47:42+00:00","og_image":[{"url":"https:\/\/oleonagre.fr\/ferme\/wp-content\/uploads\/2024\/04\/gousse_onagre.webp","type":"","width":"","height":""}],"twitter_card":"summary_large_image","twitter_misc":{"Dur\u00e9e de lecture estim\u00e9e":"1 minute"},"schema":{"@context":"https:\/\/schema.org","@graph":[{"@type":"WebPage","@id":"https:\/\/oleonagre.fr\/ferme\/la-recolte\/","url":"https:\/\/oleonagre.fr\/ferme\/la-recolte\/","name":"La r\u00e9colte - Huile d&#039;onagre biologique - Huile de bourrache biologique -Ol\u00e9onagre","isPartOf":{"@id":"https:\/\/oleonagre.fr\/ferme\/#website"},"primaryImageOfPage":{"@id":"https:\/\/oleonagre.fr\/ferme\/la-recolte\/#primaryimage"},"image":{"@id":"https:\/\/oleonagre.fr\/ferme\/la-recolte\/#primaryimage"},"thumbnailUrl":"https:\/\/oleonagre.fr\/ferme\/wp-content\/uploads\/2024\/04\/gousse_onagre.webp","datePublished":"2024-04-04T16:40:18+00:00","dateModified":"2024-11-28T13:47:42+00:00","breadcrumb":{"@id":"https:\/\/oleonagre.fr\/ferme\/la-recolte\/#breadcrumb"},"inLanguage":"fr-FR","potentialAction":[{"@type":"ReadAction","target":["https:\/\/oleonagre.fr\/ferme\/la-recolte\/"]}]},{"@type":"ImageObject","inLanguage":"fr-FR","@id":"https:\/\/oleonagre.fr\/ferme\/la-recolte\/#primaryimage","url":"https:\/\/oleonagre.fr\/ferme\/wp-content\/uploads\/2024\/04\/gousse_onagre.webp","contentUrl":"https:\/\/oleonagre.fr\/ferme\/wp-content\/uploads\/2024\/04\/gousse_onagre.webp","width":142,"height":240},{"@type":"BreadcrumbList","@id":"https:\/\/oleonagre.fr\/ferme\/la-recolte\/#breadcrumb","itemListElement":[{"@type":"ListItem","position":1,"name":"Home","item":"https:\/\/oleonagre.fr\/ferme\/"},{"@type":"ListItem","position":2,"name":"La r\u00e9colte"}]},{"@type":"WebSite","@id":"https:\/\/oleonagre.fr\/ferme\/#website","url":"https:\/\/oleonagre.fr\/ferme\/","name":"Ol\u00e9onagre - Huile d'onagre biologique","description":"Huile d&#039;onagre biologique, Huile de bourrache biologique","potentialAction":[{"@type":"SearchAction","target":{"@type":"EntryPoint","urlTemplate":"https:\/\/oleonagre.fr\/ferme\/?s={search_term_string}"},"query-input":{"@type":"PropertyValueSpecification","valueRequired":true,"valueName":"search_term_string"}}],"inLanguage":"fr-FR"}]}},"_links":{"self":[{"href":"https:\/\/oleonagre.fr\/ferme\/wp-json\/wp\/v2\/pages\/164","targetHints":{"allow":["GET"]}}],"collection":[{"href":"https:\/\/oleonagre.fr\/ferme\/wp-json\/wp\/v2\/pages"}],"about":[{"href":"https:\/\/oleonagre.fr\/ferme\/wp-json\/wp\/v2\/types\/page"}],"author":[{"embeddable":true,"href":"https:\/\/oleonagre.fr\/ferme\/wp-json\/wp\/v2\/users\/1"}],"replies":[{"embeddable":true,"href":"https:\/\/oleonagre.fr\/ferme\/wp-json\/wp\/v2\/comments?post=164"}],"version-history":[{"count":6,"href":"https:\/\/oleonagre.fr\/ferme\/wp-json\/wp\/v2\/pages\/164\/revisions"}],"predecessor-version":[{"id":804,"href":"https:\/\/oleonagre.fr\/ferme\/wp-json\/wp\/v2\/pages\/164\/revisions\/804"}],"wp:attachment":[{"href":"https:\/\/oleonagre.fr\/ferme\/wp-json\/wp\/v2\/media?parent=164"}],"curies":[{"name":"wp","href":"https:\/\/api.w.org\/{rel}","templated":true}]}}