{"id":172,"date":"2024-04-04T18:44:14","date_gmt":"2024-04-04T16:44:14","guid":{"rendered":"https:\/\/oleonagre.fr\/ferme\/?page_id=172"},"modified":"2024-11-28T14:45:59","modified_gmt":"2024-11-28T13:45:59","slug":"le-pressage","status":"publish","type":"page","link":"https:\/\/oleonagre.fr\/ferme\/le-pressage\/","title":{"rendered":"Le pressage"},"content":{"rendered":"\t\t<div data-elementor-type=\"wp-page\" data-elementor-id=\"172\" class=\"elementor elementor-172\">\n\t\t\t\t<div class=\"elementor-element elementor-element-3c27d042 e-con-full e-flex e-con e-parent\" data-id=\"3c27d042\" data-element_type=\"container\" data-e-type=\"container\">\n\t\t\t\t<div class=\"elementor-element elementor-element-285c714a elementor-widget elementor-widget-text-editor\" data-id=\"285c714a\" data-element_type=\"widget\" data-e-type=\"widget\" data-widget_type=\"text-editor.default\">\n\t\t\t\t<div class=\"elementor-widget-container\">\n\t\t\t\t\t\t\t\t\t<p>Ol\u00e9onagre est obtenue par simple pression \u00e0 froid des graines. Le proc\u00e9d\u00e9 contrairement \u00e0 l&rsquo;extraction permet de conserver intactes toutes les propri\u00e9t\u00e9s nutritionnelles et th\u00e9rapeutiques de notre huile.<\/p><p><img fetchpriority=\"high\" decoding=\"async\" class=\"alignleft size-medium wp-image-173\" src=\"https:\/\/oleonagre.fr\/ferme\/wp-content\/uploads\/2024\/04\/22d851g-300x185.jpg\" alt=\"\" width=\"300\" height=\"185\" \/><\/p><p>\u00a0<\/p><p>\u00a0<\/p><p>\u00a0<\/p><p>\u00a0<\/p><p><u>Notre presse \u00e0 huile<\/u><\/p><p>\u00a0<\/p><p>Une l\u00e9g\u00e8re d\u00e9cantation suffit pour obtenir une qualit\u00e9 exceptionnelle.<\/p><p>\u00a0Pour garantir la fra\u00eecheur d&rsquo;Ol\u00e9onagre, nous conservons les graines s\u00e9ch\u00e9es et pressons r\u00e9guli\u00e8rement tout au long de l&rsquo;ann\u00e9e. Nos huiles sont toujours tr\u00e8s jeunes lorsque nous les livrons aux consommateurs.<\/p>\t\t\t\t\t\t\t\t<\/div>\n\t\t\t\t<\/div>\n\t\t\t\t<\/div>\n\t\t\t\t<\/div>\n\t\t","protected":false},"excerpt":{"rendered":"<p>Ol\u00e9onagre est obtenue par simple pression \u00e0 froid des graines. Le proc\u00e9d\u00e9 contrairement \u00e0 l&rsquo;extraction permet de conserver intactes toutes [&hellip;]<\/p>\n","protected":false},"author":1,"featured_media":0,"parent":0,"menu_order":0,"comment_status":"closed","ping_status":"open","template":"","meta":{"site-sidebar-layout":"default","site-content-layout":"","ast-site-content-layout":"default","site-content-style":"default","site-sidebar-style":"default","ast-global-header-display":"","ast-banner-title-visibility":"","ast-main-header-display":"","ast-hfb-above-header-display":"","ast-hfb-below-header-display":"","ast-hfb-mobile-header-display":"","site-post-title":"","ast-breadcrumbs-content":"","ast-featured-img":"","footer-sml-layout":"","ast-disable-related-posts":"","theme-transparent-header-meta":"","adv-header-id-meta":"","stick-header-meta":"","header-above-stick-meta":"","header-main-stick-meta":"","header-below-stick-meta":"","astra-migrate-meta-layouts":"default","ast-page-background-enabled":"default","ast-page-background-meta":{"desktop":{"background-color":"var(--ast-global-color-4)","background-image":"","background-repeat":"repeat","background-position":"center center","background-size":"auto","background-attachment":"scroll","background-type":"","background-media":"","overlay-type":"","overlay-color":"","overlay-opacity":"","overlay-gradient":""},"tablet":{"background-color":"","background-image":"","background-repeat":"repeat","background-position":"center center","background-size":"auto","background-attachment":"scroll","background-type":"","background-media":"","overlay-type":"","overlay-color":"","overlay-opacity":"","overlay-gradient":""},"mobile":{"background-color":"","background-image":"","background-repeat":"repeat","background-position":"center center","background-size":"auto","background-attachment":"scroll","background-type":"","background-media":"","overlay-type":"","overlay-color":"","overlay-opacity":"","overlay-gradient":""}},"ast-content-background-meta":{"desktop":{"background-color":"var(--ast-global-color-5)","background-image":"","background-repeat":"repeat","background-position":"center center","background-size":"auto","background-attachment":"scroll","background-type":"","background-media":"","overlay-type":"","overlay-color":"","overlay-opacity":"","overlay-gradient":""},"tablet":{"background-color":"var(--ast-global-color-5)","background-image":"","background-repeat":"repeat","background-position":"center center","background-size":"auto","background-attachment":"scroll","background-type":"","background-media":"","overlay-type":"","overlay-color":"","overlay-opacity":"","overlay-gradient":""},"mobile":{"background-color":"var(--ast-global-color-5)","background-image":"","background-repeat":"repeat","background-position":"center center","background-size":"auto","background-attachment":"scroll","background-type":"","background-media":"","overlay-type":"","overlay-color":"","overlay-opacity":"","overlay-gradient":""}},"footnotes":""},"class_list":["post-172","page","type-page","status-publish","hentry"],"yoast_head":"<!-- This site is optimized with the Yoast SEO plugin v27.3 - https:\/\/yoast.com\/product\/yoast-seo-wordpress\/ -->\n<title>Le pressage - Huile d&#039;onagre biologique - Huile de bourrache biologique -Ol\u00e9onagre<\/title>\n<meta name=\"robots\" content=\"index, follow, max-snippet:-1, max-image-preview:large, max-video-preview:-1\" \/>\n<link rel=\"canonical\" href=\"https:\/\/oleonagre.fr\/ferme\/le-pressage\/\" \/>\n<meta property=\"og:locale\" content=\"fr_FR\" \/>\n<meta property=\"og:type\" content=\"article\" \/>\n<meta property=\"og:title\" content=\"Le pressage - Huile d&#039;onagre biologique - Huile de bourrache biologique -Ol\u00e9onagre\" \/>\n<meta property=\"og:description\" content=\"Ol\u00e9onagre est obtenue par simple pression \u00e0 froid des graines. Le proc\u00e9d\u00e9 contrairement \u00e0 l&rsquo;extraction permet de conserver intactes toutes [&hellip;]\" \/>\n<meta property=\"og:url\" content=\"https:\/\/oleonagre.fr\/ferme\/le-pressage\/\" \/>\n<meta property=\"og:site_name\" content=\"Huile d&#039;onagre biologique - Huile de bourrache biologique -Ol\u00e9onagre\" \/>\n<meta property=\"article:modified_time\" content=\"2024-11-28T13:45:59+00:00\" \/>\n<meta property=\"og:image\" content=\"https:\/\/oleonagre.fr\/ferme\/wp-content\/uploads\/2024\/04\/22d851g-300x185.webp\" \/>\n<meta name=\"twitter:card\" content=\"summary_large_image\" \/>\n<meta name=\"twitter:label1\" content=\"Dur\u00e9e de lecture estim\u00e9e\" \/>\n\t<meta name=\"twitter:data1\" content=\"1 minute\" \/>\n<script type=\"application\/ld+json\" class=\"yoast-schema-graph\">{\"@context\":\"https:\\\/\\\/schema.org\",\"@graph\":[{\"@type\":\"WebPage\",\"@id\":\"https:\\\/\\\/oleonagre.fr\\\/ferme\\\/le-pressage\\\/\",\"url\":\"https:\\\/\\\/oleonagre.fr\\\/ferme\\\/le-pressage\\\/\",\"name\":\"Le pressage - Huile d&#039;onagre biologique - Huile de bourrache biologique -Ol\u00e9onagre\",\"isPartOf\":{\"@id\":\"https:\\\/\\\/oleonagre.fr\\\/ferme\\\/#website\"},\"primaryImageOfPage\":{\"@id\":\"https:\\\/\\\/oleonagre.fr\\\/ferme\\\/le-pressage\\\/#primaryimage\"},\"image\":{\"@id\":\"https:\\\/\\\/oleonagre.fr\\\/ferme\\\/le-pressage\\\/#primaryimage\"},\"thumbnailUrl\":\"https:\\\/\\\/oleonagre.fr\\\/ferme\\\/wp-content\\\/uploads\\\/2024\\\/04\\\/22d851g-300x185.webp\",\"datePublished\":\"2024-04-04T16:44:14+00:00\",\"dateModified\":\"2024-11-28T13:45:59+00:00\",\"breadcrumb\":{\"@id\":\"https:\\\/\\\/oleonagre.fr\\\/ferme\\\/le-pressage\\\/#breadcrumb\"},\"inLanguage\":\"fr-FR\",\"potentialAction\":[{\"@type\":\"ReadAction\",\"target\":[\"https:\\\/\\\/oleonagre.fr\\\/ferme\\\/le-pressage\\\/\"]}]},{\"@type\":\"ImageObject\",\"inLanguage\":\"fr-FR\",\"@id\":\"https:\\\/\\\/oleonagre.fr\\\/ferme\\\/le-pressage\\\/#primaryimage\",\"url\":\"https:\\\/\\\/oleonagre.fr\\\/ferme\\\/wp-content\\\/uploads\\\/2024\\\/04\\\/22d851g-300x185.webp\",\"contentUrl\":\"https:\\\/\\\/oleonagre.fr\\\/ferme\\\/wp-content\\\/uploads\\\/2024\\\/04\\\/22d851g-300x185.webp\"},{\"@type\":\"BreadcrumbList\",\"@id\":\"https:\\\/\\\/oleonagre.fr\\\/ferme\\\/le-pressage\\\/#breadcrumb\",\"itemListElement\":[{\"@type\":\"ListItem\",\"position\":1,\"name\":\"Home\",\"item\":\"https:\\\/\\\/oleonagre.fr\\\/ferme\\\/\"},{\"@type\":\"ListItem\",\"position\":2,\"name\":\"Le pressage\"}]},{\"@type\":\"WebSite\",\"@id\":\"https:\\\/\\\/oleonagre.fr\\\/ferme\\\/#website\",\"url\":\"https:\\\/\\\/oleonagre.fr\\\/ferme\\\/\",\"name\":\"Ol\u00e9onagre - Huile d'onagre biologique\",\"description\":\"Huile d&#039;onagre biologique, Huile de bourrache biologique\",\"potentialAction\":[{\"@type\":\"SearchAction\",\"target\":{\"@type\":\"EntryPoint\",\"urlTemplate\":\"https:\\\/\\\/oleonagre.fr\\\/ferme\\\/?s={search_term_string}\"},\"query-input\":{\"@type\":\"PropertyValueSpecification\",\"valueRequired\":true,\"valueName\":\"search_term_string\"}}],\"inLanguage\":\"fr-FR\"}]}<\/script>\n<!-- \/ Yoast SEO plugin. -->","yoast_head_json":{"title":"Le pressage - Huile d&#039;onagre biologique - Huile de bourrache biologique -Ol\u00e9onagre","robots":{"index":"index","follow":"follow","max-snippet":"max-snippet:-1","max-image-preview":"max-image-preview:large","max-video-preview":"max-video-preview:-1"},"canonical":"https:\/\/oleonagre.fr\/ferme\/le-pressage\/","og_locale":"fr_FR","og_type":"article","og_title":"Le pressage - Huile d&#039;onagre biologique - Huile de bourrache biologique -Ol\u00e9onagre","og_description":"Ol\u00e9onagre est obtenue par simple pression \u00e0 froid des graines. Le proc\u00e9d\u00e9 contrairement \u00e0 l&rsquo;extraction permet de conserver intactes toutes [&hellip;]","og_url":"https:\/\/oleonagre.fr\/ferme\/le-pressage\/","og_site_name":"Huile d&#039;onagre biologique - Huile de bourrache biologique -Ol\u00e9onagre","article_modified_time":"2024-11-28T13:45:59+00:00","og_image":[{"url":"https:\/\/oleonagre.fr\/ferme\/wp-content\/uploads\/2024\/04\/22d851g-300x185.webp","type":"","width":"","height":""}],"twitter_card":"summary_large_image","twitter_misc":{"Dur\u00e9e de lecture estim\u00e9e":"1 minute"},"schema":{"@context":"https:\/\/schema.org","@graph":[{"@type":"WebPage","@id":"https:\/\/oleonagre.fr\/ferme\/le-pressage\/","url":"https:\/\/oleonagre.fr\/ferme\/le-pressage\/","name":"Le pressage - Huile d&#039;onagre biologique - Huile de bourrache biologique -Ol\u00e9onagre","isPartOf":{"@id":"https:\/\/oleonagre.fr\/ferme\/#website"},"primaryImageOfPage":{"@id":"https:\/\/oleonagre.fr\/ferme\/le-pressage\/#primaryimage"},"image":{"@id":"https:\/\/oleonagre.fr\/ferme\/le-pressage\/#primaryimage"},"thumbnailUrl":"https:\/\/oleonagre.fr\/ferme\/wp-content\/uploads\/2024\/04\/22d851g-300x185.webp","datePublished":"2024-04-04T16:44:14+00:00","dateModified":"2024-11-28T13:45:59+00:00","breadcrumb":{"@id":"https:\/\/oleonagre.fr\/ferme\/le-pressage\/#breadcrumb"},"inLanguage":"fr-FR","potentialAction":[{"@type":"ReadAction","target":["https:\/\/oleonagre.fr\/ferme\/le-pressage\/"]}]},{"@type":"ImageObject","inLanguage":"fr-FR","@id":"https:\/\/oleonagre.fr\/ferme\/le-pressage\/#primaryimage","url":"https:\/\/oleonagre.fr\/ferme\/wp-content\/uploads\/2024\/04\/22d851g-300x185.webp","contentUrl":"https:\/\/oleonagre.fr\/ferme\/wp-content\/uploads\/2024\/04\/22d851g-300x185.webp"},{"@type":"BreadcrumbList","@id":"https:\/\/oleonagre.fr\/ferme\/le-pressage\/#breadcrumb","itemListElement":[{"@type":"ListItem","position":1,"name":"Home","item":"https:\/\/oleonagre.fr\/ferme\/"},{"@type":"ListItem","position":2,"name":"Le pressage"}]},{"@type":"WebSite","@id":"https:\/\/oleonagre.fr\/ferme\/#website","url":"https:\/\/oleonagre.fr\/ferme\/","name":"Ol\u00e9onagre - Huile d'onagre biologique","description":"Huile d&#039;onagre biologique, Huile de bourrache biologique","potentialAction":[{"@type":"SearchAction","target":{"@type":"EntryPoint","urlTemplate":"https:\/\/oleonagre.fr\/ferme\/?s={search_term_string}"},"query-input":{"@type":"PropertyValueSpecification","valueRequired":true,"valueName":"search_term_string"}}],"inLanguage":"fr-FR"}]}},"_links":{"self":[{"href":"https:\/\/oleonagre.fr\/ferme\/wp-json\/wp\/v2\/pages\/172","targetHints":{"allow":["GET"]}}],"collection":[{"href":"https:\/\/oleonagre.fr\/ferme\/wp-json\/wp\/v2\/pages"}],"about":[{"href":"https:\/\/oleonagre.fr\/ferme\/wp-json\/wp\/v2\/types\/page"}],"author":[{"embeddable":true,"href":"https:\/\/oleonagre.fr\/ferme\/wp-json\/wp\/v2\/users\/1"}],"replies":[{"embeddable":true,"href":"https:\/\/oleonagre.fr\/ferme\/wp-json\/wp\/v2\/comments?post=172"}],"version-history":[{"count":4,"href":"https:\/\/oleonagre.fr\/ferme\/wp-json\/wp\/v2\/pages\/172\/revisions"}],"predecessor-version":[{"id":801,"href":"https:\/\/oleonagre.fr\/ferme\/wp-json\/wp\/v2\/pages\/172\/revisions\/801"}],"wp:attachment":[{"href":"https:\/\/oleonagre.fr\/ferme\/wp-json\/wp\/v2\/media?parent=172"}],"curies":[{"name":"wp","href":"https:\/\/api.w.org\/{rel}","templated":true}]}}