{"id":178,"date":"2024-04-04T18:46:22","date_gmt":"2024-04-04T16:46:22","guid":{"rendered":"https:\/\/oleonagre.fr\/ferme\/?page_id=178"},"modified":"2024-04-04T18:47:09","modified_gmt":"2024-04-04T16:47:09","slug":"le-conditionnement-de-lhuile","status":"publish","type":"page","link":"https:\/\/oleonagre.fr\/ferme\/le-conditionnement-de-lhuile\/","title":{"rendered":"Le conditionnement de l&rsquo;huile"},"content":{"rendered":"\t\t<div data-elementor-type=\"wp-page\" data-elementor-id=\"178\" class=\"elementor elementor-178\">\n\t\t\t\t<div class=\"elementor-element elementor-element-3c27d042 e-flex e-con-boxed e-con e-parent\" data-id=\"3c27d042\" data-element_type=\"container\" data-e-type=\"container\">\n\t\t\t\t\t<div class=\"e-con-inner\">\n\t\t\t\t<div class=\"elementor-element elementor-element-285c714a elementor-widget elementor-widget-text-editor\" data-id=\"285c714a\" data-element_type=\"widget\" data-e-type=\"widget\" data-widget_type=\"text-editor.default\">\n\t\t\t\t<div class=\"elementor-widget-container\">\n\t\t\t\t\t\t\t\t\t<p>Ol\u00e9onagre est conditionn\u00e9e dans des flacons doseurs airless en plastique blanc de 100 ml, qui d\u00e9livrent \u00e0 chaque pression sur la pompe, la dose pr\u00e9cise et constante d\u20191 ml d\u2019huile d\u2019onagre. La moiti\u00e9 de la dose journali\u00e8re pr\u00e9conis\u00e9e qui est de 2 ml.<\/p>\n<p>L\u2019huile d\u2019onagre est totalement prot\u00e9g\u00e9e de l\u2019air et de la lumi\u00e8re. Nous demandons \u00e0 nos clients, pour une conservation dans les meilleures conditions, de conserver ses flacons \u00e0 l\u2019abri de la chaleur.<\/p>\n<p>Nous refusons le conditionnement en g\u00e9lules. Nous estimons que nos clients doivent&nbsp;consommer l\u2019huile pure pour obtenir ses bienfaits et non la g\u00e9latine qui l\u2019entoure\u2026(celle-ci est d\u2019ailleurs souvent mal dig\u00e9r\u00e9e).<\/p>\n<p>Il semble aberrant de consommer de l\u2019huile dans des g\u00e9lules\u2026 les huiles d\u2019onagre et de bourrache doivent \u00eatre consomm\u00e9es comme toutes les autres huiles, dans l\u2019alimentation. Nos huiles \u00e9tant press\u00e9es r\u00e9cemment ont bon go\u00fbt et peuvent facilement servir d\u2019assaisonnement.<\/p>\n<p>&nbsp;<\/p>\t\t\t\t\t\t\t\t<\/div>\n\t\t\t\t<\/div>\n\t\t\t\t\t<\/div>\n\t\t\t\t<\/div>\n\t\t\t\t<\/div>\n\t\t","protected":false},"excerpt":{"rendered":"<p>Ol\u00e9onagre est conditionn\u00e9e dans des flacons doseurs airless en plastique blanc de 100 ml, qui d\u00e9livrent \u00e0 chaque pression sur [&hellip;]<\/p>\n","protected":false},"author":1,"featured_media":0,"parent":0,"menu_order":0,"comment_status":"closed","ping_status":"open","template":"","meta":{"site-sidebar-layout":"default","site-content-layout":"","ast-site-content-layout":"default","site-content-style":"default","site-sidebar-style":"default","ast-global-header-display":"","ast-banner-title-visibility":"","ast-main-header-display":"","ast-hfb-above-header-display":"","ast-hfb-below-header-display":"","ast-hfb-mobile-header-display":"","site-post-title":"","ast-breadcrumbs-content":"","ast-featured-img":"","footer-sml-layout":"","ast-disable-related-posts":"","theme-transparent-header-meta":"","adv-header-id-meta":"","stick-header-meta":"","header-above-stick-meta":"","header-main-stick-meta":"","header-below-stick-meta":"","astra-migrate-meta-layouts":"default","ast-page-background-enabled":"default","ast-page-background-meta":{"desktop":{"background-color":"var(--ast-global-color-4)","background-image":"","background-repeat":"repeat","background-position":"center center","background-size":"auto","background-attachment":"scroll","background-type":"","background-media":"","overlay-type":"","overlay-color":"","overlay-opacity":"","overlay-gradient":""},"tablet":{"background-color":"","background-image":"","background-repeat":"repeat","background-position":"center center","background-size":"auto","background-attachment":"scroll","background-type":"","background-media":"","overlay-type":"","overlay-color":"","overlay-opacity":"","overlay-gradient":""},"mobile":{"background-color":"","background-image":"","background-repeat":"repeat","background-position":"center center","background-size":"auto","background-attachment":"scroll","background-type":"","background-media":"","overlay-type":"","overlay-color":"","overlay-opacity":"","overlay-gradient":""}},"ast-content-background-meta":{"desktop":{"background-color":"var(--ast-global-color-5)","background-image":"","background-repeat":"repeat","background-position":"center center","background-size":"auto","background-attachment":"scroll","background-type":"","background-media":"","overlay-type":"","overlay-color":"","overlay-opacity":"","overlay-gradient":""},"tablet":{"background-color":"var(--ast-global-color-5)","background-image":"","background-repeat":"repeat","background-position":"center center","background-size":"auto","background-attachment":"scroll","background-type":"","background-media":"","overlay-type":"","overlay-color":"","overlay-opacity":"","overlay-gradient":""},"mobile":{"background-color":"var(--ast-global-color-5)","background-image":"","background-repeat":"repeat","background-position":"center center","background-size":"auto","background-attachment":"scroll","background-type":"","background-media":"","overlay-type":"","overlay-color":"","overlay-opacity":"","overlay-gradient":""}},"footnotes":""},"class_list":["post-178","page","type-page","status-publish","hentry"],"yoast_head":"<!-- This site is optimized with the Yoast SEO plugin v27.3 - https:\/\/yoast.com\/product\/yoast-seo-wordpress\/ -->\n<title>Le conditionnement de l&#039;huile - Huile d&#039;onagre biologique - Huile de bourrache biologique -Ol\u00e9onagre<\/title>\n<meta name=\"robots\" content=\"index, follow, max-snippet:-1, max-image-preview:large, max-video-preview:-1\" \/>\n<link rel=\"canonical\" href=\"https:\/\/oleonagre.fr\/ferme\/le-conditionnement-de-lhuile\/\" \/>\n<meta property=\"og:locale\" content=\"fr_FR\" \/>\n<meta property=\"og:type\" content=\"article\" \/>\n<meta property=\"og:title\" content=\"Le conditionnement de l&#039;huile - Huile d&#039;onagre biologique - Huile de bourrache biologique -Ol\u00e9onagre\" \/>\n<meta property=\"og:description\" content=\"Ol\u00e9onagre est conditionn\u00e9e dans des flacons doseurs airless en plastique blanc de 100 ml, qui d\u00e9livrent \u00e0 chaque pression sur [&hellip;]\" \/>\n<meta property=\"og:url\" content=\"https:\/\/oleonagre.fr\/ferme\/le-conditionnement-de-lhuile\/\" \/>\n<meta property=\"og:site_name\" content=\"Huile d&#039;onagre biologique - Huile de bourrache biologique -Ol\u00e9onagre\" \/>\n<meta property=\"article:modified_time\" content=\"2024-04-04T16:47:09+00:00\" \/>\n<meta name=\"twitter:card\" content=\"summary_large_image\" \/>\n<meta name=\"twitter:label1\" content=\"Dur\u00e9e de lecture estim\u00e9e\" \/>\n\t<meta name=\"twitter:data1\" content=\"1 minute\" \/>\n<script type=\"application\/ld+json\" class=\"yoast-schema-graph\">{\"@context\":\"https:\\\/\\\/schema.org\",\"@graph\":[{\"@type\":\"WebPage\",\"@id\":\"https:\\\/\\\/oleonagre.fr\\\/ferme\\\/le-conditionnement-de-lhuile\\\/\",\"url\":\"https:\\\/\\\/oleonagre.fr\\\/ferme\\\/le-conditionnement-de-lhuile\\\/\",\"name\":\"Le conditionnement de l'huile - Huile d&#039;onagre biologique - Huile de bourrache biologique -Ol\u00e9onagre\",\"isPartOf\":{\"@id\":\"https:\\\/\\\/oleonagre.fr\\\/ferme\\\/#website\"},\"datePublished\":\"2024-04-04T16:46:22+00:00\",\"dateModified\":\"2024-04-04T16:47:09+00:00\",\"breadcrumb\":{\"@id\":\"https:\\\/\\\/oleonagre.fr\\\/ferme\\\/le-conditionnement-de-lhuile\\\/#breadcrumb\"},\"inLanguage\":\"fr-FR\",\"potentialAction\":[{\"@type\":\"ReadAction\",\"target\":[\"https:\\\/\\\/oleonagre.fr\\\/ferme\\\/le-conditionnement-de-lhuile\\\/\"]}]},{\"@type\":\"BreadcrumbList\",\"@id\":\"https:\\\/\\\/oleonagre.fr\\\/ferme\\\/le-conditionnement-de-lhuile\\\/#breadcrumb\",\"itemListElement\":[{\"@type\":\"ListItem\",\"position\":1,\"name\":\"Home\",\"item\":\"https:\\\/\\\/oleonagre.fr\\\/ferme\\\/\"},{\"@type\":\"ListItem\",\"position\":2,\"name\":\"Le conditionnement de l&rsquo;huile\"}]},{\"@type\":\"WebSite\",\"@id\":\"https:\\\/\\\/oleonagre.fr\\\/ferme\\\/#website\",\"url\":\"https:\\\/\\\/oleonagre.fr\\\/ferme\\\/\",\"name\":\"Ol\u00e9onagre - Huile d'onagre biologique\",\"description\":\"Huile d&#039;onagre biologique, Huile de bourrache biologique\",\"potentialAction\":[{\"@type\":\"SearchAction\",\"target\":{\"@type\":\"EntryPoint\",\"urlTemplate\":\"https:\\\/\\\/oleonagre.fr\\\/ferme\\\/?s={search_term_string}\"},\"query-input\":{\"@type\":\"PropertyValueSpecification\",\"valueRequired\":true,\"valueName\":\"search_term_string\"}}],\"inLanguage\":\"fr-FR\"}]}<\/script>\n<!-- \/ Yoast SEO plugin. -->","yoast_head_json":{"title":"Le conditionnement de l'huile - Huile d&#039;onagre biologique - Huile de bourrache biologique -Ol\u00e9onagre","robots":{"index":"index","follow":"follow","max-snippet":"max-snippet:-1","max-image-preview":"max-image-preview:large","max-video-preview":"max-video-preview:-1"},"canonical":"https:\/\/oleonagre.fr\/ferme\/le-conditionnement-de-lhuile\/","og_locale":"fr_FR","og_type":"article","og_title":"Le conditionnement de l'huile - Huile d&#039;onagre biologique - Huile de bourrache biologique -Ol\u00e9onagre","og_description":"Ol\u00e9onagre est conditionn\u00e9e dans des flacons doseurs airless en plastique blanc de 100 ml, qui d\u00e9livrent \u00e0 chaque pression sur [&hellip;]","og_url":"https:\/\/oleonagre.fr\/ferme\/le-conditionnement-de-lhuile\/","og_site_name":"Huile d&#039;onagre biologique - Huile de bourrache biologique -Ol\u00e9onagre","article_modified_time":"2024-04-04T16:47:09+00:00","twitter_card":"summary_large_image","twitter_misc":{"Dur\u00e9e de lecture estim\u00e9e":"1 minute"},"schema":{"@context":"https:\/\/schema.org","@graph":[{"@type":"WebPage","@id":"https:\/\/oleonagre.fr\/ferme\/le-conditionnement-de-lhuile\/","url":"https:\/\/oleonagre.fr\/ferme\/le-conditionnement-de-lhuile\/","name":"Le conditionnement de l'huile - Huile d&#039;onagre biologique - Huile de bourrache biologique -Ol\u00e9onagre","isPartOf":{"@id":"https:\/\/oleonagre.fr\/ferme\/#website"},"datePublished":"2024-04-04T16:46:22+00:00","dateModified":"2024-04-04T16:47:09+00:00","breadcrumb":{"@id":"https:\/\/oleonagre.fr\/ferme\/le-conditionnement-de-lhuile\/#breadcrumb"},"inLanguage":"fr-FR","potentialAction":[{"@type":"ReadAction","target":["https:\/\/oleonagre.fr\/ferme\/le-conditionnement-de-lhuile\/"]}]},{"@type":"BreadcrumbList","@id":"https:\/\/oleonagre.fr\/ferme\/le-conditionnement-de-lhuile\/#breadcrumb","itemListElement":[{"@type":"ListItem","position":1,"name":"Home","item":"https:\/\/oleonagre.fr\/ferme\/"},{"@type":"ListItem","position":2,"name":"Le conditionnement de l&rsquo;huile"}]},{"@type":"WebSite","@id":"https:\/\/oleonagre.fr\/ferme\/#website","url":"https:\/\/oleonagre.fr\/ferme\/","name":"Ol\u00e9onagre - Huile d'onagre biologique","description":"Huile d&#039;onagre biologique, Huile de bourrache biologique","potentialAction":[{"@type":"SearchAction","target":{"@type":"EntryPoint","urlTemplate":"https:\/\/oleonagre.fr\/ferme\/?s={search_term_string}"},"query-input":{"@type":"PropertyValueSpecification","valueRequired":true,"valueName":"search_term_string"}}],"inLanguage":"fr-FR"}]}},"_links":{"self":[{"href":"https:\/\/oleonagre.fr\/ferme\/wp-json\/wp\/v2\/pages\/178","targetHints":{"allow":["GET"]}}],"collection":[{"href":"https:\/\/oleonagre.fr\/ferme\/wp-json\/wp\/v2\/pages"}],"about":[{"href":"https:\/\/oleonagre.fr\/ferme\/wp-json\/wp\/v2\/types\/page"}],"author":[{"embeddable":true,"href":"https:\/\/oleonagre.fr\/ferme\/wp-json\/wp\/v2\/users\/1"}],"replies":[{"embeddable":true,"href":"https:\/\/oleonagre.fr\/ferme\/wp-json\/wp\/v2\/comments?post=178"}],"version-history":[{"count":3,"href":"https:\/\/oleonagre.fr\/ferme\/wp-json\/wp\/v2\/pages\/178\/revisions"}],"predecessor-version":[{"id":181,"href":"https:\/\/oleonagre.fr\/ferme\/wp-json\/wp\/v2\/pages\/178\/revisions\/181"}],"wp:attachment":[{"href":"https:\/\/oleonagre.fr\/ferme\/wp-json\/wp\/v2\/media?parent=178"}],"curies":[{"name":"wp","href":"https:\/\/api.w.org\/{rel}","templated":true}]}}