{"id":2,"date":"2023-11-08T16:25:17","date_gmt":"2023-11-08T15:25:17","guid":{"rendered":"https:\/\/oleonagre.fr\/ferme\/?page_id=2"},"modified":"2024-09-13T17:33:07","modified_gmt":"2024-09-13T15:33:07","slug":"page-d-exemple","status":"publish","type":"page","link":"https:\/\/oleonagre.fr\/ferme\/","title":{"rendered":"Accueil"},"content":{"rendered":"\t\t<div data-elementor-type=\"wp-page\" data-elementor-id=\"2\" class=\"elementor elementor-2\">\n\t\t\t\t<div class=\"elementor-element elementor-element-3c27d042 e-flex e-con-boxed e-con e-parent\" data-id=\"3c27d042\" data-element_type=\"container\" data-e-type=\"container\">\n\t\t\t\t\t<div class=\"e-con-inner\">\n\t\t\t\t<div class=\"elementor-element elementor-element-285c714a elementor-widget elementor-widget-text-editor\" data-id=\"285c714a\" data-element_type=\"widget\" data-e-type=\"widget\" data-widget_type=\"text-editor.default\">\n\t\t\t\t<div class=\"elementor-widget-container\">\n\t\t\t\t\t\t\t\t\t<p>Depuis plus de 30 ans, nous cultivons l&rsquo;onagre et pressons les graines qu&rsquo;elle produit pour obtenir notre huile d&rsquo;onagre biologique, commercialis\u00e9e sous le nom d&rsquo;Ol\u00e9onagre.<\/p>\n<p>&nbsp;<\/p>\n<p><img fetchpriority=\"high\" decoding=\"async\" class=\"alignleft size-medium wp-image-17\" src=\"https:\/\/oleonagre.fr\/ferme\/wp-content\/uploads\/2024\/04\/PHOTO-CHAMP-ONAGRE-02-300x203.jpg\" alt=\"\" width=\"300\" height=\"203\" srcset=\"https:\/\/oleonagre.fr\/ferme\/wp-content\/uploads\/2024\/04\/PHOTO-CHAMP-ONAGRE-02-300x203.jpg 300w, https:\/\/oleonagre.fr\/ferme\/wp-content\/uploads\/2024\/04\/PHOTO-CHAMP-ONAGRE-02-scaled-600x407.jpg 600w, https:\/\/oleonagre.fr\/ferme\/wp-content\/uploads\/2024\/04\/PHOTO-CHAMP-ONAGRE-02-1024x695.jpg 1024w, https:\/\/oleonagre.fr\/ferme\/wp-content\/uploads\/2024\/04\/PHOTO-CHAMP-ONAGRE-02-768x521.jpg 768w, https:\/\/oleonagre.fr\/ferme\/wp-content\/uploads\/2024\/04\/PHOTO-CHAMP-ONAGRE-02-1536x1042.jpg 1536w, https:\/\/oleonagre.fr\/ferme\/wp-content\/uploads\/2024\/04\/PHOTO-CHAMP-ONAGRE-02-2048x1389.jpg 2048w\" sizes=\"(max-width: 300px) 100vw, 300px\" \/><\/p>\n<p>Fleur d&rsquo;onagre, produisant des graines que nous pressons pour obtenir notre huile d&rsquo;onagre biologique, 1\u00e8re pression \u00e0 froid<\/p>\n<p>&nbsp;<\/p>\n<p>&nbsp;<\/p>\n<p>&nbsp;<\/p>\n<p>Champ d&rsquo;onagre biologique<\/p>\n<p>&nbsp;<\/p>\n<p>Par ce site, nous vous proposons de d\u00e9couvrir comment nous proc\u00e9dons pour vous fournir cette huile de la meilleure qualit\u00e9 possible, ainsi que ses \u00e9tonnantes propri\u00e9t\u00e9s th\u00e9rapeutiques.<\/p>\n<div>\n<p><img decoding=\"async\" class=\"size-medium wp-image-18\" src=\"https:\/\/oleonagre.fr\/ferme\/wp-content\/uploads\/2024\/04\/onagre-9-287x300.jpg\" alt=\"\" width=\"287\" height=\"300\" srcset=\"https:\/\/oleonagre.fr\/ferme\/wp-content\/uploads\/2024\/04\/onagre-9-287x300.jpg 287w, https:\/\/oleonagre.fr\/ferme\/wp-content\/uploads\/2024\/04\/onagre-9-600x628.jpg 600w, https:\/\/oleonagre.fr\/ferme\/wp-content\/uploads\/2024\/04\/onagre-9-979x1024.jpg 979w, https:\/\/oleonagre.fr\/ferme\/wp-content\/uploads\/2024\/04\/onagre-9-768x803.jpg 768w, https:\/\/oleonagre.fr\/ferme\/wp-content\/uploads\/2024\/04\/onagre-9.jpg 1329w\" sizes=\"(max-width: 287px) 100vw, 287px\" \/><\/p>\nFleur d&rsquo;onagre, produisant des graines que nous pressons pour obtenir notre huile d&rsquo;onagre biologique, 1\u00e8re pression \u00e0 froid \n<\/div>\t\t\t\t\t\t\t\t<\/div>\n\t\t\t\t<\/div>\n\t\t\t\t\t<\/div>\n\t\t\t\t<\/div>\n\t\t\t\t<\/div>\n\t\t","protected":false},"excerpt":{"rendered":"<p>Depuis plus de 30 ans, nous cultivons l&rsquo;onagre et pressons les graines qu&rsquo;elle produit pour obtenir notre huile d&rsquo;onagre biologique, [&hellip;]<\/p>\n","protected":false},"author":1,"featured_media":0,"parent":0,"menu_order":0,"comment_status":"closed","ping_status":"open","template":"","meta":{"site-sidebar-layout":"default","site-content-layout":"","ast-site-content-layout":"default","site-content-style":"default","site-sidebar-style":"default","ast-global-header-display":"","ast-banner-title-visibility":"","ast-main-header-display":"","ast-hfb-above-header-display":"","ast-hfb-below-header-display":"","ast-hfb-mobile-header-display":"","site-post-title":"","ast-breadcrumbs-content":"","ast-featured-img":"","footer-sml-layout":"","ast-disable-related-posts":"","theme-transparent-header-meta":"","adv-header-id-meta":"","stick-header-meta":"","header-above-stick-meta":"","header-main-stick-meta":"","header-below-stick-meta":"","astra-migrate-meta-layouts":"default","ast-page-background-enabled":"default","ast-page-background-meta":{"desktop":{"background-color":"var(--ast-global-color-4)","background-image":"","background-repeat":"repeat","background-position":"center center","background-size":"auto","background-attachment":"scroll","background-type":"","background-media":"","overlay-type":"","overlay-color":"","overlay-opacity":"","overlay-gradient":""},"tablet":{"background-color":"","background-image":"","background-repeat":"repeat","background-position":"center center","background-size":"auto","background-attachment":"scroll","background-type":"","background-media":"","overlay-type":"","overlay-color":"","overlay-opacity":"","overlay-gradient":""},"mobile":{"background-color":"","background-image":"","background-repeat":"repeat","background-position":"center center","background-size":"auto","background-attachment":"scroll","background-type":"","background-media":"","overlay-type":"","overlay-color":"","overlay-opacity":"","overlay-gradient":""}},"ast-content-background-meta":{"desktop":{"background-color":"var(--ast-global-color-5)","background-image":"","background-repeat":"repeat","background-position":"center center","background-size":"auto","background-attachment":"scroll","background-type":"","background-media":"","overlay-type":"","overlay-color":"","overlay-opacity":"","overlay-gradient":""},"tablet":{"background-color":"var(--ast-global-color-5)","background-image":"","background-repeat":"repeat","background-position":"center center","background-size":"auto","background-attachment":"scroll","background-type":"","background-media":"","overlay-type":"","overlay-color":"","overlay-opacity":"","overlay-gradient":""},"mobile":{"background-color":"var(--ast-global-color-5)","background-image":"","background-repeat":"repeat","background-position":"center center","background-size":"auto","background-attachment":"scroll","background-type":"","background-media":"","overlay-type":"","overlay-color":"","overlay-opacity":"","overlay-gradient":""}},"footnotes":""},"class_list":["post-2","page","type-page","status-publish","hentry"],"yoast_head":"<!-- This site is optimized with the Yoast SEO plugin v27.3 - https:\/\/yoast.com\/product\/yoast-seo-wordpress\/ -->\n<title>Accueil - Huile d&#039;onagre biologique - Huile de bourrache biologique -Ol\u00e9onagre<\/title>\n<meta name=\"robots\" content=\"index, follow, max-snippet:-1, max-image-preview:large, max-video-preview:-1\" \/>\n<link rel=\"canonical\" href=\"https:\/\/oleonagre.fr\/ferme\/\" \/>\n<meta property=\"og:locale\" content=\"fr_FR\" \/>\n<meta property=\"og:type\" content=\"article\" \/>\n<meta property=\"og:title\" content=\"Accueil - Huile d&#039;onagre biologique - Huile de bourrache biologique -Ol\u00e9onagre\" \/>\n<meta property=\"og:description\" content=\"Depuis plus de 30 ans, nous cultivons l&rsquo;onagre et pressons les graines qu&rsquo;elle produit pour obtenir notre huile d&rsquo;onagre biologique, [&hellip;]\" \/>\n<meta property=\"og:url\" content=\"https:\/\/oleonagre.fr\/ferme\/\" \/>\n<meta property=\"og:site_name\" content=\"Huile d&#039;onagre biologique - Huile de bourrache biologique -Ol\u00e9onagre\" \/>\n<meta property=\"article:modified_time\" content=\"2024-09-13T15:33:07+00:00\" \/>\n<meta property=\"og:image\" content=\"https:\/\/oleonagre.fr\/ferme\/wp-content\/uploads\/2024\/04\/PHOTO-CHAMP-ONAGRE-02-300x203.jpg\" \/>\n<meta name=\"twitter:card\" content=\"summary_large_image\" \/>\n<meta name=\"twitter:label1\" content=\"Dur\u00e9e de lecture estim\u00e9e\" \/>\n\t<meta name=\"twitter:data1\" content=\"1 minute\" \/>\n<script type=\"application\/ld+json\" class=\"yoast-schema-graph\">{\"@context\":\"https:\\\/\\\/schema.org\",\"@graph\":[{\"@type\":\"WebPage\",\"@id\":\"https:\\\/\\\/oleonagre.fr\\\/ferme\\\/\",\"url\":\"https:\\\/\\\/oleonagre.fr\\\/ferme\\\/\",\"name\":\"Accueil - Huile d&#039;onagre biologique - Huile de bourrache biologique -Ol\u00e9onagre\",\"isPartOf\":{\"@id\":\"https:\\\/\\\/oleonagre.fr\\\/ferme\\\/#website\"},\"primaryImageOfPage\":{\"@id\":\"https:\\\/\\\/oleonagre.fr\\\/ferme\\\/#primaryimage\"},\"image\":{\"@id\":\"https:\\\/\\\/oleonagre.fr\\\/ferme\\\/#primaryimage\"},\"thumbnailUrl\":\"https:\\\/\\\/oleonagre.fr\\\/ferme\\\/wp-content\\\/uploads\\\/2024\\\/04\\\/PHOTO-CHAMP-ONAGRE-02-300x203.jpg\",\"datePublished\":\"2023-11-08T15:25:17+00:00\",\"dateModified\":\"2024-09-13T15:33:07+00:00\",\"breadcrumb\":{\"@id\":\"https:\\\/\\\/oleonagre.fr\\\/ferme\\\/#breadcrumb\"},\"inLanguage\":\"fr-FR\",\"potentialAction\":[{\"@type\":\"ReadAction\",\"target\":[\"https:\\\/\\\/oleonagre.fr\\\/ferme\\\/\"]}]},{\"@type\":\"ImageObject\",\"inLanguage\":\"fr-FR\",\"@id\":\"https:\\\/\\\/oleonagre.fr\\\/ferme\\\/#primaryimage\",\"url\":\"https:\\\/\\\/oleonagre.fr\\\/ferme\\\/wp-content\\\/uploads\\\/2024\\\/04\\\/PHOTO-CHAMP-ONAGRE-02-scaled.jpg\",\"contentUrl\":\"https:\\\/\\\/oleonagre.fr\\\/ferme\\\/wp-content\\\/uploads\\\/2024\\\/04\\\/PHOTO-CHAMP-ONAGRE-02-scaled.jpg\",\"width\":2560,\"height\":1736},{\"@type\":\"BreadcrumbList\",\"@id\":\"https:\\\/\\\/oleonagre.fr\\\/ferme\\\/#breadcrumb\",\"itemListElement\":[{\"@type\":\"ListItem\",\"position\":1,\"name\":\"Home\",\"item\":\"https:\\\/\\\/oleonagre.fr\\\/ferme\\\/\"},{\"@type\":\"ListItem\",\"position\":2,\"name\":\"Accueil\"}]},{\"@type\":\"WebSite\",\"@id\":\"https:\\\/\\\/oleonagre.fr\\\/ferme\\\/#website\",\"url\":\"https:\\\/\\\/oleonagre.fr\\\/ferme\\\/\",\"name\":\"Ol\u00e9onagre - Huile d'onagre biologique\",\"description\":\"Huile d&#039;onagre biologique, Huile de bourrache biologique\",\"potentialAction\":[{\"@type\":\"SearchAction\",\"target\":{\"@type\":\"EntryPoint\",\"urlTemplate\":\"https:\\\/\\\/oleonagre.fr\\\/ferme\\\/?s={search_term_string}\"},\"query-input\":{\"@type\":\"PropertyValueSpecification\",\"valueRequired\":true,\"valueName\":\"search_term_string\"}}],\"inLanguage\":\"fr-FR\"}]}<\/script>\n<!-- \/ Yoast SEO plugin. -->","yoast_head_json":{"title":"Accueil - Huile d&#039;onagre biologique - Huile de bourrache biologique -Ol\u00e9onagre","robots":{"index":"index","follow":"follow","max-snippet":"max-snippet:-1","max-image-preview":"max-image-preview:large","max-video-preview":"max-video-preview:-1"},"canonical":"https:\/\/oleonagre.fr\/ferme\/","og_locale":"fr_FR","og_type":"article","og_title":"Accueil - Huile d&#039;onagre biologique - Huile de bourrache biologique -Ol\u00e9onagre","og_description":"Depuis plus de 30 ans, nous cultivons l&rsquo;onagre et pressons les graines qu&rsquo;elle produit pour obtenir notre huile d&rsquo;onagre biologique, [&hellip;]","og_url":"https:\/\/oleonagre.fr\/ferme\/","og_site_name":"Huile d&#039;onagre biologique - Huile de bourrache biologique -Ol\u00e9onagre","article_modified_time":"2024-09-13T15:33:07+00:00","og_image":[{"url":"https:\/\/oleonagre.fr\/ferme\/wp-content\/uploads\/2024\/04\/PHOTO-CHAMP-ONAGRE-02-300x203.jpg","type":"","width":"","height":""}],"twitter_card":"summary_large_image","twitter_misc":{"Dur\u00e9e de lecture estim\u00e9e":"1 minute"},"schema":{"@context":"https:\/\/schema.org","@graph":[{"@type":"WebPage","@id":"https:\/\/oleonagre.fr\/ferme\/","url":"https:\/\/oleonagre.fr\/ferme\/","name":"Accueil - Huile d&#039;onagre biologique - Huile de bourrache biologique -Ol\u00e9onagre","isPartOf":{"@id":"https:\/\/oleonagre.fr\/ferme\/#website"},"primaryImageOfPage":{"@id":"https:\/\/oleonagre.fr\/ferme\/#primaryimage"},"image":{"@id":"https:\/\/oleonagre.fr\/ferme\/#primaryimage"},"thumbnailUrl":"https:\/\/oleonagre.fr\/ferme\/wp-content\/uploads\/2024\/04\/PHOTO-CHAMP-ONAGRE-02-300x203.jpg","datePublished":"2023-11-08T15:25:17+00:00","dateModified":"2024-09-13T15:33:07+00:00","breadcrumb":{"@id":"https:\/\/oleonagre.fr\/ferme\/#breadcrumb"},"inLanguage":"fr-FR","potentialAction":[{"@type":"ReadAction","target":["https:\/\/oleonagre.fr\/ferme\/"]}]},{"@type":"ImageObject","inLanguage":"fr-FR","@id":"https:\/\/oleonagre.fr\/ferme\/#primaryimage","url":"https:\/\/oleonagre.fr\/ferme\/wp-content\/uploads\/2024\/04\/PHOTO-CHAMP-ONAGRE-02-scaled.jpg","contentUrl":"https:\/\/oleonagre.fr\/ferme\/wp-content\/uploads\/2024\/04\/PHOTO-CHAMP-ONAGRE-02-scaled.jpg","width":2560,"height":1736},{"@type":"BreadcrumbList","@id":"https:\/\/oleonagre.fr\/ferme\/#breadcrumb","itemListElement":[{"@type":"ListItem","position":1,"name":"Home","item":"https:\/\/oleonagre.fr\/ferme\/"},{"@type":"ListItem","position":2,"name":"Accueil"}]},{"@type":"WebSite","@id":"https:\/\/oleonagre.fr\/ferme\/#website","url":"https:\/\/oleonagre.fr\/ferme\/","name":"Ol\u00e9onagre - Huile d'onagre biologique","description":"Huile d&#039;onagre biologique, Huile de bourrache biologique","potentialAction":[{"@type":"SearchAction","target":{"@type":"EntryPoint","urlTemplate":"https:\/\/oleonagre.fr\/ferme\/?s={search_term_string}"},"query-input":{"@type":"PropertyValueSpecification","valueRequired":true,"valueName":"search_term_string"}}],"inLanguage":"fr-FR"}]}},"_links":{"self":[{"href":"https:\/\/oleonagre.fr\/ferme\/wp-json\/wp\/v2\/pages\/2","targetHints":{"allow":["GET"]}}],"collection":[{"href":"https:\/\/oleonagre.fr\/ferme\/wp-json\/wp\/v2\/pages"}],"about":[{"href":"https:\/\/oleonagre.fr\/ferme\/wp-json\/wp\/v2\/types\/page"}],"author":[{"embeddable":true,"href":"https:\/\/oleonagre.fr\/ferme\/wp-json\/wp\/v2\/users\/1"}],"replies":[{"embeddable":true,"href":"https:\/\/oleonagre.fr\/ferme\/wp-json\/wp\/v2\/comments?post=2"}],"version-history":[{"count":21,"href":"https:\/\/oleonagre.fr\/ferme\/wp-json\/wp\/v2\/pages\/2\/revisions"}],"predecessor-version":[{"id":656,"href":"https:\/\/oleonagre.fr\/ferme\/wp-json\/wp\/v2\/pages\/2\/revisions\/656"}],"wp:attachment":[{"href":"https:\/\/oleonagre.fr\/ferme\/wp-json\/wp\/v2\/media?parent=2"}],"curies":[{"name":"wp","href":"https:\/\/api.w.org\/{rel}","templated":true}]}}