{"id":43,"date":"2024-04-04T17:40:42","date_gmt":"2024-04-04T15:40:42","guid":{"rendered":"https:\/\/oleonagre.fr\/ferme\/?page_id=43"},"modified":"2024-12-20T17:06:04","modified_gmt":"2024-12-20T16:06:04","slug":"chez-la-femme","status":"publish","type":"page","link":"https:\/\/oleonagre.fr\/ferme\/chez-la-femme\/","title":{"rendered":"Chez la femme"},"content":{"rendered":"\t\t<div data-elementor-type=\"wp-page\" data-elementor-id=\"43\" class=\"elementor elementor-43\">\n\t\t\t\t<div class=\"elementor-element elementor-element-3c27d042 e-flex e-con-boxed e-con e-parent\" data-id=\"3c27d042\" data-element_type=\"container\" data-e-type=\"container\">\n\t\t\t\t\t<div class=\"e-con-inner\">\n\t\t\t\t<div class=\"elementor-element elementor-element-285c714a elementor-widget elementor-widget-text-editor\" data-id=\"285c714a\" data-element_type=\"widget\" data-e-type=\"widget\" data-widget_type=\"text-editor.default\">\n\t\t\t\t<div class=\"elementor-widget-container\">\n\t\t\t\t\t\t\t\t\t<p>\n    <u>Th\u00e9rapie et apports de l&rsquo;huile d&rsquo;onagre<\/u> :\n<\/p>\n<p>\n    L\u2019huile d\u2019onagre pr\u00e9sente deux grandes indications th\u00e9rapeutiques.\n<\/p>\n<p>\n    Elle est capable d\u2019att\u00e9nuer en grande partie les troubles \u00e0 la fois\n    physiques et psychiques du syndrome pr\u00e9menstruel. Consomm\u00e9e quelques jours\n    avant l\u2019apparition habituelle du syndrome, elle est tr\u00e8s efficace contre les\n    douleurs mammaires (72% d\u2019am\u00e9lioration), ainsi que sur l\u2019anxi\u00e9t\u00e9,\n    l\u2019irritabilit\u00e9 et nervosit\u00e9, les changements d\u2019humeur, les maux de t\u00eate et\n    les  \u0153d\u00e8mes.\n<\/p>\n<p>\n    On a d\u00e9montr\u00e9 que des carences en A.G.E (Acides Gras Essentiels). favorisent\n    l\u2019hypertrophie des tissus fibreux, en particulier en ce qui concerne les\n    seins,  que le d\u00e9ficit en prostaglandines E1, associ\u00e9 \u00e0 une augmentation de\n    l\u2019hormone  prolactine, favorise l\u2019apparition de kystes mammaires\n    (protub\u00e9rances sensibles  et texture granuleuse de la glande mammaire,\n    douleurs et inflammations). Sur ces  constatations, l\u2019exp\u00e9rimentation a\n    conclu \u00e0 une action b\u00e9n\u00e9fique de l\u2019huile  d\u2019onagre sur ces diverses\n    affections b\u00e9nignes des seins, car les acides gras  agissent sur la cause\n    premi\u00e8re de ces troubles, avant qu\u2019ils puissent  s\u2019installer d\u00e9finitivement.\n    L&rsquo;huile d&rsquo;onagre s&rsquo;av\u00e8re tr\u00e8s efficace \u00e0 condition  de la consommer tr\u00e8s\n    r\u00e9guli\u00e8rement pendant au moins 3 ou 4 mois.\n<\/p>\n<p>\n    Une particularit\u00e9 de ce traitement, qui n\u2019est pas expliqu\u00e9e, est le\n    d\u00e9veloppement de la poitrine, sans augmentation du poids corporel, ce qui\n    peut-\u00eatre avantageux pour un grand nombre de femmes.\n<\/p>\n<p>\n    Chez les femmes au moment de la m\u00e9nopause, la fabrication de PGE1\n    (prostaglandines E1) est entrav\u00e9e, ce qui provoque d&rsquo;innombrables\n    d\u00e9sagr\u00e9ments : maux de t\u00eate, bouff\u00e9e de chaleur, irritabilit\u00e9, fatigue.\n    <br\/>\n    La prise d&rsquo;huile d&rsquo;onagre r\u00e9guli\u00e8re lutte tr\u00e8s efficacement contre ces\n    sympt\u00f4mes.\n<\/p>\n\t\t\t\t\t\t\t\t<\/div>\n\t\t\t\t<\/div>\n\t\t\t\t\t<\/div>\n\t\t\t\t<\/div>\n\t\t\t\t<\/div>\n\t\t","protected":false},"excerpt":{"rendered":"<p>Th\u00e9rapie et apports de l&rsquo;huile d&rsquo;onagre : L\u2019huile d\u2019onagre pr\u00e9sente deux grandes indications th\u00e9rapeutiques. Elle est capable d\u2019att\u00e9nuer en grande [&hellip;]<\/p>\n","protected":false},"author":1,"featured_media":0,"parent":0,"menu_order":0,"comment_status":"closed","ping_status":"closed","template":"","meta":{"site-sidebar-layout":"default","site-content-layout":"","ast-site-content-layout":"default","site-content-style":"default","site-sidebar-style":"default","ast-global-header-display":"","ast-banner-title-visibility":"","ast-main-header-display":"","ast-hfb-above-header-display":"","ast-hfb-below-header-display":"","ast-hfb-mobile-header-display":"","site-post-title":"","ast-breadcrumbs-content":"","ast-featured-img":"","footer-sml-layout":"","ast-disable-related-posts":"","theme-transparent-header-meta":"","adv-header-id-meta":"","stick-header-meta":"","header-above-stick-meta":"","header-main-stick-meta":"","header-below-stick-meta":"","astra-migrate-meta-layouts":"default","ast-page-background-enabled":"default","ast-page-background-meta":{"desktop":{"background-color":"var(--ast-global-color-4)","background-image":"","background-repeat":"repeat","background-position":"center center","background-size":"auto","background-attachment":"scroll","background-type":"","background-media":"","overlay-type":"","overlay-color":"","overlay-opacity":"","overlay-gradient":""},"tablet":{"background-color":"","background-image":"","background-repeat":"repeat","background-position":"center center","background-size":"auto","background-attachment":"scroll","background-type":"","background-media":"","overlay-type":"","overlay-color":"","overlay-opacity":"","overlay-gradient":""},"mobile":{"background-color":"","background-image":"","background-repeat":"repeat","background-position":"center center","background-size":"auto","background-attachment":"scroll","background-type":"","background-media":"","overlay-type":"","overlay-color":"","overlay-opacity":"","overlay-gradient":""}},"ast-content-background-meta":{"desktop":{"background-color":"var(--ast-global-color-5)","background-image":"","background-repeat":"repeat","background-position":"center center","background-size":"auto","background-attachment":"scroll","background-type":"","background-media":"","overlay-type":"","overlay-color":"","overlay-opacity":"","overlay-gradient":""},"tablet":{"background-color":"var(--ast-global-color-5)","background-image":"","background-repeat":"repeat","background-position":"center center","background-size":"auto","background-attachment":"scroll","background-type":"","background-media":"","overlay-type":"","overlay-color":"","overlay-opacity":"","overlay-gradient":""},"mobile":{"background-color":"var(--ast-global-color-5)","background-image":"","background-repeat":"repeat","background-position":"center center","background-size":"auto","background-attachment":"scroll","background-type":"","background-media":"","overlay-type":"","overlay-color":"","overlay-opacity":"","overlay-gradient":""}},"footnotes":""},"class_list":["post-43","page","type-page","status-publish","hentry"],"yoast_head":"<!-- This site is optimized with the Yoast SEO plugin v27.3 - https:\/\/yoast.com\/product\/yoast-seo-wordpress\/ -->\n<title>Chez la femme - Huile d&#039;onagre biologique - Huile de bourrache biologique -Ol\u00e9onagre<\/title>\n<meta name=\"robots\" content=\"index, follow, max-snippet:-1, max-image-preview:large, max-video-preview:-1\" \/>\n<link rel=\"canonical\" href=\"https:\/\/oleonagre.fr\/ferme\/chez-la-femme\/\" \/>\n<meta property=\"og:locale\" content=\"fr_FR\" \/>\n<meta property=\"og:type\" content=\"article\" \/>\n<meta property=\"og:title\" content=\"Chez la femme - Huile d&#039;onagre biologique - Huile de bourrache biologique -Ol\u00e9onagre\" \/>\n<meta property=\"og:description\" content=\"Th\u00e9rapie et apports de l&rsquo;huile d&rsquo;onagre : L\u2019huile d\u2019onagre pr\u00e9sente deux grandes indications th\u00e9rapeutiques. Elle est capable d\u2019att\u00e9nuer en grande [&hellip;]\" \/>\n<meta property=\"og:url\" content=\"https:\/\/oleonagre.fr\/ferme\/chez-la-femme\/\" \/>\n<meta property=\"og:site_name\" content=\"Huile d&#039;onagre biologique - Huile de bourrache biologique -Ol\u00e9onagre\" \/>\n<meta property=\"article:modified_time\" content=\"2024-12-20T16:06:04+00:00\" \/>\n<meta name=\"twitter:card\" content=\"summary_large_image\" \/>\n<meta name=\"twitter:label1\" content=\"Dur\u00e9e de lecture estim\u00e9e\" \/>\n\t<meta name=\"twitter:data1\" content=\"2 minutes\" \/>\n<script type=\"application\/ld+json\" class=\"yoast-schema-graph\">{\"@context\":\"https:\\\/\\\/schema.org\",\"@graph\":[{\"@type\":\"WebPage\",\"@id\":\"https:\\\/\\\/oleonagre.fr\\\/ferme\\\/chez-la-femme\\\/\",\"url\":\"https:\\\/\\\/oleonagre.fr\\\/ferme\\\/chez-la-femme\\\/\",\"name\":\"Chez la femme - Huile d&#039;onagre biologique - Huile de bourrache biologique -Ol\u00e9onagre\",\"isPartOf\":{\"@id\":\"https:\\\/\\\/oleonagre.fr\\\/ferme\\\/#website\"},\"datePublished\":\"2024-04-04T15:40:42+00:00\",\"dateModified\":\"2024-12-20T16:06:04+00:00\",\"breadcrumb\":{\"@id\":\"https:\\\/\\\/oleonagre.fr\\\/ferme\\\/chez-la-femme\\\/#breadcrumb\"},\"inLanguage\":\"fr-FR\",\"potentialAction\":[{\"@type\":\"ReadAction\",\"target\":[\"https:\\\/\\\/oleonagre.fr\\\/ferme\\\/chez-la-femme\\\/\"]}]},{\"@type\":\"BreadcrumbList\",\"@id\":\"https:\\\/\\\/oleonagre.fr\\\/ferme\\\/chez-la-femme\\\/#breadcrumb\",\"itemListElement\":[{\"@type\":\"ListItem\",\"position\":1,\"name\":\"Home\",\"item\":\"https:\\\/\\\/oleonagre.fr\\\/ferme\\\/\"},{\"@type\":\"ListItem\",\"position\":2,\"name\":\"Chez la femme\"}]},{\"@type\":\"WebSite\",\"@id\":\"https:\\\/\\\/oleonagre.fr\\\/ferme\\\/#website\",\"url\":\"https:\\\/\\\/oleonagre.fr\\\/ferme\\\/\",\"name\":\"Ol\u00e9onagre - Huile d'onagre biologique\",\"description\":\"Huile d&#039;onagre biologique, Huile de bourrache biologique\",\"potentialAction\":[{\"@type\":\"SearchAction\",\"target\":{\"@type\":\"EntryPoint\",\"urlTemplate\":\"https:\\\/\\\/oleonagre.fr\\\/ferme\\\/?s={search_term_string}\"},\"query-input\":{\"@type\":\"PropertyValueSpecification\",\"valueRequired\":true,\"valueName\":\"search_term_string\"}}],\"inLanguage\":\"fr-FR\"}]}<\/script>\n<!-- \/ Yoast SEO plugin. -->","yoast_head_json":{"title":"Chez la femme - Huile d&#039;onagre biologique - Huile de bourrache biologique -Ol\u00e9onagre","robots":{"index":"index","follow":"follow","max-snippet":"max-snippet:-1","max-image-preview":"max-image-preview:large","max-video-preview":"max-video-preview:-1"},"canonical":"https:\/\/oleonagre.fr\/ferme\/chez-la-femme\/","og_locale":"fr_FR","og_type":"article","og_title":"Chez la femme - Huile d&#039;onagre biologique - Huile de bourrache biologique -Ol\u00e9onagre","og_description":"Th\u00e9rapie et apports de l&rsquo;huile d&rsquo;onagre : L\u2019huile d\u2019onagre pr\u00e9sente deux grandes indications th\u00e9rapeutiques. Elle est capable d\u2019att\u00e9nuer en grande [&hellip;]","og_url":"https:\/\/oleonagre.fr\/ferme\/chez-la-femme\/","og_site_name":"Huile d&#039;onagre biologique - Huile de bourrache biologique -Ol\u00e9onagre","article_modified_time":"2024-12-20T16:06:04+00:00","twitter_card":"summary_large_image","twitter_misc":{"Dur\u00e9e de lecture estim\u00e9e":"2 minutes"},"schema":{"@context":"https:\/\/schema.org","@graph":[{"@type":"WebPage","@id":"https:\/\/oleonagre.fr\/ferme\/chez-la-femme\/","url":"https:\/\/oleonagre.fr\/ferme\/chez-la-femme\/","name":"Chez la femme - Huile d&#039;onagre biologique - Huile de bourrache biologique -Ol\u00e9onagre","isPartOf":{"@id":"https:\/\/oleonagre.fr\/ferme\/#website"},"datePublished":"2024-04-04T15:40:42+00:00","dateModified":"2024-12-20T16:06:04+00:00","breadcrumb":{"@id":"https:\/\/oleonagre.fr\/ferme\/chez-la-femme\/#breadcrumb"},"inLanguage":"fr-FR","potentialAction":[{"@type":"ReadAction","target":["https:\/\/oleonagre.fr\/ferme\/chez-la-femme\/"]}]},{"@type":"BreadcrumbList","@id":"https:\/\/oleonagre.fr\/ferme\/chez-la-femme\/#breadcrumb","itemListElement":[{"@type":"ListItem","position":1,"name":"Home","item":"https:\/\/oleonagre.fr\/ferme\/"},{"@type":"ListItem","position":2,"name":"Chez la femme"}]},{"@type":"WebSite","@id":"https:\/\/oleonagre.fr\/ferme\/#website","url":"https:\/\/oleonagre.fr\/ferme\/","name":"Ol\u00e9onagre - Huile d'onagre biologique","description":"Huile d&#039;onagre biologique, Huile de bourrache biologique","potentialAction":[{"@type":"SearchAction","target":{"@type":"EntryPoint","urlTemplate":"https:\/\/oleonagre.fr\/ferme\/?s={search_term_string}"},"query-input":{"@type":"PropertyValueSpecification","valueRequired":true,"valueName":"search_term_string"}}],"inLanguage":"fr-FR"}]}},"_links":{"self":[{"href":"https:\/\/oleonagre.fr\/ferme\/wp-json\/wp\/v2\/pages\/43","targetHints":{"allow":["GET"]}}],"collection":[{"href":"https:\/\/oleonagre.fr\/ferme\/wp-json\/wp\/v2\/pages"}],"about":[{"href":"https:\/\/oleonagre.fr\/ferme\/wp-json\/wp\/v2\/types\/page"}],"author":[{"embeddable":true,"href":"https:\/\/oleonagre.fr\/ferme\/wp-json\/wp\/v2\/users\/1"}],"replies":[{"embeddable":true,"href":"https:\/\/oleonagre.fr\/ferme\/wp-json\/wp\/v2\/comments?post=43"}],"version-history":[{"count":9,"href":"https:\/\/oleonagre.fr\/ferme\/wp-json\/wp\/v2\/pages\/43\/revisions"}],"predecessor-version":[{"id":64,"href":"https:\/\/oleonagre.fr\/ferme\/wp-json\/wp\/v2\/pages\/43\/revisions\/64"}],"wp:attachment":[{"href":"https:\/\/oleonagre.fr\/ferme\/wp-json\/wp\/v2\/media?parent=43"}],"curies":[{"name":"wp","href":"https:\/\/api.w.org\/{rel}","templated":true}]}}