{"id":57,"date":"2024-04-04T17:44:27","date_gmt":"2024-04-04T15:44:27","guid":{"rendered":"https:\/\/oleonagre.fr\/ferme\/?page_id=57"},"modified":"2024-04-04T17:45:31","modified_gmt":"2024-04-04T15:45:31","slug":"cardiologie","status":"publish","type":"page","link":"https:\/\/oleonagre.fr\/ferme\/cardiologie\/","title":{"rendered":"Cardiologie"},"content":{"rendered":"\t\t<div data-elementor-type=\"wp-page\" data-elementor-id=\"57\" class=\"elementor elementor-57\">\n\t\t\t\t<div class=\"elementor-element elementor-element-3c27d042 e-flex e-con-boxed e-con e-parent\" data-id=\"3c27d042\" data-element_type=\"container\" data-e-type=\"container\">\n\t\t\t\t\t<div class=\"e-con-inner\">\n\t\t\t\t<div class=\"elementor-element elementor-element-285c714a elementor-widget elementor-widget-text-editor\" data-id=\"285c714a\" data-element_type=\"widget\" data-e-type=\"widget\" data-widget_type=\"text-editor.default\">\n\t\t\t\t<div class=\"elementor-widget-container\">\n\t\t\t\t\t\t\t\t\t<p>\n    <u>Th\u00e9rapie et  apports de l&rsquo;huile d&rsquo;onagre<\/u> :\n<\/p>\n<p>\n    Les acides  gras aboutissent dans l\u2019organisme \u00e0 la formation de compos\u00e9s\n    appel\u00e9s  prostaglandines. Parmi leurs tr\u00e8s nombreuses propri\u00e9t\u00e9s ils\n    assurent dans le  syst\u00e8me cardio-vasculaire la pr\u00e9vention des caillots ou\n    thromboses,  responsables des embolies (c\u00e9r\u00e9brales, pulmonaires..) ou de\n    l\u2019infarctus du  myocarde par exemple.\n<\/p>\n<p>\n    L\u2019acide  gamma linol\u00e9ique supprime l\u2019agr\u00e9gation des plaquettes sanguines \u00e0\n    l\u2019origine de  ces caillots. Il a \u00e9galement la facult\u00e9 de faire baisser le\n    taux de  cholest\u00e9rol. L\u2019huile d\u2019onagre pourra prendre place dans le\n    traitement  di\u00e9t\u00e9tique contre l\u2019hypercholest\u00e9rol\u00e9mie, avec une grande\n    efficacit\u00e9.\n<\/p>\n<p>\n    Elle a une  autre propri\u00e9t\u00e9 d\u00e9montr\u00e9e, prise en traitement de fond, elle\n    fait baisser la  tension art\u00e9rielle chez les hypertendus. Enfin, elle sera\n    tr\u00e8s utile dans le  traitement de l\u2019ath\u00e9roscl\u00e9rose, puisqu\u2019elle a la facult\u00e9\n    de s\u2019opposer aux  d\u00e9p\u00f4ts lipidiques dans les parois art\u00e9rielles, et, encore\n    plus int\u00e9ressant, de  faire r\u00e9gresser les l\u00e9sions d\u00e9j\u00e0 existantes. Cet effet\n    protecteur et  th\u00e9rapeutique sera b\u00e9n\u00e9fique au diab\u00e9tique, menac\u00e9 par les\n    l\u00e9sions  ath\u00e9roscl\u00e9reuses, localis\u00e9es dans les reins, les art\u00e8res des jambes\n    ou la  r\u00e9tine.\n<\/p>\n\t\t\t\t\t\t\t\t<\/div>\n\t\t\t\t<\/div>\n\t\t\t\t\t<\/div>\n\t\t\t\t<\/div>\n\t\t\t\t<\/div>\n\t\t","protected":false},"excerpt":{"rendered":"<p>Th\u00e9rapie et apports de l&rsquo;huile d&rsquo;onagre : Les acides gras aboutissent dans l\u2019organisme \u00e0 la formation de compos\u00e9s appel\u00e9s prostaglandines. [&hellip;]<\/p>\n","protected":false},"author":1,"featured_media":0,"parent":0,"menu_order":0,"comment_status":"closed","ping_status":"open","template":"","meta":{"site-sidebar-layout":"default","site-content-layout":"","ast-site-content-layout":"default","site-content-style":"default","site-sidebar-style":"default","ast-global-header-display":"","ast-banner-title-visibility":"","ast-main-header-display":"","ast-hfb-above-header-display":"","ast-hfb-below-header-display":"","ast-hfb-mobile-header-display":"","site-post-title":"","ast-breadcrumbs-content":"","ast-featured-img":"","footer-sml-layout":"","ast-disable-related-posts":"","theme-transparent-header-meta":"","adv-header-id-meta":"","stick-header-meta":"","header-above-stick-meta":"","header-main-stick-meta":"","header-below-stick-meta":"","astra-migrate-meta-layouts":"default","ast-page-background-enabled":"default","ast-page-background-meta":{"desktop":{"background-color":"var(--ast-global-color-4)","background-image":"","background-repeat":"repeat","background-position":"center center","background-size":"auto","background-attachment":"scroll","background-type":"","background-media":"","overlay-type":"","overlay-color":"","overlay-opacity":"","overlay-gradient":""},"tablet":{"background-color":"","background-image":"","background-repeat":"repeat","background-position":"center center","background-size":"auto","background-attachment":"scroll","background-type":"","background-media":"","overlay-type":"","overlay-color":"","overlay-opacity":"","overlay-gradient":""},"mobile":{"background-color":"","background-image":"","background-repeat":"repeat","background-position":"center center","background-size":"auto","background-attachment":"scroll","background-type":"","background-media":"","overlay-type":"","overlay-color":"","overlay-opacity":"","overlay-gradient":""}},"ast-content-background-meta":{"desktop":{"background-color":"var(--ast-global-color-5)","background-image":"","background-repeat":"repeat","background-position":"center center","background-size":"auto","background-attachment":"scroll","background-type":"","background-media":"","overlay-type":"","overlay-color":"","overlay-opacity":"","overlay-gradient":""},"tablet":{"background-color":"var(--ast-global-color-5)","background-image":"","background-repeat":"repeat","background-position":"center center","background-size":"auto","background-attachment":"scroll","background-type":"","background-media":"","overlay-type":"","overlay-color":"","overlay-opacity":"","overlay-gradient":""},"mobile":{"background-color":"var(--ast-global-color-5)","background-image":"","background-repeat":"repeat","background-position":"center center","background-size":"auto","background-attachment":"scroll","background-type":"","background-media":"","overlay-type":"","overlay-color":"","overlay-opacity":"","overlay-gradient":""}},"footnotes":""},"class_list":["post-57","page","type-page","status-publish","hentry"],"yoast_head":"<!-- This site is optimized with the Yoast SEO plugin v27.3 - https:\/\/yoast.com\/product\/yoast-seo-wordpress\/ -->\n<title>Cardiologie - Huile d&#039;onagre biologique - Huile de bourrache biologique -Ol\u00e9onagre<\/title>\n<meta name=\"robots\" content=\"index, follow, max-snippet:-1, max-image-preview:large, max-video-preview:-1\" \/>\n<link rel=\"canonical\" href=\"https:\/\/oleonagre.fr\/ferme\/cardiologie\/\" \/>\n<meta property=\"og:locale\" content=\"fr_FR\" \/>\n<meta property=\"og:type\" content=\"article\" \/>\n<meta property=\"og:title\" content=\"Cardiologie - Huile d&#039;onagre biologique - Huile de bourrache biologique -Ol\u00e9onagre\" \/>\n<meta property=\"og:description\" content=\"Th\u00e9rapie et apports de l&rsquo;huile d&rsquo;onagre : Les acides gras aboutissent dans l\u2019organisme \u00e0 la formation de compos\u00e9s appel\u00e9s prostaglandines. [&hellip;]\" \/>\n<meta property=\"og:url\" content=\"https:\/\/oleonagre.fr\/ferme\/cardiologie\/\" \/>\n<meta property=\"og:site_name\" content=\"Huile d&#039;onagre biologique - Huile de bourrache biologique -Ol\u00e9onagre\" \/>\n<meta property=\"article:modified_time\" content=\"2024-04-04T15:45:31+00:00\" \/>\n<meta name=\"twitter:card\" content=\"summary_large_image\" \/>\n<meta name=\"twitter:label1\" content=\"Dur\u00e9e de lecture estim\u00e9e\" \/>\n\t<meta name=\"twitter:data1\" content=\"1 minute\" \/>\n<script type=\"application\/ld+json\" class=\"yoast-schema-graph\">{\"@context\":\"https:\\\/\\\/schema.org\",\"@graph\":[{\"@type\":\"WebPage\",\"@id\":\"https:\\\/\\\/oleonagre.fr\\\/ferme\\\/cardiologie\\\/\",\"url\":\"https:\\\/\\\/oleonagre.fr\\\/ferme\\\/cardiologie\\\/\",\"name\":\"Cardiologie - Huile d&#039;onagre biologique - Huile de bourrache biologique -Ol\u00e9onagre\",\"isPartOf\":{\"@id\":\"https:\\\/\\\/oleonagre.fr\\\/ferme\\\/#website\"},\"datePublished\":\"2024-04-04T15:44:27+00:00\",\"dateModified\":\"2024-04-04T15:45:31+00:00\",\"breadcrumb\":{\"@id\":\"https:\\\/\\\/oleonagre.fr\\\/ferme\\\/cardiologie\\\/#breadcrumb\"},\"inLanguage\":\"fr-FR\",\"potentialAction\":[{\"@type\":\"ReadAction\",\"target\":[\"https:\\\/\\\/oleonagre.fr\\\/ferme\\\/cardiologie\\\/\"]}]},{\"@type\":\"BreadcrumbList\",\"@id\":\"https:\\\/\\\/oleonagre.fr\\\/ferme\\\/cardiologie\\\/#breadcrumb\",\"itemListElement\":[{\"@type\":\"ListItem\",\"position\":1,\"name\":\"Home\",\"item\":\"https:\\\/\\\/oleonagre.fr\\\/ferme\\\/\"},{\"@type\":\"ListItem\",\"position\":2,\"name\":\"Cardiologie\"}]},{\"@type\":\"WebSite\",\"@id\":\"https:\\\/\\\/oleonagre.fr\\\/ferme\\\/#website\",\"url\":\"https:\\\/\\\/oleonagre.fr\\\/ferme\\\/\",\"name\":\"Ol\u00e9onagre - Huile d'onagre biologique\",\"description\":\"Huile d&#039;onagre biologique, Huile de bourrache biologique\",\"potentialAction\":[{\"@type\":\"SearchAction\",\"target\":{\"@type\":\"EntryPoint\",\"urlTemplate\":\"https:\\\/\\\/oleonagre.fr\\\/ferme\\\/?s={search_term_string}\"},\"query-input\":{\"@type\":\"PropertyValueSpecification\",\"valueRequired\":true,\"valueName\":\"search_term_string\"}}],\"inLanguage\":\"fr-FR\"}]}<\/script>\n<!-- \/ Yoast SEO plugin. -->","yoast_head_json":{"title":"Cardiologie - Huile d&#039;onagre biologique - Huile de bourrache biologique -Ol\u00e9onagre","robots":{"index":"index","follow":"follow","max-snippet":"max-snippet:-1","max-image-preview":"max-image-preview:large","max-video-preview":"max-video-preview:-1"},"canonical":"https:\/\/oleonagre.fr\/ferme\/cardiologie\/","og_locale":"fr_FR","og_type":"article","og_title":"Cardiologie - Huile d&#039;onagre biologique - Huile de bourrache biologique -Ol\u00e9onagre","og_description":"Th\u00e9rapie et apports de l&rsquo;huile d&rsquo;onagre : Les acides gras aboutissent dans l\u2019organisme \u00e0 la formation de compos\u00e9s appel\u00e9s prostaglandines. [&hellip;]","og_url":"https:\/\/oleonagre.fr\/ferme\/cardiologie\/","og_site_name":"Huile d&#039;onagre biologique - Huile de bourrache biologique -Ol\u00e9onagre","article_modified_time":"2024-04-04T15:45:31+00:00","twitter_card":"summary_large_image","twitter_misc":{"Dur\u00e9e de lecture estim\u00e9e":"1 minute"},"schema":{"@context":"https:\/\/schema.org","@graph":[{"@type":"WebPage","@id":"https:\/\/oleonagre.fr\/ferme\/cardiologie\/","url":"https:\/\/oleonagre.fr\/ferme\/cardiologie\/","name":"Cardiologie - Huile d&#039;onagre biologique - Huile de bourrache biologique -Ol\u00e9onagre","isPartOf":{"@id":"https:\/\/oleonagre.fr\/ferme\/#website"},"datePublished":"2024-04-04T15:44:27+00:00","dateModified":"2024-04-04T15:45:31+00:00","breadcrumb":{"@id":"https:\/\/oleonagre.fr\/ferme\/cardiologie\/#breadcrumb"},"inLanguage":"fr-FR","potentialAction":[{"@type":"ReadAction","target":["https:\/\/oleonagre.fr\/ferme\/cardiologie\/"]}]},{"@type":"BreadcrumbList","@id":"https:\/\/oleonagre.fr\/ferme\/cardiologie\/#breadcrumb","itemListElement":[{"@type":"ListItem","position":1,"name":"Home","item":"https:\/\/oleonagre.fr\/ferme\/"},{"@type":"ListItem","position":2,"name":"Cardiologie"}]},{"@type":"WebSite","@id":"https:\/\/oleonagre.fr\/ferme\/#website","url":"https:\/\/oleonagre.fr\/ferme\/","name":"Ol\u00e9onagre - Huile d'onagre biologique","description":"Huile d&#039;onagre biologique, Huile de bourrache biologique","potentialAction":[{"@type":"SearchAction","target":{"@type":"EntryPoint","urlTemplate":"https:\/\/oleonagre.fr\/ferme\/?s={search_term_string}"},"query-input":{"@type":"PropertyValueSpecification","valueRequired":true,"valueName":"search_term_string"}}],"inLanguage":"fr-FR"}]}},"_links":{"self":[{"href":"https:\/\/oleonagre.fr\/ferme\/wp-json\/wp\/v2\/pages\/57","targetHints":{"allow":["GET"]}}],"collection":[{"href":"https:\/\/oleonagre.fr\/ferme\/wp-json\/wp\/v2\/pages"}],"about":[{"href":"https:\/\/oleonagre.fr\/ferme\/wp-json\/wp\/v2\/types\/page"}],"author":[{"embeddable":true,"href":"https:\/\/oleonagre.fr\/ferme\/wp-json\/wp\/v2\/users\/1"}],"replies":[{"embeddable":true,"href":"https:\/\/oleonagre.fr\/ferme\/wp-json\/wp\/v2\/comments?post=57"}],"version-history":[{"count":3,"href":"https:\/\/oleonagre.fr\/ferme\/wp-json\/wp\/v2\/pages\/57\/revisions"}],"predecessor-version":[{"id":60,"href":"https:\/\/oleonagre.fr\/ferme\/wp-json\/wp\/v2\/pages\/57\/revisions\/60"}],"wp:attachment":[{"href":"https:\/\/oleonagre.fr\/ferme\/wp-json\/wp\/v2\/media?parent=57"}],"curies":[{"name":"wp","href":"https:\/\/api.w.org\/{rel}","templated":true}]}}