{"id":61,"date":"2024-04-04T17:46:05","date_gmt":"2024-04-04T15:46:05","guid":{"rendered":"https:\/\/oleonagre.fr\/ferme\/?page_id=61"},"modified":"2024-04-04T17:48:13","modified_gmt":"2024-04-04T15:48:13","slug":"croissance","status":"publish","type":"page","link":"https:\/\/oleonagre.fr\/ferme\/croissance\/","title":{"rendered":"Croissance"},"content":{"rendered":"\t\t<div data-elementor-type=\"wp-page\" data-elementor-id=\"61\" class=\"elementor elementor-61\">\n\t\t\t\t<div class=\"elementor-element elementor-element-3c27d042 e-flex e-con-boxed e-con e-parent\" data-id=\"3c27d042\" data-element_type=\"container\" data-e-type=\"container\">\n\t\t\t\t\t<div class=\"e-con-inner\">\n\t\t\t\t<div class=\"elementor-element elementor-element-285c714a elementor-widget elementor-widget-text-editor\" data-id=\"285c714a\" data-element_type=\"widget\" data-e-type=\"widget\" data-widget_type=\"text-editor.default\">\n\t\t\t\t<div class=\"elementor-widget-container\">\n\t\t\t\t\t\t\t\t\t<p>\n    <u>Th\u00e9rapie et apports de l\u2019huile d\u2019onagre<\/u> :\n<\/p>\n<p>\n    Les acides gras sont n\u00e9cessaires, bien avant la naissance, \u00e0 la croissance\n    pond\u00e9rale. Ils seront apport\u00e9s chez la femme enceinte, sous forme d\u2019huile\n    d\u2019onagre, chaque fois qu\u2019il existe un retard intra-ut\u00e9rin, ou un risque de\n    pr\u00e9maturit\u00e9.\n<\/p>\n<p>\n    Indispensable encore pour les cellules du cerveau, une carence peut-\u00eatre le\n    cause d\u2019un retard mental.\n<\/p>\n<p>\n    Un enfant nourri au sein est largement pourvu d\u2019acide gamma linol\u00e9nique\n    contenu dans le lait maternel, alors que le lait de vache n\u2019en contient pas.\n<\/p>\n\t\t\t\t\t\t\t\t<\/div>\n\t\t\t\t<\/div>\n\t\t\t\t\t<\/div>\n\t\t\t\t<\/div>\n\t\t\t\t<\/div>\n\t\t","protected":false},"excerpt":{"rendered":"<p>Th\u00e9rapie et apports de l\u2019huile d\u2019onagre : Les acides gras sont n\u00e9cessaires, bien avant la naissance, \u00e0 la croissance pond\u00e9rale. [&hellip;]<\/p>\n","protected":false},"author":1,"featured_media":0,"parent":0,"menu_order":0,"comment_status":"closed","ping_status":"open","template":"","meta":{"site-sidebar-layout":"default","site-content-layout":"","ast-site-content-layout":"default","site-content-style":"default","site-sidebar-style":"default","ast-global-header-display":"","ast-banner-title-visibility":"","ast-main-header-display":"","ast-hfb-above-header-display":"","ast-hfb-below-header-display":"","ast-hfb-mobile-header-display":"","site-post-title":"","ast-breadcrumbs-content":"","ast-featured-img":"","footer-sml-layout":"","ast-disable-related-posts":"","theme-transparent-header-meta":"","adv-header-id-meta":"","stick-header-meta":"","header-above-stick-meta":"","header-main-stick-meta":"","header-below-stick-meta":"","astra-migrate-meta-layouts":"default","ast-page-background-enabled":"default","ast-page-background-meta":{"desktop":{"background-color":"var(--ast-global-color-4)","background-image":"","background-repeat":"repeat","background-position":"center center","background-size":"auto","background-attachment":"scroll","background-type":"","background-media":"","overlay-type":"","overlay-color":"","overlay-opacity":"","overlay-gradient":""},"tablet":{"background-color":"","background-image":"","background-repeat":"repeat","background-position":"center center","background-size":"auto","background-attachment":"scroll","background-type":"","background-media":"","overlay-type":"","overlay-color":"","overlay-opacity":"","overlay-gradient":""},"mobile":{"background-color":"","background-image":"","background-repeat":"repeat","background-position":"center center","background-size":"auto","background-attachment":"scroll","background-type":"","background-media":"","overlay-type":"","overlay-color":"","overlay-opacity":"","overlay-gradient":""}},"ast-content-background-meta":{"desktop":{"background-color":"var(--ast-global-color-5)","background-image":"","background-repeat":"repeat","background-position":"center center","background-size":"auto","background-attachment":"scroll","background-type":"","background-media":"","overlay-type":"","overlay-color":"","overlay-opacity":"","overlay-gradient":""},"tablet":{"background-color":"var(--ast-global-color-5)","background-image":"","background-repeat":"repeat","background-position":"center center","background-size":"auto","background-attachment":"scroll","background-type":"","background-media":"","overlay-type":"","overlay-color":"","overlay-opacity":"","overlay-gradient":""},"mobile":{"background-color":"var(--ast-global-color-5)","background-image":"","background-repeat":"repeat","background-position":"center center","background-size":"auto","background-attachment":"scroll","background-type":"","background-media":"","overlay-type":"","overlay-color":"","overlay-opacity":"","overlay-gradient":""}},"footnotes":""},"class_list":["post-61","page","type-page","status-publish","hentry"],"yoast_head":"<!-- This site is optimized with the Yoast SEO plugin v27.3 - https:\/\/yoast.com\/product\/yoast-seo-wordpress\/ -->\n<title>Croissance - Huile d&#039;onagre biologique - Huile de bourrache biologique -Ol\u00e9onagre<\/title>\n<meta name=\"robots\" content=\"index, follow, max-snippet:-1, max-image-preview:large, max-video-preview:-1\" \/>\n<link rel=\"canonical\" href=\"https:\/\/oleonagre.fr\/ferme\/croissance\/\" \/>\n<meta property=\"og:locale\" content=\"fr_FR\" \/>\n<meta property=\"og:type\" content=\"article\" \/>\n<meta property=\"og:title\" content=\"Croissance - Huile d&#039;onagre biologique - Huile de bourrache biologique -Ol\u00e9onagre\" \/>\n<meta property=\"og:description\" content=\"Th\u00e9rapie et apports de l\u2019huile d\u2019onagre : Les acides gras sont n\u00e9cessaires, bien avant la naissance, \u00e0 la croissance pond\u00e9rale. [&hellip;]\" \/>\n<meta property=\"og:url\" content=\"https:\/\/oleonagre.fr\/ferme\/croissance\/\" \/>\n<meta property=\"og:site_name\" content=\"Huile d&#039;onagre biologique - Huile de bourrache biologique -Ol\u00e9onagre\" \/>\n<meta property=\"article:modified_time\" content=\"2024-04-04T15:48:13+00:00\" \/>\n<meta name=\"twitter:card\" content=\"summary_large_image\" \/>\n<meta name=\"twitter:label1\" content=\"Dur\u00e9e de lecture estim\u00e9e\" \/>\n\t<meta name=\"twitter:data1\" content=\"1 minute\" \/>\n<script type=\"application\/ld+json\" class=\"yoast-schema-graph\">{\"@context\":\"https:\\\/\\\/schema.org\",\"@graph\":[{\"@type\":\"WebPage\",\"@id\":\"https:\\\/\\\/oleonagre.fr\\\/ferme\\\/croissance\\\/\",\"url\":\"https:\\\/\\\/oleonagre.fr\\\/ferme\\\/croissance\\\/\",\"name\":\"Croissance - Huile d&#039;onagre biologique - Huile de bourrache biologique -Ol\u00e9onagre\",\"isPartOf\":{\"@id\":\"https:\\\/\\\/oleonagre.fr\\\/ferme\\\/#website\"},\"datePublished\":\"2024-04-04T15:46:05+00:00\",\"dateModified\":\"2024-04-04T15:48:13+00:00\",\"breadcrumb\":{\"@id\":\"https:\\\/\\\/oleonagre.fr\\\/ferme\\\/croissance\\\/#breadcrumb\"},\"inLanguage\":\"fr-FR\",\"potentialAction\":[{\"@type\":\"ReadAction\",\"target\":[\"https:\\\/\\\/oleonagre.fr\\\/ferme\\\/croissance\\\/\"]}]},{\"@type\":\"BreadcrumbList\",\"@id\":\"https:\\\/\\\/oleonagre.fr\\\/ferme\\\/croissance\\\/#breadcrumb\",\"itemListElement\":[{\"@type\":\"ListItem\",\"position\":1,\"name\":\"Home\",\"item\":\"https:\\\/\\\/oleonagre.fr\\\/ferme\\\/\"},{\"@type\":\"ListItem\",\"position\":2,\"name\":\"Croissance\"}]},{\"@type\":\"WebSite\",\"@id\":\"https:\\\/\\\/oleonagre.fr\\\/ferme\\\/#website\",\"url\":\"https:\\\/\\\/oleonagre.fr\\\/ferme\\\/\",\"name\":\"Ol\u00e9onagre - Huile d'onagre biologique\",\"description\":\"Huile d&#039;onagre biologique, Huile de bourrache biologique\",\"potentialAction\":[{\"@type\":\"SearchAction\",\"target\":{\"@type\":\"EntryPoint\",\"urlTemplate\":\"https:\\\/\\\/oleonagre.fr\\\/ferme\\\/?s={search_term_string}\"},\"query-input\":{\"@type\":\"PropertyValueSpecification\",\"valueRequired\":true,\"valueName\":\"search_term_string\"}}],\"inLanguage\":\"fr-FR\"}]}<\/script>\n<!-- \/ Yoast SEO plugin. -->","yoast_head_json":{"title":"Croissance - Huile d&#039;onagre biologique - Huile de bourrache biologique -Ol\u00e9onagre","robots":{"index":"index","follow":"follow","max-snippet":"max-snippet:-1","max-image-preview":"max-image-preview:large","max-video-preview":"max-video-preview:-1"},"canonical":"https:\/\/oleonagre.fr\/ferme\/croissance\/","og_locale":"fr_FR","og_type":"article","og_title":"Croissance - Huile d&#039;onagre biologique - Huile de bourrache biologique -Ol\u00e9onagre","og_description":"Th\u00e9rapie et apports de l\u2019huile d\u2019onagre : Les acides gras sont n\u00e9cessaires, bien avant la naissance, \u00e0 la croissance pond\u00e9rale. [&hellip;]","og_url":"https:\/\/oleonagre.fr\/ferme\/croissance\/","og_site_name":"Huile d&#039;onagre biologique - Huile de bourrache biologique -Ol\u00e9onagre","article_modified_time":"2024-04-04T15:48:13+00:00","twitter_card":"summary_large_image","twitter_misc":{"Dur\u00e9e de lecture estim\u00e9e":"1 minute"},"schema":{"@context":"https:\/\/schema.org","@graph":[{"@type":"WebPage","@id":"https:\/\/oleonagre.fr\/ferme\/croissance\/","url":"https:\/\/oleonagre.fr\/ferme\/croissance\/","name":"Croissance - Huile d&#039;onagre biologique - Huile de bourrache biologique -Ol\u00e9onagre","isPartOf":{"@id":"https:\/\/oleonagre.fr\/ferme\/#website"},"datePublished":"2024-04-04T15:46:05+00:00","dateModified":"2024-04-04T15:48:13+00:00","breadcrumb":{"@id":"https:\/\/oleonagre.fr\/ferme\/croissance\/#breadcrumb"},"inLanguage":"fr-FR","potentialAction":[{"@type":"ReadAction","target":["https:\/\/oleonagre.fr\/ferme\/croissance\/"]}]},{"@type":"BreadcrumbList","@id":"https:\/\/oleonagre.fr\/ferme\/croissance\/#breadcrumb","itemListElement":[{"@type":"ListItem","position":1,"name":"Home","item":"https:\/\/oleonagre.fr\/ferme\/"},{"@type":"ListItem","position":2,"name":"Croissance"}]},{"@type":"WebSite","@id":"https:\/\/oleonagre.fr\/ferme\/#website","url":"https:\/\/oleonagre.fr\/ferme\/","name":"Ol\u00e9onagre - Huile d'onagre biologique","description":"Huile d&#039;onagre biologique, Huile de bourrache biologique","potentialAction":[{"@type":"SearchAction","target":{"@type":"EntryPoint","urlTemplate":"https:\/\/oleonagre.fr\/ferme\/?s={search_term_string}"},"query-input":{"@type":"PropertyValueSpecification","valueRequired":true,"valueName":"search_term_string"}}],"inLanguage":"fr-FR"}]}},"_links":{"self":[{"href":"https:\/\/oleonagre.fr\/ferme\/wp-json\/wp\/v2\/pages\/61","targetHints":{"allow":["GET"]}}],"collection":[{"href":"https:\/\/oleonagre.fr\/ferme\/wp-json\/wp\/v2\/pages"}],"about":[{"href":"https:\/\/oleonagre.fr\/ferme\/wp-json\/wp\/v2\/types\/page"}],"author":[{"embeddable":true,"href":"https:\/\/oleonagre.fr\/ferme\/wp-json\/wp\/v2\/users\/1"}],"replies":[{"embeddable":true,"href":"https:\/\/oleonagre.fr\/ferme\/wp-json\/wp\/v2\/comments?post=61"}],"version-history":[{"count":3,"href":"https:\/\/oleonagre.fr\/ferme\/wp-json\/wp\/v2\/pages\/61\/revisions"}],"predecessor-version":[{"id":67,"href":"https:\/\/oleonagre.fr\/ferme\/wp-json\/wp\/v2\/pages\/61\/revisions\/67"}],"wp:attachment":[{"href":"https:\/\/oleonagre.fr\/ferme\/wp-json\/wp\/v2\/media?parent=61"}],"curies":[{"name":"wp","href":"https:\/\/api.w.org\/{rel}","templated":true}]}}