{"id":649,"date":"2024-04-15T10:19:14","date_gmt":"2024-04-15T08:19:14","guid":{"rendered":"https:\/\/oleonagre.fr\/ferme\/?page_id=649"},"modified":"2024-11-28T14:47:58","modified_gmt":"2024-11-28T13:47:58","slug":"notre-boutique","status":"publish","type":"page","link":"https:\/\/oleonagre.fr\/ferme\/notre-boutique\/","title":{"rendered":"Notre boutique"},"content":{"rendered":"\t\t<div data-elementor-type=\"wp-page\" data-elementor-id=\"649\" class=\"elementor elementor-649\">\n\t\t\t\t<div class=\"elementor-element elementor-element-3c27d042 e-flex e-con-boxed e-con e-parent\" data-id=\"3c27d042\" data-element_type=\"container\" data-e-type=\"container\">\n\t\t\t\t\t<div class=\"e-con-inner\">\n\t\t\t\t<div class=\"elementor-element elementor-element-9728058 eael-product-grid-column-4 elementor-widget elementor-widget-eicon-woocommerce\" data-id=\"9728058\" data-element_type=\"widget\" data-e-type=\"widget\" data-widget_type=\"eicon-woocommerce.default\">\n\t\t\t\t<div class=\"elementor-widget-container\">\n\t\t\t\t\t\n        <div class=\"eael-product-grid eael-product-default grid\" id=\"eael-product-grid\" data-widget-id=\"9728058\" data-page-id=\"649\" data-nonce=\"4c5eec707c\" >\n            <div class=\"woocommerce\">\n                <ul class=\"products eael-post-appender eael-post-appender-9728058\" data-ssi-desktop=\"no\" data-ssi-tablet=\"no\" data-ssi-mobile=\"no\" data-layout-mode=\"grid\"><li class=\"desktop-align-left tablet-align-left mobile-align-left product type-product post-544 status-publish first instock product_cat-huiles-biologiques has-post-thumbnail taxable shipping-taxable purchasable product-type-simple\">\n\t<a href=\"https:\/\/oleonagre.fr\/ferme\/produit\/flacon-dhuile-donagre-de-100-ml\/\" class=\"woocommerce-LoopProduct-link woocommerce-loop-product__link\"><img decoding=\"async\" width=\"146\" height=\"300\" src=\"https:\/\/oleonagre.fr\/ferme\/wp-content\/uploads\/2024\/10\/ONAGRE-FLACON-146x300.webp\" class=\"attachment-medium size-medium\" alt=\"Flacon d\u2019huile d\u2019Onagre de 100 ml\" srcset=\"https:\/\/oleonagre.fr\/ferme\/wp-content\/uploads\/2024\/10\/ONAGRE-FLACON-146x300.webp 146w, https:\/\/oleonagre.fr\/ferme\/wp-content\/uploads\/2024\/10\/ONAGRE-FLACON-499x1024.webp 499w, https:\/\/oleonagre.fr\/ferme\/wp-content\/uploads\/2024\/10\/ONAGRE-FLACON-600x1230.webp 600w, https:\/\/oleonagre.fr\/ferme\/wp-content\/uploads\/2024\/10\/ONAGRE-FLACON.webp 732w\" sizes=\"(max-width: 146px) 100vw, 146px\" \/><h2 class=\"woocommerce-loop-product__title\">Flacon d\u2019huile d\u2019Onagre de 100 ml<\/h2>\n\t<span class=\"price\"><span class=\"woocommerce-Price-amount amount\"><bdi>35,50&nbsp;<span class=\"woocommerce-Price-currencySymbol\">&euro;<\/span><\/bdi><\/span><\/span>\n<\/a><a href=\"\/ferme\/wp-json\/wp\/v2\/pages\/649?add-to-cart=544\" data-quantity=\"1\" class=\"ast-on-card-button ast-select-options-trigger product_type_simple add_to_cart_button ajax_add_to_cart\" data-product_id=\"544\" data-product_sku=\"\" aria-label=\"Ajouter au panier\u00a0: &ldquo;Flacon d\u2019huile d\u2019Onagre de 100 ml&rdquo;\" rel=\"nofollow\"> <span class=\"ast-card-action-tooltip\"> Ajouter au panier <\/span> <span class=\"ahfb-svg-iconset\"> <span class=\"ast-icon icon-bag\"><svg xmlns=\"http:\/\/www.w3.org\/2000\/svg\" xmlns:xlink=\"http:\/\/www.w3.org\/1999\/xlink\" version=\"1.1\" id=\"ast-bag-icon-svg\" x=\"0px\" y=\"0px\" width=\"100\" height=\"100\" viewBox=\"826 826 140 140\" enable-background=\"new 826 826 140 140\" xml:space=\"preserve\">\n\t\t\t\t<path d=\"M960.758,934.509l2.632,23.541c0.15,1.403-0.25,2.657-1.203,3.761c-0.953,1.053-2.156,1.579-3.61,1.579H833.424  c-1.454,0-2.657-0.526-3.61-1.579c-0.952-1.104-1.354-2.357-1.203-3.761l2.632-23.541H960.758z M953.763,871.405l6.468,58.29H831.77  l6.468-58.29c0.15-1.203,0.677-2.218,1.58-3.045c0.903-0.827,1.981-1.241,3.234-1.241h19.254v9.627c0,2.658,0.94,4.927,2.82,6.807  s4.149,2.82,6.807,2.82c2.658,0,4.926-0.94,6.807-2.82s2.821-4.149,2.821-6.807v-9.627h28.882v9.627  c0,2.658,0.939,4.927,2.819,6.807c1.881,1.88,4.149,2.82,6.807,2.82s4.927-0.94,6.808-2.82c1.879-1.88,2.82-4.149,2.82-6.807v-9.627  h19.253c1.255,0,2.332,0.414,3.235,1.241C953.086,869.187,953.612,870.202,953.763,871.405z M924.881,857.492v19.254  c0,1.304-0.476,2.432-1.429,3.385s-2.08,1.429-3.385,1.429c-1.303,0-2.432-0.477-3.384-1.429c-0.953-0.953-1.43-2.081-1.43-3.385  v-19.254c0-5.315-1.881-9.853-5.641-13.613c-3.76-3.761-8.298-5.641-13.613-5.641s-9.853,1.88-13.613,5.641  c-3.761,3.76-5.641,8.298-5.641,13.613v19.254c0,1.304-0.476,2.432-1.429,3.385c-0.953,0.953-2.081,1.429-3.385,1.429  c-1.303,0-2.432-0.477-3.384-1.429c-0.953-0.953-1.429-2.081-1.429-3.385v-19.254c0-7.973,2.821-14.779,8.461-20.42  c5.641-5.641,12.448-8.461,20.42-8.461c7.973,0,14.779,2.82,20.42,8.461C922.062,842.712,924.881,849.519,924.881,857.492z\" \/>\n\t\t\t\t<\/svg><\/span> <\/span> <\/a><a href=\"\/ferme\/wp-json\/wp\/v2\/pages\/649?add-to-cart=544\" aria-describedby=\"woocommerce_loop_add_to_cart_link_describedby_544\" data-quantity=\"1\" class=\"button product_type_simple add_to_cart_button ajax_add_to_cart\" data-product_id=\"544\" data-product_sku=\"\" aria-label=\"Ajouter au panier\u00a0: &ldquo;Flacon d\u2019huile d\u2019Onagre de 100 ml&rdquo;\" rel=\"nofollow\" data-success_message=\"\u00ab\u00a0Flacon d\u2019huile d\u2019Onagre de 100 ml\u00a0\u00bb a \u00e9t\u00e9 ajout\u00e9 \u00e0 votre panier\" role=\"button\">Ajouter au panier<\/a>\t<span id=\"woocommerce_loop_add_to_cart_link_describedby_544\" class=\"screen-reader-text\">\n\t\t\t<\/span>\n<\/li>\n<li class=\"desktop-align-left tablet-align-left mobile-align-left product type-product post-562 status-publish instock product_cat-huiles-biologiques has-post-thumbnail taxable shipping-taxable purchasable product-type-simple\">\n\t<a href=\"https:\/\/oleonagre.fr\/ferme\/produit\/lacon-dhuile-complexe-dhuiles-onagre-bourrache-et-huiles-essentielles-de-30-ml\/\" class=\"woocommerce-LoopProduct-link woocommerce-loop-product__link\"><img decoding=\"async\" width=\"149\" height=\"300\" src=\"https:\/\/oleonagre.fr\/ferme\/wp-content\/uploads\/2024\/04\/HUILE-VISAGE-FLACON-e1729019696564.webp\" class=\"attachment-medium size-medium\" alt=\"Flacon &quot;complexe d\u2019huiles d&#039;Onagre, de Bourrache et d&#039;Huiles essentielles&quot; de 30 ml\" \/><h2 class=\"woocommerce-loop-product__title\">Flacon \u00ab\u00a0complexe d\u2019huiles d&rsquo;Onagre, de Bourrache et d&rsquo;Huiles essentielles\u00a0\u00bb de 30 ml<\/h2>\n\t<span class=\"price\"><span class=\"woocommerce-Price-amount amount\"><bdi>29,50&nbsp;<span class=\"woocommerce-Price-currencySymbol\">&euro;<\/span><\/bdi><\/span><\/span>\n<\/a><a href=\"\/ferme\/wp-json\/wp\/v2\/pages\/649?add-to-cart=562\" data-quantity=\"1\" class=\"ast-on-card-button ast-select-options-trigger product_type_simple add_to_cart_button ajax_add_to_cart\" data-product_id=\"562\" data-product_sku=\"\" aria-label=\"Ajouter au panier\u00a0: &ldquo;Flacon &quot;complexe d\u2019huiles d&#039;Onagre, de Bourrache et d&#039;Huiles essentielles&quot; de 30 ml&rdquo;\" rel=\"nofollow\"> <span class=\"ast-card-action-tooltip\"> Ajouter au panier <\/span> <span class=\"ahfb-svg-iconset\"> <span class=\"ast-icon icon-bag\"><svg xmlns=\"http:\/\/www.w3.org\/2000\/svg\" xmlns:xlink=\"http:\/\/www.w3.org\/1999\/xlink\" version=\"1.1\" id=\"ast-bag-icon-svg\" x=\"0px\" y=\"0px\" width=\"100\" height=\"100\" viewBox=\"826 826 140 140\" enable-background=\"new 826 826 140 140\" xml:space=\"preserve\">\n\t\t\t\t<path d=\"M960.758,934.509l2.632,23.541c0.15,1.403-0.25,2.657-1.203,3.761c-0.953,1.053-2.156,1.579-3.61,1.579H833.424  c-1.454,0-2.657-0.526-3.61-1.579c-0.952-1.104-1.354-2.357-1.203-3.761l2.632-23.541H960.758z M953.763,871.405l6.468,58.29H831.77  l6.468-58.29c0.15-1.203,0.677-2.218,1.58-3.045c0.903-0.827,1.981-1.241,3.234-1.241h19.254v9.627c0,2.658,0.94,4.927,2.82,6.807  s4.149,2.82,6.807,2.82c2.658,0,4.926-0.94,6.807-2.82s2.821-4.149,2.821-6.807v-9.627h28.882v9.627  c0,2.658,0.939,4.927,2.819,6.807c1.881,1.88,4.149,2.82,6.807,2.82s4.927-0.94,6.808-2.82c1.879-1.88,2.82-4.149,2.82-6.807v-9.627  h19.253c1.255,0,2.332,0.414,3.235,1.241C953.086,869.187,953.612,870.202,953.763,871.405z M924.881,857.492v19.254  c0,1.304-0.476,2.432-1.429,3.385s-2.08,1.429-3.385,1.429c-1.303,0-2.432-0.477-3.384-1.429c-0.953-0.953-1.43-2.081-1.43-3.385  v-19.254c0-5.315-1.881-9.853-5.641-13.613c-3.76-3.761-8.298-5.641-13.613-5.641s-9.853,1.88-13.613,5.641  c-3.761,3.76-5.641,8.298-5.641,13.613v19.254c0,1.304-0.476,2.432-1.429,3.385c-0.953,0.953-2.081,1.429-3.385,1.429  c-1.303,0-2.432-0.477-3.384-1.429c-0.953-0.953-1.429-2.081-1.429-3.385v-19.254c0-7.973,2.821-14.779,8.461-20.42  c5.641-5.641,12.448-8.461,20.42-8.461c7.973,0,14.779,2.82,20.42,8.461C922.062,842.712,924.881,849.519,924.881,857.492z\" \/>\n\t\t\t\t<\/svg><\/span> <\/span> <\/a><a href=\"\/ferme\/wp-json\/wp\/v2\/pages\/649?add-to-cart=562\" aria-describedby=\"woocommerce_loop_add_to_cart_link_describedby_562\" data-quantity=\"1\" class=\"button product_type_simple add_to_cart_button ajax_add_to_cart\" data-product_id=\"562\" data-product_sku=\"\" aria-label=\"Ajouter au panier\u00a0: &ldquo;Flacon &quot;complexe d\u2019huiles d&#039;Onagre, de Bourrache et d&#039;Huiles essentielles&quot; de 30 ml&rdquo;\" rel=\"nofollow\" data-success_message=\"\u00ab\u00a0Flacon &quot;complexe d\u2019huiles d&#039;Onagre, de Bourrache et d&#039;Huiles essentielles&quot; de 30 ml\u00a0\u00bb a \u00e9t\u00e9 ajout\u00e9 \u00e0 votre panier\" role=\"button\">Ajouter au panier<\/a>\t<span id=\"woocommerce_loop_add_to_cart_link_describedby_562\" class=\"screen-reader-text\">\n\t\t\t<\/span>\n<\/li>\n<li class=\"desktop-align-left tablet-align-left mobile-align-left product type-product post-559 status-publish instock product_cat-huiles-biologiques has-post-thumbnail taxable shipping-taxable purchasable product-type-simple\">\n\t<a href=\"https:\/\/oleonagre.fr\/ferme\/produit\/flacon-dhuile-de-bourrache-onagre-100-ml\/\" class=\"woocommerce-LoopProduct-link woocommerce-loop-product__link\"><img decoding=\"async\" width=\"156\" height=\"300\" src=\"https:\/\/oleonagre.fr\/ferme\/wp-content\/uploads\/2024\/10\/OB-FLACON-156x300.webp\" class=\"attachment-medium size-medium\" alt=\"Flacon d\u2019huile d&#039;Onagre et de Bourrache m\u00e9lang\u00e9es de 100 ml\" srcset=\"https:\/\/oleonagre.fr\/ferme\/wp-content\/uploads\/2024\/10\/OB-FLACON-156x300.webp 156w, https:\/\/oleonagre.fr\/ferme\/wp-content\/uploads\/2024\/10\/OB-FLACON-532x1024.webp 532w, https:\/\/oleonagre.fr\/ferme\/wp-content\/uploads\/2024\/10\/OB-FLACON-768x1478.webp 768w, https:\/\/oleonagre.fr\/ferme\/wp-content\/uploads\/2024\/10\/OB-FLACON-798x1536.webp 798w, https:\/\/oleonagre.fr\/ferme\/wp-content\/uploads\/2024\/10\/OB-FLACON-600x1155.webp 600w, https:\/\/oleonagre.fr\/ferme\/wp-content\/uploads\/2024\/10\/OB-FLACON.webp 875w\" sizes=\"(max-width: 156px) 100vw, 156px\" \/><h2 class=\"woocommerce-loop-product__title\">Flacon d\u2019huile d&rsquo;Onagre et de Bourrache m\u00e9lang\u00e9es de 100 ml<\/h2>\n\t<span class=\"price\"><span class=\"woocommerce-Price-amount amount\"><bdi>38,50&nbsp;<span class=\"woocommerce-Price-currencySymbol\">&euro;<\/span><\/bdi><\/span><\/span>\n<\/a><a href=\"\/ferme\/wp-json\/wp\/v2\/pages\/649?add-to-cart=559\" data-quantity=\"1\" class=\"ast-on-card-button ast-select-options-trigger product_type_simple add_to_cart_button ajax_add_to_cart\" data-product_id=\"559\" data-product_sku=\"\" aria-label=\"Ajouter au panier\u00a0: &ldquo;Flacon d\u2019huile d&#039;Onagre et de Bourrache m\u00e9lang\u00e9es de 100 ml&rdquo;\" rel=\"nofollow\"> <span class=\"ast-card-action-tooltip\"> Ajouter au panier <\/span> <span class=\"ahfb-svg-iconset\"> <span class=\"ast-icon icon-bag\"><svg xmlns=\"http:\/\/www.w3.org\/2000\/svg\" xmlns:xlink=\"http:\/\/www.w3.org\/1999\/xlink\" version=\"1.1\" id=\"ast-bag-icon-svg\" x=\"0px\" y=\"0px\" width=\"100\" height=\"100\" viewBox=\"826 826 140 140\" enable-background=\"new 826 826 140 140\" xml:space=\"preserve\">\n\t\t\t\t<path d=\"M960.758,934.509l2.632,23.541c0.15,1.403-0.25,2.657-1.203,3.761c-0.953,1.053-2.156,1.579-3.61,1.579H833.424  c-1.454,0-2.657-0.526-3.61-1.579c-0.952-1.104-1.354-2.357-1.203-3.761l2.632-23.541H960.758z M953.763,871.405l6.468,58.29H831.77  l6.468-58.29c0.15-1.203,0.677-2.218,1.58-3.045c0.903-0.827,1.981-1.241,3.234-1.241h19.254v9.627c0,2.658,0.94,4.927,2.82,6.807  s4.149,2.82,6.807,2.82c2.658,0,4.926-0.94,6.807-2.82s2.821-4.149,2.821-6.807v-9.627h28.882v9.627  c0,2.658,0.939,4.927,2.819,6.807c1.881,1.88,4.149,2.82,6.807,2.82s4.927-0.94,6.808-2.82c1.879-1.88,2.82-4.149,2.82-6.807v-9.627  h19.253c1.255,0,2.332,0.414,3.235,1.241C953.086,869.187,953.612,870.202,953.763,871.405z M924.881,857.492v19.254  c0,1.304-0.476,2.432-1.429,3.385s-2.08,1.429-3.385,1.429c-1.303,0-2.432-0.477-3.384-1.429c-0.953-0.953-1.43-2.081-1.43-3.385  v-19.254c0-5.315-1.881-9.853-5.641-13.613c-3.76-3.761-8.298-5.641-13.613-5.641s-9.853,1.88-13.613,5.641  c-3.761,3.76-5.641,8.298-5.641,13.613v19.254c0,1.304-0.476,2.432-1.429,3.385c-0.953,0.953-2.081,1.429-3.385,1.429  c-1.303,0-2.432-0.477-3.384-1.429c-0.953-0.953-1.429-2.081-1.429-3.385v-19.254c0-7.973,2.821-14.779,8.461-20.42  c5.641-5.641,12.448-8.461,20.42-8.461c7.973,0,14.779,2.82,20.42,8.461C922.062,842.712,924.881,849.519,924.881,857.492z\" \/>\n\t\t\t\t<\/svg><\/span> <\/span> <\/a><a href=\"\/ferme\/wp-json\/wp\/v2\/pages\/649?add-to-cart=559\" aria-describedby=\"woocommerce_loop_add_to_cart_link_describedby_559\" data-quantity=\"1\" class=\"button product_type_simple add_to_cart_button ajax_add_to_cart\" data-product_id=\"559\" data-product_sku=\"\" aria-label=\"Ajouter au panier\u00a0: &ldquo;Flacon d\u2019huile d&#039;Onagre et de Bourrache m\u00e9lang\u00e9es de 100 ml&rdquo;\" rel=\"nofollow\" data-success_message=\"\u00ab\u00a0Flacon d\u2019huile d&#039;Onagre et de Bourrache m\u00e9lang\u00e9es de 100 ml\u00a0\u00bb a \u00e9t\u00e9 ajout\u00e9 \u00e0 votre panier\" role=\"button\">Ajouter au panier<\/a>\t<span id=\"woocommerce_loop_add_to_cart_link_describedby_559\" class=\"screen-reader-text\">\n\t\t\t<\/span>\n<\/li>\n<\/ul>            <\/div>\n        <\/div>\n\n        <script type=\"text\/javascript\">\n            jQuery(document).ready(function($) {\n                var $scope = jQuery(\".elementor-element-9728058\");\n                var $products = $('.products', $scope);\n                var $layout_mode = $products.data('layout-mode');\n                \n                if ( $layout_mode === 'masonry' ) {\n                    \/\/ init isotope\n                    var $isotope_products = $products.isotope({\n                        itemSelector: \"li.product\",\n                        layoutMode: $layout_mode,\n                        percentPosition: true\n                    });\n\n                    $isotope_products.imagesLoaded().progress( function() {\n                        $isotope_products.isotope('layout');\n                    })\n                    \n                }\n            });\n        <\/script>\n        \t\t\t\t<\/div>\n\t\t\t\t<\/div>\n\t\t\t\t\t<\/div>\n\t\t\t\t<\/div>\n\t\t\t\t<\/div>\n\t\t","protected":false},"excerpt":{"rendered":"<p>Flacon d\u2019huile d\u2019onagre de 100 ml Note 0 sur 5 35,50&nbsp;&euro; Ajouter au panier Ajouter au panier Huiles biologiques Flacon [&hellip;]<\/p>\n","protected":false},"author":1,"featured_media":0,"parent":0,"menu_order":0,"comment_status":"closed","ping_status":"open","template":"","meta":{"site-sidebar-layout":"default","site-content-layout":"","ast-site-content-layout":"default","site-content-style":"default","site-sidebar-style":"default","ast-global-header-display":"","ast-banner-title-visibility":"","ast-main-header-display":"","ast-hfb-above-header-display":"","ast-hfb-below-header-display":"","ast-hfb-mobile-header-display":"","site-post-title":"","ast-breadcrumbs-content":"","ast-featured-img":"","footer-sml-layout":"","ast-disable-related-posts":"","theme-transparent-header-meta":"","adv-header-id-meta":"","stick-header-meta":"","header-above-stick-meta":"","header-main-stick-meta":"","header-below-stick-meta":"","astra-migrate-meta-layouts":"default","ast-page-background-enabled":"default","ast-page-background-meta":{"desktop":{"background-color":"var(--ast-global-color-4)","background-image":"","background-repeat":"repeat","background-position":"center center","background-size":"auto","background-attachment":"scroll","background-type":"","background-media":"","overlay-type":"","overlay-color":"","overlay-opacity":"","overlay-gradient":""},"tablet":{"background-color":"","background-image":"","background-repeat":"repeat","background-position":"center center","background-size":"auto","background-attachment":"scroll","background-type":"","background-media":"","overlay-type":"","overlay-color":"","overlay-opacity":"","overlay-gradient":""},"mobile":{"background-color":"","background-image":"","background-repeat":"repeat","background-position":"center center","background-size":"auto","background-attachment":"scroll","background-type":"","background-media":"","overlay-type":"","overlay-color":"","overlay-opacity":"","overlay-gradient":""}},"ast-content-background-meta":{"desktop":{"background-color":"var(--ast-global-color-5)","background-image":"","background-repeat":"repeat","background-position":"center center","background-size":"auto","background-attachment":"scroll","background-type":"","background-media":"","overlay-type":"","overlay-color":"","overlay-opacity":"","overlay-gradient":""},"tablet":{"background-color":"var(--ast-global-color-5)","background-image":"","background-repeat":"repeat","background-position":"center center","background-size":"auto","background-attachment":"scroll","background-type":"","background-media":"","overlay-type":"","overlay-color":"","overlay-opacity":"","overlay-gradient":""},"mobile":{"background-color":"var(--ast-global-color-5)","background-image":"","background-repeat":"repeat","background-position":"center center","background-size":"auto","background-attachment":"scroll","background-type":"","background-media":"","overlay-type":"","overlay-color":"","overlay-opacity":"","overlay-gradient":""}},"footnotes":""},"class_list":["post-649","page","type-page","status-publish","hentry","desktop-align-left","tablet-align-left","mobile-align-left"],"yoast_head":"<!-- This site is optimized with the Yoast SEO plugin v27.3 - https:\/\/yoast.com\/product\/yoast-seo-wordpress\/ -->\n<title>Notre boutique - Huile d&#039;onagre biologique - Huile de bourrache biologique -Ol\u00e9onagre<\/title>\n<meta name=\"robots\" content=\"index, follow, max-snippet:-1, max-image-preview:large, max-video-preview:-1\" \/>\n<link rel=\"canonical\" href=\"https:\/\/oleonagre.fr\/ferme\/notre-boutique\/\" \/>\n<meta property=\"og:locale\" content=\"fr_FR\" \/>\n<meta property=\"og:type\" content=\"article\" \/>\n<meta property=\"og:title\" content=\"Notre boutique - Huile d&#039;onagre biologique - Huile de bourrache biologique -Ol\u00e9onagre\" \/>\n<meta property=\"og:description\" content=\"Flacon d\u2019huile d\u2019onagre de 100 ml Note 0 sur 5 35,50&nbsp;&euro; Ajouter au panier Ajouter au panier Huiles biologiques Flacon [&hellip;]\" \/>\n<meta property=\"og:url\" content=\"https:\/\/oleonagre.fr\/ferme\/notre-boutique\/\" \/>\n<meta property=\"og:site_name\" content=\"Huile d&#039;onagre biologique - Huile de bourrache biologique -Ol\u00e9onagre\" \/>\n<meta property=\"article:modified_time\" content=\"2024-11-28T13:47:58+00:00\" \/>\n<meta property=\"og:image\" content=\"https:\/\/oleonagre.fr\/ferme\/wp-content\/uploads\/2024\/04\/onagre-photo-03.webp\" \/>\n<meta name=\"twitter:card\" content=\"summary_large_image\" \/>\n<meta name=\"twitter:label1\" content=\"Dur\u00e9e de lecture estim\u00e9e\" \/>\n\t<meta name=\"twitter:data1\" content=\"2 minutes\" \/>\n<script type=\"application\/ld+json\" class=\"yoast-schema-graph\">{\"@context\":\"https:\\\/\\\/schema.org\",\"@graph\":[{\"@type\":\"WebPage\",\"@id\":\"https:\\\/\\\/oleonagre.fr\\\/ferme\\\/notre-boutique\\\/\",\"url\":\"https:\\\/\\\/oleonagre.fr\\\/ferme\\\/notre-boutique\\\/\",\"name\":\"Notre boutique - Huile d&#039;onagre biologique - Huile de bourrache biologique -Ol\u00e9onagre\",\"isPartOf\":{\"@id\":\"https:\\\/\\\/oleonagre.fr\\\/ferme\\\/#website\"},\"primaryImageOfPage\":{\"@id\":\"https:\\\/\\\/oleonagre.fr\\\/ferme\\\/notre-boutique\\\/#primaryimage\"},\"image\":{\"@id\":\"https:\\\/\\\/oleonagre.fr\\\/ferme\\\/notre-boutique\\\/#primaryimage\"},\"thumbnailUrl\":\"https:\\\/\\\/oleonagre.fr\\\/ferme\\\/wp-content\\\/uploads\\\/2024\\\/04\\\/onagre-photo-03.webp\",\"datePublished\":\"2024-04-15T08:19:14+00:00\",\"dateModified\":\"2024-11-28T13:47:58+00:00\",\"breadcrumb\":{\"@id\":\"https:\\\/\\\/oleonagre.fr\\\/ferme\\\/notre-boutique\\\/#breadcrumb\"},\"inLanguage\":\"fr-FR\",\"potentialAction\":[{\"@type\":\"ReadAction\",\"target\":[\"https:\\\/\\\/oleonagre.fr\\\/ferme\\\/notre-boutique\\\/\"]}]},{\"@type\":\"ImageObject\",\"inLanguage\":\"fr-FR\",\"@id\":\"https:\\\/\\\/oleonagre.fr\\\/ferme\\\/notre-boutique\\\/#primaryimage\",\"url\":\"https:\\\/\\\/oleonagre.fr\\\/ferme\\\/wp-content\\\/uploads\\\/2024\\\/04\\\/onagre-photo-03.webp\",\"contentUrl\":\"https:\\\/\\\/oleonagre.fr\\\/ferme\\\/wp-content\\\/uploads\\\/2024\\\/04\\\/onagre-photo-03.webp\",\"width\":250,\"height\":269},{\"@type\":\"BreadcrumbList\",\"@id\":\"https:\\\/\\\/oleonagre.fr\\\/ferme\\\/notre-boutique\\\/#breadcrumb\",\"itemListElement\":[{\"@type\":\"ListItem\",\"position\":1,\"name\":\"Home\",\"item\":\"https:\\\/\\\/oleonagre.fr\\\/ferme\\\/\"},{\"@type\":\"ListItem\",\"position\":2,\"name\":\"Notre boutique\"}]},{\"@type\":\"WebSite\",\"@id\":\"https:\\\/\\\/oleonagre.fr\\\/ferme\\\/#website\",\"url\":\"https:\\\/\\\/oleonagre.fr\\\/ferme\\\/\",\"name\":\"Ol\u00e9onagre - Huile d'onagre biologique\",\"description\":\"Huile d&#039;onagre biologique, Huile de bourrache biologique\",\"potentialAction\":[{\"@type\":\"SearchAction\",\"target\":{\"@type\":\"EntryPoint\",\"urlTemplate\":\"https:\\\/\\\/oleonagre.fr\\\/ferme\\\/?s={search_term_string}\"},\"query-input\":{\"@type\":\"PropertyValueSpecification\",\"valueRequired\":true,\"valueName\":\"search_term_string\"}}],\"inLanguage\":\"fr-FR\"}]}<\/script>\n<!-- \/ Yoast SEO plugin. -->","yoast_head_json":{"title":"Notre boutique - Huile d&#039;onagre biologique - Huile de bourrache biologique -Ol\u00e9onagre","robots":{"index":"index","follow":"follow","max-snippet":"max-snippet:-1","max-image-preview":"max-image-preview:large","max-video-preview":"max-video-preview:-1"},"canonical":"https:\/\/oleonagre.fr\/ferme\/notre-boutique\/","og_locale":"fr_FR","og_type":"article","og_title":"Notre boutique - Huile d&#039;onagre biologique - Huile de bourrache biologique -Ol\u00e9onagre","og_description":"Flacon d\u2019huile d\u2019onagre de 100 ml Note 0 sur 5 35,50&nbsp;&euro; Ajouter au panier Ajouter au panier Huiles biologiques Flacon [&hellip;]","og_url":"https:\/\/oleonagre.fr\/ferme\/notre-boutique\/","og_site_name":"Huile d&#039;onagre biologique - Huile de bourrache biologique -Ol\u00e9onagre","article_modified_time":"2024-11-28T13:47:58+00:00","og_image":[{"url":"https:\/\/oleonagre.fr\/ferme\/wp-content\/uploads\/2024\/04\/onagre-photo-03.webp","type":"","width":"","height":""}],"twitter_card":"summary_large_image","twitter_misc":{"Dur\u00e9e de lecture estim\u00e9e":"2 minutes"},"schema":{"@context":"https:\/\/schema.org","@graph":[{"@type":"WebPage","@id":"https:\/\/oleonagre.fr\/ferme\/notre-boutique\/","url":"https:\/\/oleonagre.fr\/ferme\/notre-boutique\/","name":"Notre boutique - Huile d&#039;onagre biologique - Huile de bourrache biologique -Ol\u00e9onagre","isPartOf":{"@id":"https:\/\/oleonagre.fr\/ferme\/#website"},"primaryImageOfPage":{"@id":"https:\/\/oleonagre.fr\/ferme\/notre-boutique\/#primaryimage"},"image":{"@id":"https:\/\/oleonagre.fr\/ferme\/notre-boutique\/#primaryimage"},"thumbnailUrl":"https:\/\/oleonagre.fr\/ferme\/wp-content\/uploads\/2024\/04\/onagre-photo-03.webp","datePublished":"2024-04-15T08:19:14+00:00","dateModified":"2024-11-28T13:47:58+00:00","breadcrumb":{"@id":"https:\/\/oleonagre.fr\/ferme\/notre-boutique\/#breadcrumb"},"inLanguage":"fr-FR","potentialAction":[{"@type":"ReadAction","target":["https:\/\/oleonagre.fr\/ferme\/notre-boutique\/"]}]},{"@type":"ImageObject","inLanguage":"fr-FR","@id":"https:\/\/oleonagre.fr\/ferme\/notre-boutique\/#primaryimage","url":"https:\/\/oleonagre.fr\/ferme\/wp-content\/uploads\/2024\/04\/onagre-photo-03.webp","contentUrl":"https:\/\/oleonagre.fr\/ferme\/wp-content\/uploads\/2024\/04\/onagre-photo-03.webp","width":250,"height":269},{"@type":"BreadcrumbList","@id":"https:\/\/oleonagre.fr\/ferme\/notre-boutique\/#breadcrumb","itemListElement":[{"@type":"ListItem","position":1,"name":"Home","item":"https:\/\/oleonagre.fr\/ferme\/"},{"@type":"ListItem","position":2,"name":"Notre boutique"}]},{"@type":"WebSite","@id":"https:\/\/oleonagre.fr\/ferme\/#website","url":"https:\/\/oleonagre.fr\/ferme\/","name":"Ol\u00e9onagre - Huile d'onagre biologique","description":"Huile d&#039;onagre biologique, Huile de bourrache biologique","potentialAction":[{"@type":"SearchAction","target":{"@type":"EntryPoint","urlTemplate":"https:\/\/oleonagre.fr\/ferme\/?s={search_term_string}"},"query-input":{"@type":"PropertyValueSpecification","valueRequired":true,"valueName":"search_term_string"}}],"inLanguage":"fr-FR"}]}},"_links":{"self":[{"href":"https:\/\/oleonagre.fr\/ferme\/wp-json\/wp\/v2\/pages\/649","targetHints":{"allow":["GET"]}}],"collection":[{"href":"https:\/\/oleonagre.fr\/ferme\/wp-json\/wp\/v2\/pages"}],"about":[{"href":"https:\/\/oleonagre.fr\/ferme\/wp-json\/wp\/v2\/types\/page"}],"author":[{"embeddable":true,"href":"https:\/\/oleonagre.fr\/ferme\/wp-json\/wp\/v2\/users\/1"}],"replies":[{"embeddable":true,"href":"https:\/\/oleonagre.fr\/ferme\/wp-json\/wp\/v2\/comments?post=649"}],"version-history":[{"count":29,"href":"https:\/\/oleonagre.fr\/ferme\/wp-json\/wp\/v2\/pages\/649\/revisions"}],"predecessor-version":[{"id":807,"href":"https:\/\/oleonagre.fr\/ferme\/wp-json\/wp\/v2\/pages\/649\/revisions\/807"}],"wp:attachment":[{"href":"https:\/\/oleonagre.fr\/ferme\/wp-json\/wp\/v2\/media?parent=649"}],"curies":[{"name":"wp","href":"https:\/\/api.w.org\/{rel}","templated":true}]}}