{"id":96,"date":"2024-04-04T17:58:24","date_gmt":"2024-04-04T15:58:24","guid":{"rendered":"https:\/\/oleonagre.fr\/ferme\/?page_id=96"},"modified":"2024-04-04T17:59:08","modified_gmt":"2024-04-04T15:59:08","slug":"historique","status":"publish","type":"page","link":"https:\/\/oleonagre.fr\/ferme\/historique\/","title":{"rendered":"Historique"},"content":{"rendered":"\t\t<div data-elementor-type=\"wp-page\" data-elementor-id=\"96\" class=\"elementor elementor-96\">\n\t\t\t\t<div class=\"elementor-element elementor-element-3c27d042 e-flex e-con-boxed e-con e-parent\" data-id=\"3c27d042\" data-element_type=\"container\" data-e-type=\"container\">\n\t\t\t\t\t<div class=\"e-con-inner\">\n\t\t\t\t<div class=\"elementor-element elementor-element-285c714a elementor-widget elementor-widget-text-editor\" data-id=\"285c714a\" data-element_type=\"widget\" data-e-type=\"widget\" data-widget_type=\"text-editor.default\">\n\t\t\t\t<div class=\"elementor-widget-container\">\n\t\t\t\t\t\t\t\t\t<p>L&rsquo;Onagre est originaire de Tasmanie et d\u2019Am\u00e9rique. Elle fut import\u00e9e dans<br \/>nos contr\u00e9es par hasard, par les marins qui lestaient leurs navires avec de<br \/>la terre pour les stabiliser. Les graines d\u2019onagre, m\u00eal\u00e9es \u00e0 cette terre,<br \/>ont germ\u00e9 au voisinage des ports et ont prolif\u00e9r\u00e9 naturellement en<br \/>Aquitaine.<\/p><p>Les Indiens connaissaient bien les propri\u00e9t\u00e9s th\u00e9rapeutiques de l\u2019onagre.<br \/>Ils cultivaient la plante et les graines pour soigner les maladies de peaux<br \/>et l\u2019asthme. Chez nous, les gu\u00e9risseurs eurent vite fait de l\u2019adopter, pour<br \/>ces m\u00eames qualit\u00e9s, en lui donnant le nom de Panac\u00e9e du Roi. Mais il fallut<br \/>attendre le d\u00e9but du XX\u00e8me si\u00e8cle pour commencer \u00e0 d\u00e9couvrir, par des<br \/>m\u00e9thodes scientifiques, les principales vertus de cette plante. L&rsquo;onagre<br \/>est une plante comestible, mais ce sont surtout ses graines qui sont<br \/>recherch\u00e9es \u00e0 cause de leur haute teneur en acide gamma-linol\u00e9ique (7 \u00e0 10<br \/>%).<\/p><p>L&rsquo;huile est obtenue par pression \u00e0 froid de ses graines. L\u2019huile d\u2019onagre<br \/>constitue une excellente source d\u2019acide gamma-linol\u00e9nique, un acide gras<br \/>essentiel \u00e0 la production de prostaglandines qui interviennent favorablement<br \/>dans plusieurs fonctions de l\u2019organisme. C&rsquo;est un apport nutritionnel<br \/>ad\u00e9quat afin de vous pr\u00e9server contre les d\u00e9s\u00e9quilibres entre les trois<br \/>types de prostaglandines PG1, PG2 et PG3 assurer \u00e0 votre corps une dose<br \/>d&rsquo;entretien quotidien en acides gras essentiels, prot\u00e9geant du m\u00eame coup<br \/>votre syst\u00e8me hormonal ainsi que vos art\u00e8res et votre c\u0153ur. L&rsquo;onagre fait<br \/>depuis le d\u00e9but des ann\u00e9es 70 l&rsquo;objet de nombreuses recherches, tant en<br \/>Europe qu&rsquo;en Am\u00e9rique, et son efficacit\u00e9 dans le traitement de certaines<br \/>maladies a \u00e9t\u00e9 confirm\u00e9e par nombre de chercheurs. L&rsquo;huile d&rsquo;onagre est en<br \/>effet riche en acide gamma-linol\u00e9ique, un acide gras essentiel n\u00e9cessaire \u00e0<br \/>la synth\u00e8se de la prostaglandine E1 qui intervient dans plusieurs processus<br \/>biologiques et dont l&rsquo;importance a \u00e9t\u00e9 de plus en plus v\u00e9rifi\u00e9e des<br \/>derni\u00e8res ann\u00e9es. L&rsquo;huile d&rsquo;onagre est une des rares huiles \u00e0 contenir ce<br \/>type d&rsquo;acide gras essentiel. Il importe surtout de les consommer fra\u00eeches<br \/>et de premi\u00e8re pression \u00e0 froid, pour b\u00e9n\u00e9ficier pleinement de leurs<br \/>vertus.<\/p>\t\t\t\t\t\t\t\t<\/div>\n\t\t\t\t<\/div>\n\t\t\t\t\t<\/div>\n\t\t\t\t<\/div>\n\t\t\t\t<\/div>\n\t\t","protected":false},"excerpt":{"rendered":"<p>L&rsquo;Onagre est originaire de Tasmanie et d\u2019Am\u00e9rique. Elle fut import\u00e9e dansnos contr\u00e9es par hasard, par les marins qui lestaient leurs [&hellip;]<\/p>\n","protected":false},"author":1,"featured_media":0,"parent":0,"menu_order":0,"comment_status":"closed","ping_status":"open","template":"","meta":{"site-sidebar-layout":"default","site-content-layout":"","ast-site-content-layout":"default","site-content-style":"default","site-sidebar-style":"default","ast-global-header-display":"","ast-banner-title-visibility":"","ast-main-header-display":"","ast-hfb-above-header-display":"","ast-hfb-below-header-display":"","ast-hfb-mobile-header-display":"","site-post-title":"","ast-breadcrumbs-content":"","ast-featured-img":"","footer-sml-layout":"","ast-disable-related-posts":"","theme-transparent-header-meta":"","adv-header-id-meta":"","stick-header-meta":"","header-above-stick-meta":"","header-main-stick-meta":"","header-below-stick-meta":"","astra-migrate-meta-layouts":"default","ast-page-background-enabled":"default","ast-page-background-meta":{"desktop":{"background-color":"var(--ast-global-color-4)","background-image":"","background-repeat":"repeat","background-position":"center center","background-size":"auto","background-attachment":"scroll","background-type":"","background-media":"","overlay-type":"","overlay-color":"","overlay-opacity":"","overlay-gradient":""},"tablet":{"background-color":"","background-image":"","background-repeat":"repeat","background-position":"center center","background-size":"auto","background-attachment":"scroll","background-type":"","background-media":"","overlay-type":"","overlay-color":"","overlay-opacity":"","overlay-gradient":""},"mobile":{"background-color":"","background-image":"","background-repeat":"repeat","background-position":"center center","background-size":"auto","background-attachment":"scroll","background-type":"","background-media":"","overlay-type":"","overlay-color":"","overlay-opacity":"","overlay-gradient":""}},"ast-content-background-meta":{"desktop":{"background-color":"var(--ast-global-color-5)","background-image":"","background-repeat":"repeat","background-position":"center center","background-size":"auto","background-attachment":"scroll","background-type":"","background-media":"","overlay-type":"","overlay-color":"","overlay-opacity":"","overlay-gradient":""},"tablet":{"background-color":"var(--ast-global-color-5)","background-image":"","background-repeat":"repeat","background-position":"center center","background-size":"auto","background-attachment":"scroll","background-type":"","background-media":"","overlay-type":"","overlay-color":"","overlay-opacity":"","overlay-gradient":""},"mobile":{"background-color":"var(--ast-global-color-5)","background-image":"","background-repeat":"repeat","background-position":"center center","background-size":"auto","background-attachment":"scroll","background-type":"","background-media":"","overlay-type":"","overlay-color":"","overlay-opacity":"","overlay-gradient":""}},"footnotes":""},"class_list":["post-96","page","type-page","status-publish","hentry"],"yoast_head":"<!-- This site is optimized with the Yoast SEO plugin v27.3 - https:\/\/yoast.com\/product\/yoast-seo-wordpress\/ -->\n<title>Historique - Huile d&#039;onagre biologique - Huile de bourrache biologique -Ol\u00e9onagre<\/title>\n<meta name=\"robots\" content=\"index, follow, max-snippet:-1, max-image-preview:large, max-video-preview:-1\" \/>\n<link rel=\"canonical\" href=\"https:\/\/oleonagre.fr\/ferme\/historique\/\" \/>\n<meta property=\"og:locale\" content=\"fr_FR\" \/>\n<meta property=\"og:type\" content=\"article\" \/>\n<meta property=\"og:title\" content=\"Historique - Huile d&#039;onagre biologique - Huile de bourrache biologique -Ol\u00e9onagre\" \/>\n<meta property=\"og:description\" content=\"L&rsquo;Onagre est originaire de Tasmanie et d\u2019Am\u00e9rique. Elle fut import\u00e9e dansnos contr\u00e9es par hasard, par les marins qui lestaient leurs [&hellip;]\" \/>\n<meta property=\"og:url\" content=\"https:\/\/oleonagre.fr\/ferme\/historique\/\" \/>\n<meta property=\"og:site_name\" content=\"Huile d&#039;onagre biologique - Huile de bourrache biologique -Ol\u00e9onagre\" \/>\n<meta property=\"article:modified_time\" content=\"2024-04-04T15:59:08+00:00\" \/>\n<meta name=\"twitter:card\" content=\"summary_large_image\" \/>\n<meta name=\"twitter:label1\" content=\"Dur\u00e9e de lecture estim\u00e9e\" \/>\n\t<meta name=\"twitter:data1\" content=\"2 minutes\" \/>\n<script type=\"application\/ld+json\" class=\"yoast-schema-graph\">{\"@context\":\"https:\\\/\\\/schema.org\",\"@graph\":[{\"@type\":\"WebPage\",\"@id\":\"https:\\\/\\\/oleonagre.fr\\\/ferme\\\/historique\\\/\",\"url\":\"https:\\\/\\\/oleonagre.fr\\\/ferme\\\/historique\\\/\",\"name\":\"Historique - Huile d&#039;onagre biologique - Huile de bourrache biologique -Ol\u00e9onagre\",\"isPartOf\":{\"@id\":\"https:\\\/\\\/oleonagre.fr\\\/ferme\\\/#website\"},\"datePublished\":\"2024-04-04T15:58:24+00:00\",\"dateModified\":\"2024-04-04T15:59:08+00:00\",\"breadcrumb\":{\"@id\":\"https:\\\/\\\/oleonagre.fr\\\/ferme\\\/historique\\\/#breadcrumb\"},\"inLanguage\":\"fr-FR\",\"potentialAction\":[{\"@type\":\"ReadAction\",\"target\":[\"https:\\\/\\\/oleonagre.fr\\\/ferme\\\/historique\\\/\"]}]},{\"@type\":\"BreadcrumbList\",\"@id\":\"https:\\\/\\\/oleonagre.fr\\\/ferme\\\/historique\\\/#breadcrumb\",\"itemListElement\":[{\"@type\":\"ListItem\",\"position\":1,\"name\":\"Home\",\"item\":\"https:\\\/\\\/oleonagre.fr\\\/ferme\\\/\"},{\"@type\":\"ListItem\",\"position\":2,\"name\":\"Historique\"}]},{\"@type\":\"WebSite\",\"@id\":\"https:\\\/\\\/oleonagre.fr\\\/ferme\\\/#website\",\"url\":\"https:\\\/\\\/oleonagre.fr\\\/ferme\\\/\",\"name\":\"Ol\u00e9onagre - Huile d'onagre biologique\",\"description\":\"Huile d&#039;onagre biologique, Huile de bourrache biologique\",\"potentialAction\":[{\"@type\":\"SearchAction\",\"target\":{\"@type\":\"EntryPoint\",\"urlTemplate\":\"https:\\\/\\\/oleonagre.fr\\\/ferme\\\/?s={search_term_string}\"},\"query-input\":{\"@type\":\"PropertyValueSpecification\",\"valueRequired\":true,\"valueName\":\"search_term_string\"}}],\"inLanguage\":\"fr-FR\"}]}<\/script>\n<!-- \/ Yoast SEO plugin. -->","yoast_head_json":{"title":"Historique - Huile d&#039;onagre biologique - Huile de bourrache biologique -Ol\u00e9onagre","robots":{"index":"index","follow":"follow","max-snippet":"max-snippet:-1","max-image-preview":"max-image-preview:large","max-video-preview":"max-video-preview:-1"},"canonical":"https:\/\/oleonagre.fr\/ferme\/historique\/","og_locale":"fr_FR","og_type":"article","og_title":"Historique - Huile d&#039;onagre biologique - Huile de bourrache biologique -Ol\u00e9onagre","og_description":"L&rsquo;Onagre est originaire de Tasmanie et d\u2019Am\u00e9rique. Elle fut import\u00e9e dansnos contr\u00e9es par hasard, par les marins qui lestaient leurs [&hellip;]","og_url":"https:\/\/oleonagre.fr\/ferme\/historique\/","og_site_name":"Huile d&#039;onagre biologique - Huile de bourrache biologique -Ol\u00e9onagre","article_modified_time":"2024-04-04T15:59:08+00:00","twitter_card":"summary_large_image","twitter_misc":{"Dur\u00e9e de lecture estim\u00e9e":"2 minutes"},"schema":{"@context":"https:\/\/schema.org","@graph":[{"@type":"WebPage","@id":"https:\/\/oleonagre.fr\/ferme\/historique\/","url":"https:\/\/oleonagre.fr\/ferme\/historique\/","name":"Historique - Huile d&#039;onagre biologique - Huile de bourrache biologique -Ol\u00e9onagre","isPartOf":{"@id":"https:\/\/oleonagre.fr\/ferme\/#website"},"datePublished":"2024-04-04T15:58:24+00:00","dateModified":"2024-04-04T15:59:08+00:00","breadcrumb":{"@id":"https:\/\/oleonagre.fr\/ferme\/historique\/#breadcrumb"},"inLanguage":"fr-FR","potentialAction":[{"@type":"ReadAction","target":["https:\/\/oleonagre.fr\/ferme\/historique\/"]}]},{"@type":"BreadcrumbList","@id":"https:\/\/oleonagre.fr\/ferme\/historique\/#breadcrumb","itemListElement":[{"@type":"ListItem","position":1,"name":"Home","item":"https:\/\/oleonagre.fr\/ferme\/"},{"@type":"ListItem","position":2,"name":"Historique"}]},{"@type":"WebSite","@id":"https:\/\/oleonagre.fr\/ferme\/#website","url":"https:\/\/oleonagre.fr\/ferme\/","name":"Ol\u00e9onagre - Huile d'onagre biologique","description":"Huile d&#039;onagre biologique, Huile de bourrache biologique","potentialAction":[{"@type":"SearchAction","target":{"@type":"EntryPoint","urlTemplate":"https:\/\/oleonagre.fr\/ferme\/?s={search_term_string}"},"query-input":{"@type":"PropertyValueSpecification","valueRequired":true,"valueName":"search_term_string"}}],"inLanguage":"fr-FR"}]}},"_links":{"self":[{"href":"https:\/\/oleonagre.fr\/ferme\/wp-json\/wp\/v2\/pages\/96","targetHints":{"allow":["GET"]}}],"collection":[{"href":"https:\/\/oleonagre.fr\/ferme\/wp-json\/wp\/v2\/pages"}],"about":[{"href":"https:\/\/oleonagre.fr\/ferme\/wp-json\/wp\/v2\/types\/page"}],"author":[{"embeddable":true,"href":"https:\/\/oleonagre.fr\/ferme\/wp-json\/wp\/v2\/users\/1"}],"replies":[{"embeddable":true,"href":"https:\/\/oleonagre.fr\/ferme\/wp-json\/wp\/v2\/comments?post=96"}],"version-history":[{"count":3,"href":"https:\/\/oleonagre.fr\/ferme\/wp-json\/wp\/v2\/pages\/96\/revisions"}],"predecessor-version":[{"id":100,"href":"https:\/\/oleonagre.fr\/ferme\/wp-json\/wp\/v2\/pages\/96\/revisions\/100"}],"wp:attachment":[{"href":"https:\/\/oleonagre.fr\/ferme\/wp-json\/wp\/v2\/media?parent=96"}],"curies":[{"name":"wp","href":"https:\/\/api.w.org\/{rel}","templated":true}]}}